{"id":999,"date":"2022-06-08T17:26:47","date_gmt":"2022-06-08T14:26:47","guid":{"rendered":"https:\/\/bituumensindel24.ee\/?post_type=product&#038;p=999"},"modified":"2024-04-14T10:06:26","modified_gmt":"2024-04-14T07:06:26","slug":"katepal-classic-kl-bituumensindel-pruun","status":"publish","type":"product","link":"https:\/\/bituumensindel24.ee\/fi\/toode\/katepal-classic-kl-bituumensindel-pruun\/","title":{"rendered":"Katepal kattolaata Classik KL ruskea"},"content":{"rendered":"<p>Kotimaiset Katepal-kattolaatat ovat oikea valinta niin uudis- kuin saneerauskohteisiinkin. Laatat on valmistettu SBS-kumibitumista, jonka ominaisuudet ovat huippuluokkaa.<br \/>\nKattolaatat ovat kest\u00e4vi\u00e4, sitkeit\u00e4 ja joustavia. Ne kirjaimellisesti taipuvat kohteeseen kuin kohteeseen. Yhdess\u00e4 aluskatteen kanssa ne muodostavat tiiviin kokonaisuuden. Kattolaatta on hiljainen katevalinta. Se ei ropise sateella, tai pauku tuulella.<br \/>\nClassic KL \u2013 t\u00e4m\u00e4 kattolaattamalli on nimens\u00e4 mukaisesti klassikko. Selke\u00e4linjainen, hunajakennokuvioinen Classic KL sopii modernista kaupunkikohteesta maalaisidyllin keskelle.<\/p>","protected":false},"excerpt":{"rendered":"<ul>\n<li><span class=\"VIiyi\" lang=\"fi\"><span class=\"JLqJ4b ChMk0b\" data-language-for-alternatives=\"fi\" data-language-to-translate-into=\"et\" data-phrase-index=\"0\" data-number-of-phrases=\"13\"><span class=\"Q4iAWc\">Leveys: 1000 mm<\/span><\/span> <\/span><\/li>\n<li><span class=\"VIiyi\" lang=\"fi\"><span class=\"JLqJ4b ChMk0b\" data-language-for-alternatives=\"fi\" data-language-to-translate-into=\"et\" data-phrase-index=\"2\" data-number-of-phrases=\"13\"><span class=\"Q4iAWc\">Korkeus: 317 mm<\/span><\/span> <\/span><\/li>\n<li><span class=\"VIiyi\" lang=\"fi\"><span class=\"JLqJ4b ChMk0b\" data-language-for-alternatives=\"fi\" data-language-to-translate-into=\"et\" data-phrase-index=\"4\" data-number-of-phrases=\"13\"><span class=\"Q4iAWc\">Pakkaus: 22 kpl\/ 3 m2<\/span><\/span> <\/span><\/li>\n<li>Menekki: 7,33 kpl\/ m2<\/li>\n<li><span class=\"VIiyi\" lang=\"fi\"><span class=\"JLqJ4b ChMk0b\" data-language-for-alternatives=\"fi\" data-language-to-translate-into=\"et\" data-phrase-index=\"6\" data-number-of-phrases=\"13\"><span class=\"Q4iAWc\">Paino: 24 kg\/pk<\/span><\/span> <\/span><\/li>\n<li>Lava koko: 36 kpl<\/li>\n<li><span class=\"VIiyi\" lang=\"fi\"><span class=\"JLqJ4b ChMk0b\" data-language-for-alternatives=\"fi\" data-language-to-translate-into=\"et\" data-phrase-index=\"8\" data-number-of-phrases=\"13\"><span class=\"Q4iAWc\"><span dir=\"ltr\" role=\"presentation\">Minimikaltevuus<\/span>: 11 \u00b0<\/span><\/span> <\/span><\/li>\n<li><span class=\"VIiyi\" lang=\"fi\"><span class=\"JLqJ4b ChMk0b\" data-language-for-alternatives=\"fi\" data-language-to-translate-into=\"et\" data-phrase-index=\"10\" data-number-of-phrases=\"13\"><span class=\"Q4iAWc\">aluspinta: <span dir=\"ltr\" role=\"presentation\">Itseliimautuva<\/span><\/span><\/span> <\/span><\/li>\n<li><span class=\"VIiyi\" lang=\"fi\"><span class=\"JLqJ4b ChMk0b\" data-language-for-alternatives=\"fi\" data-language-to-translate-into=\"et\" data-phrase-index=\"12\" data-number-of-phrases=\"13\"><span class=\"Q4iAWc\">Takuu 15 vuotta<\/span><\/span><\/span><\/li>\n<\/ul>\n","protected":false},"featured_media":1000,"comment_status":"closed","ping_status":"closed","template":"","meta":[],"product_brand":[],"product_cat":[187],"product_tag":[192,191,189],"class_list":{"0":"post-999","1":"product","2":"type-product","3":"status-publish","4":"has-post-thumbnail","6":"product_cat-classik-kl-bituumensindel","7":"product_tag-katepal-classic-kl-bituumensindel","8":"product_tag-katepal-classic--","9":"product_tag-katepal-kattolaata-classik-kl","11":"first","12":"onbackorder","13":"sale","14":"taxable","15":"shipping-taxable","16":"purchasable","17":"product-type-simple"},"aioseo_notices":[],"_links":{"self":[{"href":"https:\/\/bituumensindel24.ee\/fi\/wp-json\/wp\/v2\/product\/999","targetHints":{"allow":["GET"]}}],"collection":[{"href":"https:\/\/bituumensindel24.ee\/fi\/wp-json\/wp\/v2\/product"}],"about":[{"href":"https:\/\/bituumensindel24.ee\/fi\/wp-json\/wp\/v2\/types\/product"}],"replies":[{"embeddable":true,"href":"https:\/\/bituumensindel24.ee\/fi\/wp-json\/wp\/v2\/comments?post=999"}],"wp:featuredmedia":[{"embeddable":true,"href":"https:\/\/bituumensindel24.ee\/fi\/wp-json\/wp\/v2\/media\/1000"}],"wp:attachment":[{"href":"https:\/\/bituumensindel24.ee\/fi\/wp-json\/wp\/v2\/media?parent=999"}],"wp:term":[{"taxonomy":"product_brand","embeddable":true,"href":"https:\/\/bituumensindel24.ee\/fi\/wp-json\/wp\/v2\/product_brand?post=999"},{"taxonomy":"product_cat","embeddable":true,"href":"https:\/\/bituumensindel24.ee\/fi\/wp-json\/wp\/v2\/product_cat?post=999"},{"taxonomy":"product_tag","embeddable":true,"href":"https:\/\/bituumensindel24.ee\/fi\/wp-json\/wp\/v2\/product_tag?post=999"}],"curies":[{"name":"wp","href":"https:\/\/api.w.org\/{rel}","templated":true}]}}