{"id":967,"date":"2022-03-27T10:11:11","date_gmt":"2022-03-27T07:11:11","guid":{"rendered":"https:\/\/bituumensindel24.ee\/?post_type=product&#038;p=967"},"modified":"2024-03-25T08:51:20","modified_gmt":"2024-03-25T06:51:20","slug":"pintapolar-tl2-keevitatav-pealiskate-1x8m-tellisepunane","status":"publish","type":"product","link":"https:\/\/bituumensindel24.ee\/fi\/toode\/pintapolar-tl2-keevitatav-pealiskate-1x8m-tellisepunane\/","title":{"rendered":"PintaPolar hitsattava pintakermi 1\u00d78 m tiilenpunainen"},"content":{"rendered":"<p>Kumibituminen PintaPolar hitsattava on monikerroskatteiden pintakermi. Kermi on vahvistettu kumibitumilla kyll\u00e4stetyll\u00e4 polyesteritukikerroksella (170 g\/m\u00b2). Yl\u00e4puolelta kermi on p\u00e4\u00e4llystetty s\u00e4vyllisell\u00e4 sirotteella ja alapuolella on hitsausmassa, jota suojaa out muovikalvo. PintaPolar hitsattavan tuotelaji on K-PS 170\/5000.<\/p>\n<ul>\n<li>Standardit: EN 13707 Bitumiset vedeneristyskermit.<\/li>\n<li>Tuoteluokat: Bitumikermit TL2<\/li>\n<li>Paloluokka: BROOF(t2) (standardi ENV 1187)<\/li>\n<li>K\u00e4ytt\u00f6: Monikerroskatteiden pintakermi<\/li>\n<\/ul>\n<p><\/p>","protected":false},"excerpt":{"rendered":"<div class=\"woocommerce-product-details__short-description\">\n<div class=\"woocommerce-product-details__short-description\">\n<div class=\"woocommerce-product-details__short-description\">\n<p><span id=\"page3R_mcid22\" class=\"markedContent\"><span dir=\"ltr\" role=\"presentation\">Rullakoko<\/span> <span dir=\"ltr\" role=\"presentation\">8 x 1 m (8 m<\/span><span dir=\"ltr\" role=\"presentation\">2<\/span><span dir=\"ltr\" role=\"presentation\">)<\/span><\/span><span id=\"page3R_mcid23\" class=\"markedContent\"><br role=\"presentation\" \/><span dir=\"ltr\" role=\"presentation\">Paksuus<\/span> <span dir=\"ltr\" role=\"presentation\">n. 4 mm<\/span><\/span><span id=\"page3R_mcid24\" class=\"markedContent\"><br role=\"presentation\" \/><span dir=\"ltr\" role=\"presentation\">Rullan paino<\/span> <span dir=\"ltr\" role=\"presentation\">40 kg<\/span><\/span><span id=\"page3R_mcid25\" class=\"markedContent\"><br role=\"presentation\" \/><span dir=\"ltr\" role=\"presentation\">Rll\/lava<\/span> <span dir=\"ltr\" role=\"presentation\">25<\/span><\/span><\/p>\n<p>BMI takuu: 15Y<\/p>\n<\/div>\n<\/div>\n<\/div>\n","protected":false},"featured_media":968,"comment_status":"closed","ping_status":"closed","template":"","meta":[],"product_brand":[],"product_cat":[562,55],"product_tag":[181,182],"class_list":{"0":"post-967","1":"product","2":"type-product","3":"status-publish","4":"has-post-thumbnail","6":"product_cat-icopal-sbs","7":"product_cat-lamekatuse-rullmaterjal","8":"product_tag-pintapolar-keevitatav-pealiskate","9":"product_tag-pintapolar-pintakermi","11":"first","12":"onbackorder","13":"taxable","14":"shipping-taxable","15":"purchasable","16":"product-type-simple"},"aioseo_notices":[],"_links":{"self":[{"href":"https:\/\/bituumensindel24.ee\/fi\/wp-json\/wp\/v2\/product\/967","targetHints":{"allow":["GET"]}}],"collection":[{"href":"https:\/\/bituumensindel24.ee\/fi\/wp-json\/wp\/v2\/product"}],"about":[{"href":"https:\/\/bituumensindel24.ee\/fi\/wp-json\/wp\/v2\/types\/product"}],"replies":[{"embeddable":true,"href":"https:\/\/bituumensindel24.ee\/fi\/wp-json\/wp\/v2\/comments?post=967"}],"wp:featuredmedia":[{"embeddable":true,"href":"https:\/\/bituumensindel24.ee\/fi\/wp-json\/wp\/v2\/media\/968"}],"wp:attachment":[{"href":"https:\/\/bituumensindel24.ee\/fi\/wp-json\/wp\/v2\/media?parent=967"}],"wp:term":[{"taxonomy":"product_brand","embeddable":true,"href":"https:\/\/bituumensindel24.ee\/fi\/wp-json\/wp\/v2\/product_brand?post=967"},{"taxonomy":"product_cat","embeddable":true,"href":"https:\/\/bituumensindel24.ee\/fi\/wp-json\/wp\/v2\/product_cat?post=967"},{"taxonomy":"product_tag","embeddable":true,"href":"https:\/\/bituumensindel24.ee\/fi\/wp-json\/wp\/v2\/product_tag?post=967"}],"curies":[{"name":"wp","href":"https:\/\/api.w.org\/{rel}","templated":true}]}}