{"id":955,"date":"2022-03-27T09:07:03","date_gmt":"2022-03-27T06:07:03","guid":{"rendered":"https:\/\/bituumensindel24.ee\/?post_type=product&#038;p=955"},"modified":"2024-03-25T08:55:14","modified_gmt":"2024-03-25T06:55:14","slug":"monopolar-t-keevitatav-pealiskate-atratsiitmust","status":"publish","type":"product","link":"https:\/\/bituumensindel24.ee\/fi\/toode\/monopolar-t-keevitatav-pealiskate-atratsiitmust\/","title":{"rendered":"MonoPolar-T hitsattava pintakermi 1&#215;7 m antrasiitti"},"content":{"rendered":"<p>Kumibituminen MonoPolar-T on yksikerroskatteiden hitsattava pintakermi. Kermi on vahvistettu kumibitumilla kyll\u00e4stetyll\u00e4 polyesteritukikerroksella (225 g\/m\u00b2). Yl\u00e4puolelta kermionp\u00e4\u00e4llystetty sirotteella ja alapuolellaonhitsausmassa, jota suojaa ohut muovikalvo. MonoPolar-T tuotteen tuotelaji on K-YS 225\/5500.<\/p>\n<p><span role=\"presentation\">Standardit: <\/span><span role=\"presentation\">EN 13707 Bitumiset vedeneristyskermit.<\/span><br role=\"presentation\" \/><span role=\"presentation\">Tuoteluokat: <\/span><span role=\"presentation\">Bitumikermit TL1<\/span><br role=\"presentation\" \/><span role=\"presentation\">K\u00e4ytt\u00f6: <\/span><span role=\"presentation\">Yksikerroskatteiden pintakermi.<\/span><\/p>","protected":false},"excerpt":{"rendered":"<div class=\"woocommerce-product-details__short-description\">\n<p><span dir=\"ltr\" role=\"presentation\">Rullakoko<\/span> <span dir=\"ltr\" role=\"presentation\">7 x 1 m (7 m<\/span><span dir=\"ltr\" role=\"presentation\">2<\/span><span dir=\"ltr\" role=\"presentation\">)<\/span><br role=\"presentation\" \/><span dir=\"ltr\" role=\"presentation\">Paksuus<\/span> <span dir=\"ltr\" role=\"presentation\">n. 4,7 mm<\/span><br role=\"presentation\" \/><span dir=\"ltr\" role=\"presentation\">Rullan paino<\/span> <span dir=\"ltr\" role=\"presentation\">38,5 kg<\/span><br role=\"presentation\" \/><span dir=\"ltr\" role=\"presentation\">Rll\/lava<\/span> <span dir=\"ltr\" role=\"presentation\">25<\/span><\/p>\n<\/div>\n","protected":false},"featured_media":956,"comment_status":"closed","ping_status":"closed","template":"","meta":[],"product_brand":[],"product_cat":[562,55],"product_tag":[179,180],"class_list":{"0":"post-955","1":"product","2":"type-product","3":"status-publish","4":"has-post-thumbnail","6":"product_cat-icopal-sbs","7":"product_cat-lamekatuse-rullmaterjal","8":"product_tag-monopolar-t-pealiskate","9":"product_tag-monopolar-t-pintakermi","11":"first","12":"onbackorder","13":"taxable","14":"shipping-taxable","15":"purchasable","16":"product-type-simple"},"aioseo_notices":[],"_links":{"self":[{"href":"https:\/\/bituumensindel24.ee\/fi\/wp-json\/wp\/v2\/product\/955","targetHints":{"allow":["GET"]}}],"collection":[{"href":"https:\/\/bituumensindel24.ee\/fi\/wp-json\/wp\/v2\/product"}],"about":[{"href":"https:\/\/bituumensindel24.ee\/fi\/wp-json\/wp\/v2\/types\/product"}],"replies":[{"embeddable":true,"href":"https:\/\/bituumensindel24.ee\/fi\/wp-json\/wp\/v2\/comments?post=955"}],"wp:featuredmedia":[{"embeddable":true,"href":"https:\/\/bituumensindel24.ee\/fi\/wp-json\/wp\/v2\/media\/956"}],"wp:attachment":[{"href":"https:\/\/bituumensindel24.ee\/fi\/wp-json\/wp\/v2\/media?parent=955"}],"wp:term":[{"taxonomy":"product_brand","embeddable":true,"href":"https:\/\/bituumensindel24.ee\/fi\/wp-json\/wp\/v2\/product_brand?post=955"},{"taxonomy":"product_cat","embeddable":true,"href":"https:\/\/bituumensindel24.ee\/fi\/wp-json\/wp\/v2\/product_cat?post=955"},{"taxonomy":"product_tag","embeddable":true,"href":"https:\/\/bituumensindel24.ee\/fi\/wp-json\/wp\/v2\/product_tag?post=955"}],"curies":[{"name":"wp","href":"https:\/\/api.w.org\/{rel}","templated":true}]}}