{"id":951,"date":"2022-03-27T08:36:27","date_gmt":"2022-03-27T05:36:27","guid":{"rendered":"https:\/\/bituumensindel24.ee\/?post_type=product&#038;p=951"},"modified":"2024-03-25T08:56:28","modified_gmt":"2024-03-25T06:56:28","slug":"pintapolar-firesmart-tl2-iseliimuv-pealiskate-susihall","status":"publish","type":"product","link":"https:\/\/bituumensindel24.ee\/fi\/toode\/pintapolar-firesmart-tl2-iseliimuv-pealiskate-susihall\/","title":{"rendered":"PintaPolar FireSmart liimattava pintakermi 1x8m hiilenharmaa"},"content":{"rendered":"<p><\/p>\n<div class=\"LeadBlock-module__LeadBlockContentSection--CNvwT\">\n<div class=\"MuiTypography-root-834 Typography-module__Typography--x53ot MuiTypography-body1-836\">\n<p>PintaPolar FireSmart (K-PS 170\/4375) on kumibituminen itseliimautuva monikerroskatteiden pintakermi jolla voidaan toteuttaa esimerkiksi puurakenteisen parvekkeen vedeneristys. Kermi on vahvistettu kumibitumilla kyll\u00e4stetyll\u00e4 polyesteritukikerroksella (170 g\/m\u00b2). Yl\u00e4puolelta kermi on p\u00e4\u00e4llystetty v\u00e4rillisell\u00e4 sirotteella ja alapuolella on liimapinta, jossa on poistettava suojamuovi.<\/p>\n<h3>FireSmart<\/h3>\n<p>BMI-konsernin tuotekehityksen yhten\u00e4 tavoitteena on kehitt\u00e4\u00e4 tuotteita ja menetelmi\u00e4, jotka parantavat vedeneristyst\u00f6iden paloturvallisuutta.<\/p>\n<p>FireSmart-konseptilla vastataan t\u00e4h\u00e4n t\u00e4h\u00e4n tarpeeseen. Konseptiin kuuluu tuotteita, jotka voidaan asentaa ilman perinteisess\u00e4 asennustavassa k\u00e4ytett\u00e4v\u00e4\u00e4 hitsausliekki\u00e4 sek\u00e4 FireSmart-hitsauslaitteet, joilla kermien asentaminen onnistuu ilman avotulta.<\/p>\n<p>FireSmart-hitsauslaitteessa on palokammio, jonka sis\u00e4ll\u00e4 kaasu ja ilma palavat ja laitteesta poistuu vain kuumaa poistokaasua. Poistokaasu l\u00e4mmitt\u00e4\u00e4 kermin hitsauspinnan samalla tavalla kuin perinteinen nestekaasupolttimen liekki, mutta koska poistuva kaasu on hapetonta, liekki\u00e4 ei synny ja palon riski alenee siten selv\u00e4sti.<\/p>\n<\/div>\n<\/div>\n<p><\/p>","protected":false},"excerpt":{"rendered":"<p><span id=\"page3R_mcid18\" class=\"markedContent\"><span dir=\"ltr\" role=\"presentation\">Koko<\/span> <span dir=\"ltr\" role=\"presentation\">8 x 1 m<\/span><\/span><span id=\"page3R_mcid19\" class=\"markedContent\"><br role=\"presentation\" \/><span dir=\"ltr\" role=\"presentation\">Paksuus<\/span> <span dir=\"ltr\" role=\"presentation\">n. 4 mm<\/span><\/span><span id=\"page3R_mcid20\" class=\"markedContent\"><br role=\"presentation\" \/><span dir=\"ltr\" role=\"presentation\">Paino\/rll<\/span> <span dir=\"ltr\" role=\"presentation\">n. 35 kg<\/span><\/span><span id=\"page3R_mcid21\" class=\"markedContent\"><br role=\"presentation\" \/><span dir=\"ltr\" role=\"presentation\">V\u00e4rit<\/span> <span dir=\"ltr\" role=\"presentation\">Hiilenharmaa<\/span><\/span><\/p>\n<p><span id=\"page3R_mcid11\" class=\"markedContent\"><span dir=\"ltr\" role=\"presentation\">T\u00e4ytt\u00e4\u00e4 bitumikermien tuoteluokan TL2 vaatimukset.<\/span><\/span><span id=\"page3R_mcid12\" class=\"markedContent\"><br role=\"presentation\" \/><span dir=\"ltr\" role=\"presentation\">T\u00e4ytt\u00e4\u00e4 standardin EN 13707 vaatimukset.<\/span><\/span><\/p>\n","protected":false},"featured_media":952,"comment_status":"closed","ping_status":"closed","template":"","meta":[],"product_brand":[],"product_cat":[562,55],"product_tag":[177,178],"class_list":{"0":"post-951","1":"product","2":"type-product","3":"status-publish","4":"has-post-thumbnail","6":"product_cat-icopal-sbs","7":"product_cat-lamekatuse-rullmaterjal","8":"product_tag-pintapolar-firesmart-katusekate","9":"product_tag-pintapolar-firesmart-pintakermi","11":"first","12":"onbackorder","13":"taxable","14":"shipping-taxable","15":"purchasable","16":"product-type-simple"},"aioseo_notices":[],"_links":{"self":[{"href":"https:\/\/bituumensindel24.ee\/fi\/wp-json\/wp\/v2\/product\/951","targetHints":{"allow":["GET"]}}],"collection":[{"href":"https:\/\/bituumensindel24.ee\/fi\/wp-json\/wp\/v2\/product"}],"about":[{"href":"https:\/\/bituumensindel24.ee\/fi\/wp-json\/wp\/v2\/types\/product"}],"replies":[{"embeddable":true,"href":"https:\/\/bituumensindel24.ee\/fi\/wp-json\/wp\/v2\/comments?post=951"}],"wp:featuredmedia":[{"embeddable":true,"href":"https:\/\/bituumensindel24.ee\/fi\/wp-json\/wp\/v2\/media\/952"}],"wp:attachment":[{"href":"https:\/\/bituumensindel24.ee\/fi\/wp-json\/wp\/v2\/media?parent=951"}],"wp:term":[{"taxonomy":"product_brand","embeddable":true,"href":"https:\/\/bituumensindel24.ee\/fi\/wp-json\/wp\/v2\/product_brand?post=951"},{"taxonomy":"product_cat","embeddable":true,"href":"https:\/\/bituumensindel24.ee\/fi\/wp-json\/wp\/v2\/product_cat?post=951"},{"taxonomy":"product_tag","embeddable":true,"href":"https:\/\/bituumensindel24.ee\/fi\/wp-json\/wp\/v2\/product_tag?post=951"}],"curies":[{"name":"wp","href":"https:\/\/api.w.org\/{rel}","templated":true}]}}