{"id":949,"date":"2022-03-27T08:15:30","date_gmt":"2022-03-27T05:15:30","guid":{"rendered":"https:\/\/bituumensindel24.ee\/?post_type=product&#038;p=949"},"modified":"2024-04-18T10:15:28","modified_gmt":"2024-04-18T07:15:28","slug":"polartop-noxite-tl2-keevitatav-pealiskate-helehall","status":"publish","type":"product","link":"https:\/\/bituumensindel24.ee\/fi\/toode\/polartop-noxite-tl2-keevitatav-pealiskate-helehall\/","title":{"rendered":"PolarTop Noxite hitsattava pintakermi 1&#215;8 m vaaleanharmaa"},"content":{"rendered":"<p>Ilmaa puhdistavalla Noxite-sirotteella p\u00e4\u00e4llystetty kermi on ekologinen ratkaisu! BMI Icopal on kehitt\u00e4nyt kumibitumikatteille uudenlaisen pintasirotteen, joka paitsi suojaa katetta mekaaniselta kulumiselta, my\u00f6s poistaa ilmasta haitallisia ep\u00e4puhtauksia. Noxite\u00ae-katteet neutraloivat ilmasta liikenteen ja teollisuuden tuottamia haitallisia typenoksidip\u00e4\u00e4st\u00f6j\u00e4 yhdess\u00e4 auringon, tuulen ja sadeveden kanssa. Katteiden ilmaa puhdistava vaikutus perustuu Noxiten sis\u00e4lt\u00e4m\u00e4\u00e4n titaanidioksidiin (TiO2). Kate on v\u00e4rilt\u00e4\u00e4n vaaleanharmaa.<\/p>\n<p>PolarTop Noxite on kauttaaltaan hitsattava monikerroskatteiden pintakermi, joka on\u00a0vahvistettu kumibitumilla kyll\u00e4stetyll\u00e4 polyesteritukikerroksella (170 g\/m\u00b2). Yl\u00e4puolelta kermi on p\u00e4\u00e4llystetty Noxite-sirotteella ja sen alapuolella on hitsausmassa, jota suojaa ohut muovikalvo. PintaPolar hitsattava t\u00e4ytt\u00e4\u00e4 Kattoliiton tuoteluokkavaatimukset TL2.<\/p>","protected":false},"excerpt":{"rendered":"<p><span dir=\"ltr\" role=\"presentation\">K\u00e4ytt\u00f6: <\/span><span dir=\"ltr\" role=\"presentation\">Monikerroskatteiden pintakermi.<\/span><br role=\"presentation\" \/><span dir=\"ltr\" role=\"presentation\">Mitat: <\/span><span dir=\"ltr\" role=\"presentation\">Rullakoko<\/span> <span dir=\"ltr\" role=\"presentation\">8 x 1 m (8 m<\/span><span dir=\"ltr\" role=\"presentation\">2<\/span><span dir=\"ltr\" role=\"presentation\">)<\/span><br role=\"presentation\" \/><span dir=\"ltr\" role=\"presentation\">Paksuus:<\/span> <span dir=\"ltr\" role=\"presentation\">n. 4 mm<\/span><br role=\"presentation\" \/><span dir=\"ltr\" role=\"presentation\">Rullan paino:<\/span> <span dir=\"ltr\" role=\"presentation\">40 kg<\/span><br role=\"presentation\" \/><span dir=\"ltr\" role=\"presentation\">Rll\/lava:<\/span> <span dir=\"ltr\" role=\"presentation\">25 kpl<br \/>\n<\/span><\/p>\n","protected":false},"featured_media":950,"comment_status":"closed","ping_status":"closed","template":"","meta":[],"product_brand":[],"product_cat":[562,55],"product_tag":[175,176],"class_list":{"0":"post-949","1":"product","2":"type-product","3":"status-publish","4":"has-post-thumbnail","6":"product_cat-icopal-sbs","7":"product_cat-lamekatuse-rullmaterjal","8":"product_tag-polartop-noxite","9":"product_tag-polartop-noxite-pintakermi","11":"first","12":"onbackorder","13":"taxable","14":"shipping-taxable","15":"purchasable","16":"product-type-simple"},"aioseo_notices":[],"_links":{"self":[{"href":"https:\/\/bituumensindel24.ee\/fi\/wp-json\/wp\/v2\/product\/949","targetHints":{"allow":["GET"]}}],"collection":[{"href":"https:\/\/bituumensindel24.ee\/fi\/wp-json\/wp\/v2\/product"}],"about":[{"href":"https:\/\/bituumensindel24.ee\/fi\/wp-json\/wp\/v2\/types\/product"}],"replies":[{"embeddable":true,"href":"https:\/\/bituumensindel24.ee\/fi\/wp-json\/wp\/v2\/comments?post=949"}],"wp:featuredmedia":[{"embeddable":true,"href":"https:\/\/bituumensindel24.ee\/fi\/wp-json\/wp\/v2\/media\/950"}],"wp:attachment":[{"href":"https:\/\/bituumensindel24.ee\/fi\/wp-json\/wp\/v2\/media?parent=949"}],"wp:term":[{"taxonomy":"product_brand","embeddable":true,"href":"https:\/\/bituumensindel24.ee\/fi\/wp-json\/wp\/v2\/product_brand?post=949"},{"taxonomy":"product_cat","embeddable":true,"href":"https:\/\/bituumensindel24.ee\/fi\/wp-json\/wp\/v2\/product_cat?post=949"},{"taxonomy":"product_tag","embeddable":true,"href":"https:\/\/bituumensindel24.ee\/fi\/wp-json\/wp\/v2\/product_tag?post=949"}],"curies":[{"name":"wp","href":"https:\/\/api.w.org\/{rel}","templated":true}]}}