{"id":945,"date":"2022-03-26T20:32:24","date_gmt":"2022-03-26T18:32:24","guid":{"rendered":"https:\/\/bituumensindel24.ee\/?post_type=product&#038;p=945"},"modified":"2024-03-25T08:58:03","modified_gmt":"2024-03-25T06:58:03","slug":"laippapolar-aluskate","status":"publish","type":"product","link":"https:\/\/bituumensindel24.ee\/fi\/toode\/laippapolar-aluskate\/","title":{"rendered":"LaippaPolar erikoiskermi"},"content":{"rendered":"<p><span dir=\"ltr\" role=\"presentation\">Kumibituminen LaippaPolar on molemmilta pinnoilta hitsattava l\u00e4pivientien eristyskermi. <\/span><span dir=\"ltr\" role=\"presentation\">Kermi on vahvistettu kumibitumilla kyll\u00e4stetyll\u00e4 lasikuitutukikerroksella (100<\/span> <span dir=\"ltr\" role=\"presentation\">g\/m\u00b2). <\/span><span dir=\"ltr\" role=\"presentation\">Yl\u00e4puolelta kermi p\u00e4\u00e4llystetty harsolla ja alapuolelta hitsausmassalla, jota suojaa ohut <\/span><span dir=\"ltr\" role=\"presentation\">muovikalvo.<\/span><\/p>","protected":false},"excerpt":{"rendered":"<p><span dir=\"ltr\" role=\"presentation\">Rullakoko<\/span> <span dir=\"ltr\" role=\"presentation\">8 x 1 m (8 m<\/span><span dir=\"ltr\" role=\"presentation\">2<\/span><span dir=\"ltr\" role=\"presentation\">)<\/span><br role=\"presentation\" \/><span dir=\"ltr\" role=\"presentation\">Paksuus<\/span> <span dir=\"ltr\" role=\"presentation\">n. 3,2 mm<\/span><br role=\"presentation\" \/><span dir=\"ltr\" role=\"presentation\">Rullan paino<\/span> <span dir=\"ltr\" role=\"presentation\">31,6 kg<\/span><br role=\"presentation\" \/><span dir=\"ltr\" role=\"presentation\">Rll\/lava<\/span> <span dir=\"ltr\" role=\"presentation\">30<\/span><\/p>\n","protected":false},"featured_media":946,"comment_status":"closed","ping_status":"closed","template":"","meta":[],"product_brand":[],"product_cat":[562,52],"product_tag":[171,172],"class_list":{"0":"post-945","1":"product","2":"type-product","3":"status-publish","4":"has-post-thumbnail","6":"product_cat-icopal-sbs","7":"product_cat-aluskate-ja-vuugiliimid","8":"product_tag-laippapolar","9":"product_tag-laippapolar-erikoiskermi","11":"first","12":"onbackorder","13":"taxable","14":"shipping-taxable","15":"purchasable","16":"product-type-simple"},"aioseo_notices":[],"_links":{"self":[{"href":"https:\/\/bituumensindel24.ee\/fi\/wp-json\/wp\/v2\/product\/945","targetHints":{"allow":["GET"]}}],"collection":[{"href":"https:\/\/bituumensindel24.ee\/fi\/wp-json\/wp\/v2\/product"}],"about":[{"href":"https:\/\/bituumensindel24.ee\/fi\/wp-json\/wp\/v2\/types\/product"}],"replies":[{"embeddable":true,"href":"https:\/\/bituumensindel24.ee\/fi\/wp-json\/wp\/v2\/comments?post=945"}],"wp:featuredmedia":[{"embeddable":true,"href":"https:\/\/bituumensindel24.ee\/fi\/wp-json\/wp\/v2\/media\/946"}],"wp:attachment":[{"href":"https:\/\/bituumensindel24.ee\/fi\/wp-json\/wp\/v2\/media?parent=945"}],"wp:term":[{"taxonomy":"product_brand","embeddable":true,"href":"https:\/\/bituumensindel24.ee\/fi\/wp-json\/wp\/v2\/product_brand?post=945"},{"taxonomy":"product_cat","embeddable":true,"href":"https:\/\/bituumensindel24.ee\/fi\/wp-json\/wp\/v2\/product_cat?post=945"},{"taxonomy":"product_tag","embeddable":true,"href":"https:\/\/bituumensindel24.ee\/fi\/wp-json\/wp\/v2\/product_tag?post=945"}],"curies":[{"name":"wp","href":"https:\/\/api.w.org\/{rel}","templated":true}]}}