{"id":943,"date":"2022-03-26T17:54:36","date_gmt":"2022-03-26T15:54:36","guid":{"rendered":"https:\/\/bituumensindel24.ee\/?post_type=product&#038;p=943"},"modified":"2024-04-14T10:04:27","modified_gmt":"2024-04-14T07:04:27","slug":"tarralight-tl3-bh3-aluskate-liimiribaga","status":"publish","type":"product","link":"https:\/\/bituumensindel24.ee\/fi\/toode\/tarralight-tl3-bh3-aluskate-liimiribaga\/","title":{"rendered":"TarraLight tarrareunainen aluskermi 1&#215;10 m"},"content":{"rendered":"<p><\/p>\n<div class=\"LeadBlock-module__LeadBlockContentSection--CNvwT\">\n<div class=\"MuiTypography-root-5204 Typography-module__Typography--x53ot MuiTypography-body1-5206\">\n<p>Kumibitumista valmistetut umpialustalle asennettavat aluskermit ovat kaikkein varmin aluskateratkaisu. Se on pitk\u00e4ik\u00e4inen, joustava ja vesitiivis ratkaisu, johon l\u00e4piviennit saa varmimmin toteutettua. Katto voidaan j\u00e4tt\u00e4\u00e4 talveksi TarraPolar tai TarraLight-aluskermin varaan.<\/p>\n<p>Tarrareunaiset aluskermit voidaan asentaa pysty- tai vaakasuuntaisesti. Ne naulataan kiinni alustaan leve\u00e4kantaisilla kuumasinkityill\u00e4 huopanauloilla, joiden tulee olla riitt\u00e4v\u00e4n pitki\u00e4. P\u00e4\u00e4tysaumoihin ja yksityiskohtiin tarvitaan lis\u00e4ksi Kumibitumiliimaa. Aluskermin menekki: Katon pinta-ala +15 %.<\/p>\n<p>Monikerroskatteiden liimareunainen aluskermi uudella mustalla kitkapinnalla. Kitkapinta parantaa ty\u00f6turvallisuutta varsinkin jyrkill\u00e4 katoilla. Pituus 10 m. Leveys 1 m. Tuoteluokat TL3 \/ BH3 \/ AKK1. 2200g\/m2.<\/p>\n<p>Loivien kattojen bitumikermien tuotetakuu on voimassa, kun tuotetta k\u00e4ytet\u00e4\u00e4n hitsattavien tai liimattavien bitumikermien alla VE-luokitusten mukaisesti. Takuu ei kata tuotteita, joita on k\u00e4ytetty\u00a0aluskermin\u00e4\u00a0mm. kattolaattojen alla.<\/p>\n<\/div>\n<\/div>\n<p><\/p>","protected":false},"excerpt":{"rendered":"<p>\u2022 Leveys: 1 m<br \/>\n\u2022 Pituus: 10 m<br \/>\n\u2022 Paksuus: noin 1,8 mm<br \/>\n\u2022 Paino: 22 kg\/rulla<br \/>\n\u2022 Tuoteluokka: TL3<br \/>\n\u2022 Aluskateluokka: AKK1<br \/>\n\u2022 H\u00f6yrynsulkuluokka: BH3<br \/>\n\u2022 Tukikerros: polyesteritukikerros<br \/>\n\u2022 Kiinnitystapa: naulaus<br \/>\n\u2022 Materiaali: kumibitumia polyesteritukikerroksella<br \/>\n\u2022 K\u00e4ytt\u00f6kohteet: monikerroskatteena, vesih\u00f6yrynsulkuna<\/p>\n","protected":false},"featured_media":944,"comment_status":"closed","ping_status":"closed","template":"","meta":[],"product_brand":[],"product_cat":[560,52],"product_tag":[169,170],"class_list":{"0":"post-943","1":"product","2":"type-product","3":"status-publish","4":"has-post-thumbnail","6":"product_cat-aluskate","7":"product_cat-aluskate-ja-vuugiliimid","8":"product_tag-tarralight-aluskate","9":"product_tag-tarralight-aluskermi","11":"first","12":"onbackorder","13":"sale","14":"taxable","15":"shipping-taxable","16":"purchasable","17":"product-type-simple"},"aioseo_notices":[],"_links":{"self":[{"href":"https:\/\/bituumensindel24.ee\/fi\/wp-json\/wp\/v2\/product\/943","targetHints":{"allow":["GET"]}}],"collection":[{"href":"https:\/\/bituumensindel24.ee\/fi\/wp-json\/wp\/v2\/product"}],"about":[{"href":"https:\/\/bituumensindel24.ee\/fi\/wp-json\/wp\/v2\/types\/product"}],"replies":[{"embeddable":true,"href":"https:\/\/bituumensindel24.ee\/fi\/wp-json\/wp\/v2\/comments?post=943"}],"wp:featuredmedia":[{"embeddable":true,"href":"https:\/\/bituumensindel24.ee\/fi\/wp-json\/wp\/v2\/media\/944"}],"wp:attachment":[{"href":"https:\/\/bituumensindel24.ee\/fi\/wp-json\/wp\/v2\/media?parent=943"}],"wp:term":[{"taxonomy":"product_brand","embeddable":true,"href":"https:\/\/bituumensindel24.ee\/fi\/wp-json\/wp\/v2\/product_brand?post=943"},{"taxonomy":"product_cat","embeddable":true,"href":"https:\/\/bituumensindel24.ee\/fi\/wp-json\/wp\/v2\/product_cat?post=943"},{"taxonomy":"product_tag","embeddable":true,"href":"https:\/\/bituumensindel24.ee\/fi\/wp-json\/wp\/v2\/product_tag?post=943"}],"curies":[{"name":"wp","href":"https:\/\/api.w.org\/{rel}","templated":true}]}}