{"id":941,"date":"2022-03-26T17:24:39","date_gmt":"2022-03-26T15:24:39","guid":{"rendered":"https:\/\/bituumensindel24.ee\/?post_type=product&#038;p=941"},"modified":"2024-04-18T12:13:14","modified_gmt":"2024-04-18T09:13:14","slug":"polar-hits-tl2-bh1-keevitatav-aluskate","status":"publish","type":"product","link":"https:\/\/bituumensindel24.ee\/fi\/toode\/polar-hits-tl2-bh1-keevitatav-aluskate\/","title":{"rendered":"Polar hitsattava aluskermi"},"content":{"rendered":"<p>Kumibituminen Polar hitsattava on monikerroskatteiden aluskermi. Kermi on vahvistettu kumibitumilla kyll\u00e4stetyll\u00e4 polyesteritukikerroksella (170 g\/m\u00b2). Yl\u00e4puolelta kermi on p\u00e4\u00e4llystetty hiekalla ja alapuolella on hitsausmassa, jota suojaa ohut muovikalvo. Polar hitsattavan tuotelaji on K-MS 170\/4000<\/p>","protected":false},"excerpt":{"rendered":"<ul>\n<li>Leveys: 1 m<\/li>\n<li>Pituus: 10 m<\/li>\n<li>Paksuus: noin 3 mm<\/li>\n<li>Paino: 40 kg<\/li>\n<li>Tuoteluokka: TL2<\/li>\n<li>H\u00f6yrynsulkuluokka: BH1<\/li>\n<li>Tukikerros: polyesterikerros<\/li>\n<li>Kiinnitystapa: hitsaus<\/li>\n<li>Materiaali: kumibitumia polyesterikerroksella<\/li>\n<li>K\u00e4ytt\u00f6kohteet: monikerroskatteiden aluskatteena sek\u00e4 h\u00f6yrynsulkukermin\u00e4<\/li>\n<\/ul>\n","protected":false},"featured_media":942,"comment_status":"closed","ping_status":"closed","template":"","meta":[],"product_brand":[],"product_cat":[562,55],"product_tag":[167,168],"class_list":{"0":"post-941","1":"product","2":"type-product","3":"status-publish","4":"has-post-thumbnail","6":"product_cat-icopal-sbs","7":"product_cat-lamekatuse-rullmaterjal","8":"product_tag-polar-hits-aluskate","9":"product_tag-polar-hitsattava","11":"first","12":"onbackorder","13":"taxable","14":"shipping-taxable","15":"purchasable","16":"product-type-simple"},"aioseo_notices":[],"_links":{"self":[{"href":"https:\/\/bituumensindel24.ee\/fi\/wp-json\/wp\/v2\/product\/941","targetHints":{"allow":["GET"]}}],"collection":[{"href":"https:\/\/bituumensindel24.ee\/fi\/wp-json\/wp\/v2\/product"}],"about":[{"href":"https:\/\/bituumensindel24.ee\/fi\/wp-json\/wp\/v2\/types\/product"}],"replies":[{"embeddable":true,"href":"https:\/\/bituumensindel24.ee\/fi\/wp-json\/wp\/v2\/comments?post=941"}],"wp:featuredmedia":[{"embeddable":true,"href":"https:\/\/bituumensindel24.ee\/fi\/wp-json\/wp\/v2\/media\/942"}],"wp:attachment":[{"href":"https:\/\/bituumensindel24.ee\/fi\/wp-json\/wp\/v2\/media?parent=941"}],"wp:term":[{"taxonomy":"product_brand","embeddable":true,"href":"https:\/\/bituumensindel24.ee\/fi\/wp-json\/wp\/v2\/product_brand?post=941"},{"taxonomy":"product_cat","embeddable":true,"href":"https:\/\/bituumensindel24.ee\/fi\/wp-json\/wp\/v2\/product_cat?post=941"},{"taxonomy":"product_tag","embeddable":true,"href":"https:\/\/bituumensindel24.ee\/fi\/wp-json\/wp\/v2\/product_tag?post=941"}],"curies":[{"name":"wp","href":"https:\/\/api.w.org\/{rel}","templated":true}]}}