{"id":938,"date":"2022-03-26T15:26:58","date_gmt":"2022-03-26T13:26:58","guid":{"rendered":"https:\/\/bituumensindel24.ee\/?post_type=product&#038;p=938"},"modified":"2024-04-14T10:04:27","modified_gmt":"2024-04-14T07:04:27","slug":"polar-tl2-bh1-aluskate-liimitav-10m","status":"publish","type":"product","link":"https:\/\/bituumensindel24.ee\/fi\/toode\/polar-tl2-bh1-aluskate-liimitav-10m\/","title":{"rendered":"Polar aluskermi liimattava"},"content":{"rendered":"<p>Kermi on vahvistettu kumibitumilla kyll\u00e4stetyll\u00e4 polyesteritukikerroksella (170 g\/m\u00b2). Yl\u00e4puolelta kermi on p\u00e4\u00e4llystetty hiekalla. K\u00e4ytt\u00f6: monikerroskatteiden aluskermi. Mitat: 10&#215;1 m. Kermin paksuus on n. 3 mm ja paino n.3 0 kg. Pakkaus: Kermit on rullattu paperiseen k\u00e4\u00e4reeseen kartonkisen hylsyn ymp\u00e4rille. Kaikkien rullien sis\u00e4ll\u00e4 ei ole hylsy\u00e4. Kuormalavalle on asetettu 25 rullaa pystyasentoon ja lava on peitetty muovisella suojahupulla. T\u00e4yden lavan paino on n.790 kg. Varastointi: Rullat on kuljetettava ja varastoitava tukevalla alustalla pystyasennossa. Suojattava kuljetuksen ja ulkovarastoinnin ajaksi lialta, kosteudelta ja mekaanisilta vaurioilta. K\u00e4sitelt\u00e4v\u00e4 varoen. Ei saa pinota p\u00e4\u00e4llekk\u00e4in. H\u00e4vitt\u00e4minen: Tuote ei sis\u00e4ll\u00e4 terveydelle haitallisia aineita. K\u00e4yt\u00f6st\u00e4 poistettu tuote on h\u00e4vitett\u00e4v\u00e4 kaatopaikkaj\u00e4tteen\u00e4.<\/p>\n<p>Naulanvarren rep\u00e4isylujuus pituussuunnassa: 230\u00b180N<br \/>\nVetolujuus leveyssuunnassa per 50 mm: 550\u00b1150N<br \/>\nVetolujuus pituussuunnassa per 50 mm: 750\u00b1150N<br \/>\nVedenl\u00e4p\u00e4isyn kest\u00e4vyys: \u2265 300 kPa<br \/>\nLuokittelu: TL2 \/ BH1<br \/>\nMateriaalit: bitumi<br \/>\nKerros: aluskermi<\/p>","protected":false},"excerpt":{"rendered":"<p>Rulla leveys: 1m<br \/>\nRulla pituus: 10m<br \/>\nRulla paino: 30 kg\/kpl<br \/>\nTuotestandardi: AKK1<br \/>\nPalok\u00e4ytt\u00e4ytyminen: Broof(F)<br \/>\nPaloturvallisuusluokka: E<br \/>\nNeli\u00f6paino: 3000g<\/p>\n","protected":false},"featured_media":939,"comment_status":"closed","ping_status":"closed","template":"","meta":[],"product_brand":[],"product_cat":[560,52],"product_tag":[165,166],"class_list":{"0":"post-938","1":"product","2":"type-product","3":"status-publish","4":"has-post-thumbnail","6":"product_cat-aluskate","7":"product_cat-aluskate-ja-vuugiliimid","8":"product_tag-polar-aluskate","9":"product_tag-polar-aluskermi","11":"first","12":"onbackorder","13":"sale","14":"taxable","15":"shipping-taxable","16":"purchasable","17":"product-type-simple"},"aioseo_notices":[],"_links":{"self":[{"href":"https:\/\/bituumensindel24.ee\/fi\/wp-json\/wp\/v2\/product\/938","targetHints":{"allow":["GET"]}}],"collection":[{"href":"https:\/\/bituumensindel24.ee\/fi\/wp-json\/wp\/v2\/product"}],"about":[{"href":"https:\/\/bituumensindel24.ee\/fi\/wp-json\/wp\/v2\/types\/product"}],"replies":[{"embeddable":true,"href":"https:\/\/bituumensindel24.ee\/fi\/wp-json\/wp\/v2\/comments?post=938"}],"wp:featuredmedia":[{"embeddable":true,"href":"https:\/\/bituumensindel24.ee\/fi\/wp-json\/wp\/v2\/media\/939"}],"wp:attachment":[{"href":"https:\/\/bituumensindel24.ee\/fi\/wp-json\/wp\/v2\/media?parent=938"}],"wp:term":[{"taxonomy":"product_brand","embeddable":true,"href":"https:\/\/bituumensindel24.ee\/fi\/wp-json\/wp\/v2\/product_brand?post=938"},{"taxonomy":"product_cat","embeddable":true,"href":"https:\/\/bituumensindel24.ee\/fi\/wp-json\/wp\/v2\/product_cat?post=938"},{"taxonomy":"product_tag","embeddable":true,"href":"https:\/\/bituumensindel24.ee\/fi\/wp-json\/wp\/v2\/product_tag?post=938"}],"curies":[{"name":"wp","href":"https:\/\/api.w.org\/{rel}","templated":true}]}}