{"id":936,"date":"2022-03-26T15:08:07","date_gmt":"2022-03-26T13:08:07","guid":{"rendered":"https:\/\/bituumensindel24.ee\/?post_type=product&#038;p=936"},"modified":"2024-04-14T10:04:27","modified_gmt":"2024-04-14T07:04:27","slug":"tarrapolar-tl2-bh1-aluskate-liimiribaga","status":"publish","type":"product","link":"https:\/\/bituumensindel24.ee\/fi\/toode\/tarrapolar-tl2-bh1-aluskate-liimiribaga\/","title":{"rendered":"Aluskermi TarraPolar TL2\/BH1 tarrareunainen"},"content":{"rendered":"<p><\/p>\n<div class=\"LeadBlock-module__LeadBlockContentSection--CNvwT\">\n<div class=\"MuiTypography-root-834 Typography-module__Typography--x53ot MuiTypography-body1-836\">\n<p>Kumibitumista valmistetut umpialustalle asennettavat aluskermit ovat kaikkein varmin aluskateratkaisu. Se on pitk\u00e4ik\u00e4inen, joustava ja vesitiivis ratkaisu, johon l\u00e4piviennit saa varmimmin toteutettua.<\/p>\n<p>Monikerroskatteiden liimareunainen aluskermi sek\u00e4 h\u00f6yrynsulkukermi.<\/p>\n<p>Kumibituminen tarrareunainen molemmilta puolilta hiekkapintainen polyesterirunkoinen aluskermi. Pituus 10 m. Leveys 1 m. Tuoteluokat TL2 \/ BH1 \/ AKK1. 3000 g\/m\u00b2.<\/p>\n<p>Loivien kattojen bitumikermien tuotetakuu on voimassa, kun tuotetta k\u00e4ytet\u00e4\u00e4n hitsattavien tai liimattavien bitumikermien alla VE-luokitusten mukaisesti. Takuu ei kata tuotteita, joita on k\u00e4ytetty\u00a0aluskermin\u00e4\u00a0mm. kattolaattojen alla.<\/p>\n<\/div>\n<\/div>\n<p><\/p>","protected":false},"excerpt":{"rendered":"<ul>\n<li>Naulanvarren rep\u00e4isylujuus pituussuunnassa: 230 \u00b1 80 N<\/li>\n<li>Vetolujuus leveyssuunnassa per 50 mm: 550 \u00b1 150 N<\/li>\n<li>Vetolujuus pituussuunnassa per 50 mm: 750 \u00b1 150 N<\/li>\n<li>Vedenl\u00e4p\u00e4isyn kest\u00e4vyys: \u2265 300 kPa<\/li>\n<li>Luokittelu: TL2 \/ BH1<\/li>\n<li>Materiaalit: bitumi<\/li>\n<li>Kerros: aluskermi<\/li>\n<li>Rulla leveys: 1m<\/li>\n<li>Rulla pituus: 10m<\/li>\n<li>Rulla paino: 30 kg\/kpl<\/li>\n<li>Minimikaltevuus: (1:10) 5.7 \u00b0<\/li>\n<li>Tuotestandardi: AKK1<\/li>\n<li>Palok\u00e4ytt\u00e4ytyminen: Broof(F)<\/li>\n<li>Paloturvallisuusluokka: E<\/li>\n<li>Neli\u00f6paino: 3000g<\/li>\n<\/ul>\n","protected":false},"featured_media":937,"comment_status":"closed","ping_status":"closed","template":"","meta":[],"product_brand":[],"product_cat":[560,52],"product_tag":[163,162,164],"class_list":{"0":"post-936","1":"product","2":"type-product","3":"status-publish","4":"has-post-thumbnail","6":"product_cat-aluskate","7":"product_cat-aluskate-ja-vuugiliimid","8":"product_tag-tarrapolar","9":"product_tag-tarrapolar-aluskate","10":"product_tag-164","12":"first","13":"onbackorder","14":"sale","15":"taxable","16":"shipping-taxable","17":"purchasable","18":"product-type-simple"},"aioseo_notices":[],"_links":{"self":[{"href":"https:\/\/bituumensindel24.ee\/fi\/wp-json\/wp\/v2\/product\/936","targetHints":{"allow":["GET"]}}],"collection":[{"href":"https:\/\/bituumensindel24.ee\/fi\/wp-json\/wp\/v2\/product"}],"about":[{"href":"https:\/\/bituumensindel24.ee\/fi\/wp-json\/wp\/v2\/types\/product"}],"replies":[{"embeddable":true,"href":"https:\/\/bituumensindel24.ee\/fi\/wp-json\/wp\/v2\/comments?post=936"}],"wp:featuredmedia":[{"embeddable":true,"href":"https:\/\/bituumensindel24.ee\/fi\/wp-json\/wp\/v2\/media\/937"}],"wp:attachment":[{"href":"https:\/\/bituumensindel24.ee\/fi\/wp-json\/wp\/v2\/media?parent=936"}],"wp:term":[{"taxonomy":"product_brand","embeddable":true,"href":"https:\/\/bituumensindel24.ee\/fi\/wp-json\/wp\/v2\/product_brand?post=936"},{"taxonomy":"product_cat","embeddable":true,"href":"https:\/\/bituumensindel24.ee\/fi\/wp-json\/wp\/v2\/product_cat?post=936"},{"taxonomy":"product_tag","embeddable":true,"href":"https:\/\/bituumensindel24.ee\/fi\/wp-json\/wp\/v2\/product_tag?post=936"}],"curies":[{"name":"wp","href":"https:\/\/api.w.org\/{rel}","templated":true}]}}