{"id":927,"date":"2022-03-13T13:54:57","date_gmt":"2022-03-13T11:54:57","guid":{"rendered":"https:\/\/bituumensindel24.ee\/?post_type=product&#038;p=927"},"modified":"2024-04-14T09:53:32","modified_gmt":"2024-04-14T06:53:32","slug":"plano-combi-harja-ja-raastaplaat-tellisepunane","status":"publish","type":"product","link":"https:\/\/bituumensindel24.ee\/fi\/toode\/plano-combi-harja-ja-raastaplaat-tellisepunane\/","title":{"rendered":"Plano Combi Harja ja r\u00e4yst\u00e4slevy savitiilenpunainen"},"content":{"rendered":"<p>Yhdistetty harja- ja r\u00e4yst\u00e4slevy. Paketillisesta saadaan 9,6 m harjaa tai 16 m alar\u00e4yst\u00e4st\u00e4. Harjalla limitet\u00e4\u00e4n ja r\u00e4yst\u00e4\u00e4ll\u00e4 asennetaan puskusaumaan. Alapuolella on liimamassa, jota suojaa asennuksen yhteydess\u00e4 poistettava muovikalvo. Ei suositella taivutettavaksi tippanokaksi, vaan r\u00e4yst\u00e4ille asennetaan r\u00e4yst\u00e4spellit.<\/p>","protected":false},"excerpt":{"rendered":"<div class=\"woocommerce-product-details__short-description\">\n<ul>\n<li>Pituus: 1000mm<\/li>\n<li>Leveys: 250mm<\/li>\n<li>Paksuus: 3mm<\/li>\n<li>Pakkaus: 16 kpl<\/li>\n<li>Menekki: Paketillisesta saadaan 9,6 m harjaa tai 16 m alar\u00e4yst\u00e4st\u00e4<\/li>\n<li>Paino: 17,5 kg\/pk<\/li>\n<li>Bitumin paino: 110-120 g\/m\u00b2<\/li>\n<\/ul>\n<\/div>\n","protected":false},"featured_media":928,"comment_status":"closed","ping_status":"closed","template":"","meta":[],"product_brand":[],"product_cat":[54,367],"product_tag":[161,160,159],"class_list":{"0":"post-927","1":"product","2":"type-product","3":"status-publish","4":"has-post-thumbnail","6":"product_cat-raasta-harjaplaat","7":"product_cat-icopal-harja-raastaplaat","8":"product_tag-plano-combi-harja-ja-raastaplaat","9":"product_tag-plano-combi-harja-ja-raystaslevy","10":"product_tag-159","12":"first","13":"onbackorder","14":"sale","15":"taxable","16":"shipping-taxable","17":"purchasable","18":"product-type-simple"},"aioseo_notices":[],"_links":{"self":[{"href":"https:\/\/bituumensindel24.ee\/fi\/wp-json\/wp\/v2\/product\/927","targetHints":{"allow":["GET"]}}],"collection":[{"href":"https:\/\/bituumensindel24.ee\/fi\/wp-json\/wp\/v2\/product"}],"about":[{"href":"https:\/\/bituumensindel24.ee\/fi\/wp-json\/wp\/v2\/types\/product"}],"replies":[{"embeddable":true,"href":"https:\/\/bituumensindel24.ee\/fi\/wp-json\/wp\/v2\/comments?post=927"}],"wp:featuredmedia":[{"embeddable":true,"href":"https:\/\/bituumensindel24.ee\/fi\/wp-json\/wp\/v2\/media\/928"}],"wp:attachment":[{"href":"https:\/\/bituumensindel24.ee\/fi\/wp-json\/wp\/v2\/media?parent=927"}],"wp:term":[{"taxonomy":"product_brand","embeddable":true,"href":"https:\/\/bituumensindel24.ee\/fi\/wp-json\/wp\/v2\/product_brand?post=927"},{"taxonomy":"product_cat","embeddable":true,"href":"https:\/\/bituumensindel24.ee\/fi\/wp-json\/wp\/v2\/product_cat?post=927"},{"taxonomy":"product_tag","embeddable":true,"href":"https:\/\/bituumensindel24.ee\/fi\/wp-json\/wp\/v2\/product_tag?post=927"}],"curies":[{"name":"wp","href":"https:\/\/api.w.org\/{rel}","templated":true}]}}