{"id":889,"date":"2021-12-02T13:13:46","date_gmt":"2021-12-02T11:13:46","guid":{"rendered":"https:\/\/bituumensindel24.ee\/?post_type=product&#038;p=889"},"modified":"2024-04-14T10:04:27","modified_gmt":"2024-04-14T07:04:27","slug":"flexisteel-light-akk1-akv-poluesterkangal-aluskattekile","status":"publish","type":"product","link":"https:\/\/bituumensindel24.ee\/fi\/toode\/flexisteel-light-akk1-akv-poluesterkangal-aluskattekile\/","title":{"rendered":"Aluskermi Flexisteel Light AKK1\/AKV 1x25m"},"content":{"rendered":"<p><\/p>\n<div class=\"LeadBlock-module__LeadBlockContentSection--2SrLy\">\n<div class=\"MuiTypography-root Typography-module__Typography--2gfZK MuiTypography-body1\">\n<p>Flexisteel Light on kuitukangaspintainen kumibitumialuskermi, joka voidaan asentaa kiinte\u00e4n umpialustan lis\u00e4ksi my\u00f6s vapaasti asennettavana eli roikkuvana aluskatteena sek\u00e4 rakolauta-alustalle. Aluskatetta tulee k\u00e4ytt\u00e4\u00e4 kaikkien ep\u00e4jatkuvien katemateriaalien, kuten ter\u00e4s- ja tiilikatteiden sek\u00e4 bitumikattolaattojen aluskatteena harjakatoilla. Aluskatteen menekki: katon pinta-ala +15%.<\/p>\n<p>Polyesterirunkoinen kumibitumialuskermi, jossa pituussuuntaiset tarrareunat. Aluskatteiden tuoteluokka AKK1 ja AKV. Paino 750 g\/m\u00b2.<\/p>\n<\/div>\n<\/div>\n<p><\/p>","protected":false},"excerpt":{"rendered":"<p>Leveys: 1m<br \/>\nPituus: 24m<br \/>\nPaino: 18,5 kg\/rulla<br \/>\nNeli\u00f6paino: 750g<br \/>\nMinimikaltevuus: (1:4) 14\u00b0, konesaumakatto (1:3) 18,4\u00b0<br \/>\nMateriaali: bitumista ja polyestertukikerroksesta<br \/>\n<span style=\"color: #0000ff;\"><a style=\"color: #0000ff;\" href=\"https:\/\/bituumensindel24.ee\/wp-content\/uploads\/2022\/02\/Flexisteel-Light-asennusohje-vapaasti-asennus-ja-rakoalusta.pdf\" target=\"_blank\" rel=\"noopener\">Flexisteel Light asennusohje<\/a><\/span><\/p>\n","protected":false},"featured_media":890,"comment_status":"closed","ping_status":"closed","template":"","meta":[],"product_brand":[],"product_cat":[560,52],"product_tag":[384,148,383],"class_list":{"0":"post-889","1":"product","2":"type-product","3":"status-publish","4":"has-post-thumbnail","6":"product_cat-aluskate","7":"product_cat-aluskate-ja-vuugiliimid","8":"product_tag-aluskermi-flexisteel-light","9":"product_tag-flexisteel-light-akk1-akv","10":"product_tag-m-flexisteel-light","12":"first","13":"onbackorder","14":"sale","15":"taxable","16":"shipping-taxable","17":"purchasable","18":"product-type-simple"},"aioseo_notices":[],"_links":{"self":[{"href":"https:\/\/bituumensindel24.ee\/fi\/wp-json\/wp\/v2\/product\/889","targetHints":{"allow":["GET"]}}],"collection":[{"href":"https:\/\/bituumensindel24.ee\/fi\/wp-json\/wp\/v2\/product"}],"about":[{"href":"https:\/\/bituumensindel24.ee\/fi\/wp-json\/wp\/v2\/types\/product"}],"replies":[{"embeddable":true,"href":"https:\/\/bituumensindel24.ee\/fi\/wp-json\/wp\/v2\/comments?post=889"}],"wp:featuredmedia":[{"embeddable":true,"href":"https:\/\/bituumensindel24.ee\/fi\/wp-json\/wp\/v2\/media\/890"}],"wp:attachment":[{"href":"https:\/\/bituumensindel24.ee\/fi\/wp-json\/wp\/v2\/media?parent=889"}],"wp:term":[{"taxonomy":"product_brand","embeddable":true,"href":"https:\/\/bituumensindel24.ee\/fi\/wp-json\/wp\/v2\/product_brand?post=889"},{"taxonomy":"product_cat","embeddable":true,"href":"https:\/\/bituumensindel24.ee\/fi\/wp-json\/wp\/v2\/product_cat?post=889"},{"taxonomy":"product_tag","embeddable":true,"href":"https:\/\/bituumensindel24.ee\/fi\/wp-json\/wp\/v2\/product_tag?post=889"}],"curies":[{"name":"wp","href":"https:\/\/api.w.org\/{rel}","templated":true}]}}