{"id":885,"date":"2021-12-02T13:05:02","date_gmt":"2021-12-02T11:05:02","guid":{"rendered":"https:\/\/bituumensindel24.ee\/?post_type=product&#038;p=885"},"modified":"2024-04-14T10:04:27","modified_gmt":"2024-04-14T07:04:27","slug":"felx-plus-akk2-aluskate-1-2x25m","status":"publish","type":"product","link":"https:\/\/bituumensindel24.ee\/fi\/toode\/felx-plus-akk2-aluskate-1-2x25m\/","title":{"rendered":"Aluskermi Fel&#8217;x Plus AKK2 1.2&#215;25 m"},"content":{"rendered":"<p><\/p>\n<div class=\"LeadBlock-module__LeadBlockContentSection--2SrLy\">\n<div class=\"MuiTypography-root Typography-module__Typography--2gfZK MuiTypography-body1\">\n<p>Fel\u2019x Plus on bituminen aluskate. Se valmistetaan SBS-modifioidusta bitumista ja lasikuitutukikerroksesta. Yl\u00e4- ja alapintaan on kiinnitetty polypropeenikuitukangas. Aluskatteen pitkill\u00e4 sivuilla on 80 mm itseliimautuvat reunat, jotka on suojattu irrotettavalla muovikalvolla.<\/p>\n<p>K\u00e4ytt\u00f6- Soveltuu aluskatteeksi bitumikattolaattojen alle, kattokaltevuudelle 1:2-1:5.<\/p>\n<p>Pakkaus- Kermit on rullattu paperiseen k\u00e4\u00e4reeseen kartonkisen hylsyn ymp\u00e4rille. Kuormalavalle on asetettu 24 rullaa pystyasentoon ja lava on peitetty muovisella suojahupulla. T\u00e4yden lavan paino on n. 530 kg.<\/p>\n<p>Varastointi- Rullat on kuljetettava ja varastoitava tukevalla alustalla pystyasennossa. Suojattava kuljetuksen ja ulkovarastoinnin ajaksi lialta, kosteudelta ja mekaanisilta vaurioilta. Pitk\u00e4aikaista ulkovarastointia suorassa auringonvalossa on v\u00e4ltett\u00e4v\u00e4. K\u00e4sitelt\u00e4v\u00e4 varoen. Ei saa pinota p\u00e4\u00e4llekk\u00e4in.<\/p>\n<p>Tuoteluokat- Aluskatteet tuoteluokka AKK2<\/p>\n<\/div>\n<\/div>\n<p><\/p>","protected":false},"excerpt":{"rendered":"<p>Leveys: 1.2m<br \/>\nPituus: 25m<br \/>\nPaino: 24 kg\/rulla<br \/>\nNeli\u00f6paino: 700g<br \/>\nMinimikaltevuus: (1:2-1:5) 27\u00b0<br \/>\nTuotestandardi: AKK2<br \/>\nMateriaali: bitumista ja lasikuitutukikerroksesta<\/p>\n","protected":false},"featured_media":1694,"comment_status":"closed","ping_status":"closed","template":"","meta":[],"product_brand":[],"product_cat":[560,52],"product_tag":[369,146],"class_list":{"0":"post-885","1":"product","2":"type-product","3":"status-publish","4":"has-post-thumbnail","6":"product_cat-aluskate","7":"product_cat-aluskate-ja-vuugiliimid","8":"product_tag-aluskermi-felx-plus-1-2x25-m","9":"product_tag-felx-plus-akk2","11":"first","12":"onbackorder","13":"sale","14":"taxable","15":"shipping-taxable","16":"purchasable","17":"product-type-simple"},"aioseo_notices":[],"_links":{"self":[{"href":"https:\/\/bituumensindel24.ee\/fi\/wp-json\/wp\/v2\/product\/885","targetHints":{"allow":["GET"]}}],"collection":[{"href":"https:\/\/bituumensindel24.ee\/fi\/wp-json\/wp\/v2\/product"}],"about":[{"href":"https:\/\/bituumensindel24.ee\/fi\/wp-json\/wp\/v2\/types\/product"}],"replies":[{"embeddable":true,"href":"https:\/\/bituumensindel24.ee\/fi\/wp-json\/wp\/v2\/comments?post=885"}],"wp:featuredmedia":[{"embeddable":true,"href":"https:\/\/bituumensindel24.ee\/fi\/wp-json\/wp\/v2\/media\/1694"}],"wp:attachment":[{"href":"https:\/\/bituumensindel24.ee\/fi\/wp-json\/wp\/v2\/media?parent=885"}],"wp:term":[{"taxonomy":"product_brand","embeddable":true,"href":"https:\/\/bituumensindel24.ee\/fi\/wp-json\/wp\/v2\/product_brand?post=885"},{"taxonomy":"product_cat","embeddable":true,"href":"https:\/\/bituumensindel24.ee\/fi\/wp-json\/wp\/v2\/product_cat?post=885"},{"taxonomy":"product_tag","embeddable":true,"href":"https:\/\/bituumensindel24.ee\/fi\/wp-json\/wp\/v2\/product_tag?post=885"}],"curies":[{"name":"wp","href":"https:\/\/api.w.org\/{rel}","templated":true}]}}