{"id":769,"date":"2021-04-01T19:24:43","date_gmt":"2021-04-01T16:24:43","guid":{"rendered":"https:\/\/bituumensindel24.ee\/?post_type=product&#038;p=769"},"modified":"2023-12-27T18:13:34","modified_gmt":"2023-12-27T16:13:34","slug":"fastlock-uni-valgusplaadi-valgusplaadi-profileeritud-kuljetihend-1m","status":"publish","type":"product","link":"https:\/\/bituumensindel24.ee\/fi\/toode\/fastlock-uni-valgusplaadi-valgusplaadi-profileeritud-kuljetihend-1m\/","title":{"rendered":"Valokate Fastlock Uni profiloitu sivutiiviste 1m"},"content":{"rendered":"<p>Valokate Fastlock Uni sivutiiviste k\u00e4ytet\u00e4\u00e4n -valokatteen sivusein\u00e4liitoksissa. Asetetaan reunimmaisen putkisauman p\u00e4\u00e4lle.<\/p>","protected":false},"excerpt":{"rendered":"<ul>\n<li>Pituus: 1m<\/li>\n<li>Hy\u00f6typituus 0,90 m<\/li>\n<\/ul>\n","protected":false},"featured_media":844,"comment_status":"closed","ping_status":"closed","template":"","meta":[],"product_brand":[],"product_cat":[56],"product_tag":[139,137,138,110],"class_list":{"0":"post-769","1":"product","2":"type-product","3":"status-publish","4":"has-post-thumbnail","6":"product_cat-terrassikatus","7":"product_tag-fastlock-uni-valgusplaat","8":"product_tag-terrassi-katus","9":"product_tag-valgusplaat","10":"product_tag-valokate-tiiviste","12":"first","13":"instock","14":"sale","15":"taxable","16":"shipping-taxable","17":"purchasable","18":"product-type-simple"},"aioseo_notices":[],"_links":{"self":[{"href":"https:\/\/bituumensindel24.ee\/fi\/wp-json\/wp\/v2\/product\/769","targetHints":{"allow":["GET"]}}],"collection":[{"href":"https:\/\/bituumensindel24.ee\/fi\/wp-json\/wp\/v2\/product"}],"about":[{"href":"https:\/\/bituumensindel24.ee\/fi\/wp-json\/wp\/v2\/types\/product"}],"replies":[{"embeddable":true,"href":"https:\/\/bituumensindel24.ee\/fi\/wp-json\/wp\/v2\/comments?post=769"}],"wp:featuredmedia":[{"embeddable":true,"href":"https:\/\/bituumensindel24.ee\/fi\/wp-json\/wp\/v2\/media\/844"}],"wp:attachment":[{"href":"https:\/\/bituumensindel24.ee\/fi\/wp-json\/wp\/v2\/media?parent=769"}],"wp:term":[{"taxonomy":"product_brand","embeddable":true,"href":"https:\/\/bituumensindel24.ee\/fi\/wp-json\/wp\/v2\/product_brand?post=769"},{"taxonomy":"product_cat","embeddable":true,"href":"https:\/\/bituumensindel24.ee\/fi\/wp-json\/wp\/v2\/product_cat?post=769"},{"taxonomy":"product_tag","embeddable":true,"href":"https:\/\/bituumensindel24.ee\/fi\/wp-json\/wp\/v2\/product_tag?post=769"}],"curies":[{"name":"wp","href":"https:\/\/api.w.org\/{rel}","templated":true}]}}