{"id":768,"date":"2021-04-01T19:24:42","date_gmt":"2021-04-01T16:24:42","guid":{"rendered":"https:\/\/bituumensindel24.ee\/?post_type=product&#038;p=768"},"modified":"2023-12-27T18:13:35","modified_gmt":"2023-12-27T16:13:35","slug":"valgusplaadi-kinnitusklamber-fastlock-alumine","status":"publish","type":"product","link":"https:\/\/bituumensindel24.ee\/fi\/toode\/valgusplaadi-kinnitusklamber-fastlock-alumine\/","title":{"rendered":"Valokate etumuovikiinnike Fastlock 100 kpl \/ pss"},"content":{"rendered":"<p>Etumuovikiinnike Fastlock valokatteen kiinnitt\u00e4miseen puuruoteeseen. Asennetaan alhaaltap\u00e4in, kiinnitys ruoteen sivuun. Etumuovikkeen sijaan suositellaan muovikiinnikett\u00e4 mik\u00e4li levyt ovat pitki\u00e4 tai katto on kaareva.<\/p>","protected":false},"excerpt":{"rendered":"<ul>\n<li>Muoviosan pituus 2 cm<\/li>\n<li>Ruuvin pituus 3,5 x 50 mm<\/li>\n<li>Materiaali: Polykarbonaatti<\/li>\n<li>Menekki: n. 10 kpl\/m\u00b2<\/li>\n<li>Koko: 100 kpl\/pss sis. ruuvit<\/li>\n<li>V\u00e4ri: Kirkas<\/li>\n<\/ul>\n","protected":false},"featured_media":853,"comment_status":"closed","ping_status":"closed","template":"","meta":[],"product_brand":[],"product_cat":[56],"product_tag":[112,141,107,109],"class_list":{"0":"post-768","1":"product","2":"type-product","3":"status-publish","4":"has-post-thumbnail","6":"product_cat-terrassikatus","7":"product_tag-etumuovikiinnike-fastlock","8":"product_tag-valgusplaadi-kinnitusklamber","9":"product_tag-valokate-kiinnikke","10":"product_tag-valokate-kiinnikkeet","12":"first","13":"instock","14":"sale","15":"taxable","16":"shipping-taxable","17":"purchasable","18":"product-type-simple"},"aioseo_notices":[],"_links":{"self":[{"href":"https:\/\/bituumensindel24.ee\/fi\/wp-json\/wp\/v2\/product\/768","targetHints":{"allow":["GET"]}}],"collection":[{"href":"https:\/\/bituumensindel24.ee\/fi\/wp-json\/wp\/v2\/product"}],"about":[{"href":"https:\/\/bituumensindel24.ee\/fi\/wp-json\/wp\/v2\/types\/product"}],"replies":[{"embeddable":true,"href":"https:\/\/bituumensindel24.ee\/fi\/wp-json\/wp\/v2\/comments?post=768"}],"wp:featuredmedia":[{"embeddable":true,"href":"https:\/\/bituumensindel24.ee\/fi\/wp-json\/wp\/v2\/media\/853"}],"wp:attachment":[{"href":"https:\/\/bituumensindel24.ee\/fi\/wp-json\/wp\/v2\/media?parent=768"}],"wp:term":[{"taxonomy":"product_brand","embeddable":true,"href":"https:\/\/bituumensindel24.ee\/fi\/wp-json\/wp\/v2\/product_brand?post=768"},{"taxonomy":"product_cat","embeddable":true,"href":"https:\/\/bituumensindel24.ee\/fi\/wp-json\/wp\/v2\/product_cat?post=768"},{"taxonomy":"product_tag","embeddable":true,"href":"https:\/\/bituumensindel24.ee\/fi\/wp-json\/wp\/v2\/product_tag?post=768"}],"curies":[{"name":"wp","href":"https:\/\/api.w.org\/{rel}","templated":true}]}}