{"id":766,"date":"2021-04-01T19:24:42","date_gmt":"2021-04-01T16:24:42","guid":{"rendered":"https:\/\/bituumensindel24.ee\/?post_type=product&#038;p=766"},"modified":"2023-12-27T18:13:34","modified_gmt":"2023-12-27T16:13:34","slug":"valgusplaadi-fastlock-uni-tihend-1-m-alumine","status":"publish","type":"product","link":"https:\/\/bituumensindel24.ee\/fi\/toode\/valgusplaadi-fastlock-uni-tihend-1-m-alumine\/","title":{"rendered":"Valokate ruodetiiviste alapuolelle 1 m"},"content":{"rendered":"<p>Tiiviste sein\u00e4liitoksiin ja harjalle. Asennetaan ruoteen p\u00e4\u00e4lle ennen valokatteen asennusta.<\/p>","protected":false},"excerpt":{"rendered":"<p>Pituus: 1m<\/p>\n<p>Pakkuskoko: 50 kpl\/ltk<\/p>\n","protected":false},"featured_media":850,"comment_status":"closed","ping_status":"closed","template":"","meta":[],"product_brand":[],"product_cat":[56],"product_tag":[143,110],"class_list":{"0":"post-766","1":"product","2":"type-product","3":"status-publish","4":"has-post-thumbnail","6":"product_cat-terrassikatus","7":"product_tag-valgusplaadi-alumine-tihend","8":"product_tag-valokate-tiiviste","10":"first","11":"instock","12":"sale","13":"taxable","14":"shipping-taxable","15":"purchasable","16":"product-type-simple"},"aioseo_notices":[],"_links":{"self":[{"href":"https:\/\/bituumensindel24.ee\/fi\/wp-json\/wp\/v2\/product\/766","targetHints":{"allow":["GET"]}}],"collection":[{"href":"https:\/\/bituumensindel24.ee\/fi\/wp-json\/wp\/v2\/product"}],"about":[{"href":"https:\/\/bituumensindel24.ee\/fi\/wp-json\/wp\/v2\/types\/product"}],"replies":[{"embeddable":true,"href":"https:\/\/bituumensindel24.ee\/fi\/wp-json\/wp\/v2\/comments?post=766"}],"wp:featuredmedia":[{"embeddable":true,"href":"https:\/\/bituumensindel24.ee\/fi\/wp-json\/wp\/v2\/media\/850"}],"wp:attachment":[{"href":"https:\/\/bituumensindel24.ee\/fi\/wp-json\/wp\/v2\/media?parent=766"}],"wp:term":[{"taxonomy":"product_brand","embeddable":true,"href":"https:\/\/bituumensindel24.ee\/fi\/wp-json\/wp\/v2\/product_brand?post=766"},{"taxonomy":"product_cat","embeddable":true,"href":"https:\/\/bituumensindel24.ee\/fi\/wp-json\/wp\/v2\/product_cat?post=766"},{"taxonomy":"product_tag","embeddable":true,"href":"https:\/\/bituumensindel24.ee\/fi\/wp-json\/wp\/v2\/product_tag?post=766"}],"curies":[{"name":"wp","href":"https:\/\/api.w.org\/{rel}","templated":true}]}}