{"id":764,"date":"2021-04-01T19:24:42","date_gmt":"2021-04-01T16:24:42","guid":{"rendered":"https:\/\/bituumensindel24.ee\/?post_type=product&#038;p=764"},"modified":"2023-12-27T18:13:34","modified_gmt":"2023-12-27T16:13:34","slug":"valgusplaadi-serva-kinnitusklamber","status":"publish","type":"product","link":"https:\/\/bituumensindel24.ee\/fi\/toode\/valgusplaadi-serva-kinnitusklamber\/","title":{"rendered":"Valokate sivukiinnike 10 kpl"},"content":{"rendered":"<p>Valokate sivukiinnike kiinnitet\u00e4\u00e4n ruoteen p\u00e4\u00e4tyyn.<\/p>","protected":false},"excerpt":{"rendered":"<ul>\n<li>Koko: 10 kpl \/ pss.<\/li>\n<li>Naulan pituus 25 mm<\/li>\n<li>Sivukiinnikkeen pituus 7 cm<\/li>\n<li>Menekki n. 1 kpl\/60 cm.<\/li>\n<\/ul>\n","protected":false},"featured_media":849,"comment_status":"closed","ping_status":"closed","template":"","meta":[],"product_brand":[],"product_cat":[56],"product_tag":[142,108,109],"class_list":{"0":"post-764","1":"product","2":"type-product","3":"status-publish","4":"has-post-thumbnail","6":"product_cat-terrassikatus","7":"product_tag-servakinnituse-kinnitusklamber","8":"product_tag-sivukiinnikke","9":"product_tag-valokate-kiinnikkeet","11":"first","12":"instock","13":"sale","14":"taxable","15":"shipping-taxable","16":"purchasable","17":"product-type-simple"},"aioseo_notices":[],"_links":{"self":[{"href":"https:\/\/bituumensindel24.ee\/fi\/wp-json\/wp\/v2\/product\/764","targetHints":{"allow":["GET"]}}],"collection":[{"href":"https:\/\/bituumensindel24.ee\/fi\/wp-json\/wp\/v2\/product"}],"about":[{"href":"https:\/\/bituumensindel24.ee\/fi\/wp-json\/wp\/v2\/types\/product"}],"replies":[{"embeddable":true,"href":"https:\/\/bituumensindel24.ee\/fi\/wp-json\/wp\/v2\/comments?post=764"}],"wp:featuredmedia":[{"embeddable":true,"href":"https:\/\/bituumensindel24.ee\/fi\/wp-json\/wp\/v2\/media\/849"}],"wp:attachment":[{"href":"https:\/\/bituumensindel24.ee\/fi\/wp-json\/wp\/v2\/media?parent=764"}],"wp:term":[{"taxonomy":"product_brand","embeddable":true,"href":"https:\/\/bituumensindel24.ee\/fi\/wp-json\/wp\/v2\/product_brand?post=764"},{"taxonomy":"product_cat","embeddable":true,"href":"https:\/\/bituumensindel24.ee\/fi\/wp-json\/wp\/v2\/product_cat?post=764"},{"taxonomy":"product_tag","embeddable":true,"href":"https:\/\/bituumensindel24.ee\/fi\/wp-json\/wp\/v2\/product_tag?post=764"}],"curies":[{"name":"wp","href":"https:\/\/api.w.org\/{rel}","templated":true}]}}