{"id":715,"date":"2021-04-01T19:24:27","date_gmt":"2021-04-01T16:24:27","guid":{"rendered":"https:\/\/bituumensindel24.ee\/?post_type=product&#038;p=715"},"modified":"2023-12-27T18:13:35","modified_gmt":"2023-12-27T16:13:35","slug":"valgusplaat-fastlock-uni-6m","status":"publish","type":"product","link":"https:\/\/bituumensindel24.ee\/fi\/toode\/valgusplaat-fastlock-uni-6m\/","title":{"rendered":"Valokate Fastlock Uni 6m"},"content":{"rendered":"<p>Fastlock Uni -valokatteen putkisaumojen ansiosta kiinnityksess\u00e4 ei tehd\u00e4 l\u00e4pireiki\u00e4, joten kate on tiivis. Materiaali on UV-suojattua polykarbonaattia ja s\u00e4ilytt\u00e4\u00e4 kirkkautensa vuosia pitemp\u00e4\u00e4n kuin perinteiset valokatteet. Soveltuu koti-, m\u00f6kkija liikerakentamiseen, my\u00f6s kaareviin katoksiin.<\/p>\n<p>Varastopituuksien lis\u00e4ksi levyj\u00e4 voidaan toimittaa m\u00e4\u00e4r\u00e4mittaisena, mutta niit\u00e4 voi lyhent\u00e4\u00e4 itsekin.<\/p>\n<p>Valonl\u00e4p\u00e4isy n. 72 %.<\/p>","protected":false},"excerpt":{"rendered":"<div class=\"woocommerce-product-details__short-description\">\n<ul>\n<li>Pituus: 6000mm<\/li>\n<li>Leveys: 200mm<\/li>\n<li>Korkeus: 22mm<\/li>\n<li>Hy\u00f6tyleveys: 200mm<\/li>\n<li><span class=\"VIiyi\" lang=\"fi\"><span class=\"JLqJ4b ChMk0b\" data-language-for-alternatives=\"fi\" data-language-to-translate-into=\"et\" data-phrase-index=\"2\">Paino: 2,28 kg \/kpl.\u00a0 13,68 kg\/pakkaus<\/span><\/span><\/li>\n<li>V\u00e4ri: kirkas<\/li>\n<li>Takuu: 10y<\/li>\n<\/ul>\n<\/div>\n","protected":false},"featured_media":863,"comment_status":"closed","ping_status":"closed","template":"","meta":[],"product_brand":[],"product_cat":[56],"product_tag":[103,137,138,104,105],"class_list":{"0":"post-715","1":"product","2":"type-product","3":"status-publish","4":"has-post-thumbnail","6":"product_cat-terrassikatus","7":"product_tag-icopal-valokate","8":"product_tag-terrassi-katus","9":"product_tag-valgusplaat","10":"product_tag-valokate","11":"product_tag-valokate-icopal-fastlock-uni","13":"first","14":"instock","15":"sale","16":"taxable","17":"shipping-taxable","18":"purchasable","19":"product-type-simple"},"aioseo_notices":[],"_links":{"self":[{"href":"https:\/\/bituumensindel24.ee\/fi\/wp-json\/wp\/v2\/product\/715","targetHints":{"allow":["GET"]}}],"collection":[{"href":"https:\/\/bituumensindel24.ee\/fi\/wp-json\/wp\/v2\/product"}],"about":[{"href":"https:\/\/bituumensindel24.ee\/fi\/wp-json\/wp\/v2\/types\/product"}],"replies":[{"embeddable":true,"href":"https:\/\/bituumensindel24.ee\/fi\/wp-json\/wp\/v2\/comments?post=715"}],"wp:featuredmedia":[{"embeddable":true,"href":"https:\/\/bituumensindel24.ee\/fi\/wp-json\/wp\/v2\/media\/863"}],"wp:attachment":[{"href":"https:\/\/bituumensindel24.ee\/fi\/wp-json\/wp\/v2\/media?parent=715"}],"wp:term":[{"taxonomy":"product_brand","embeddable":true,"href":"https:\/\/bituumensindel24.ee\/fi\/wp-json\/wp\/v2\/product_brand?post=715"},{"taxonomy":"product_cat","embeddable":true,"href":"https:\/\/bituumensindel24.ee\/fi\/wp-json\/wp\/v2\/product_cat?post=715"},{"taxonomy":"product_tag","embeddable":true,"href":"https:\/\/bituumensindel24.ee\/fi\/wp-json\/wp\/v2\/product_tag?post=715"}],"curies":[{"name":"wp","href":"https:\/\/api.w.org\/{rel}","templated":true}]}}