{"id":710,"date":"2021-04-01T19:24:27","date_gmt":"2021-04-01T16:24:27","guid":{"rendered":"https:\/\/bituumensindel24.ee\/?post_type=product&#038;p=710"},"modified":"2024-04-14T10:02:53","modified_gmt":"2024-04-14T07:02:53","slug":"quickseal-2-5-l-tihendusliim","status":"publish","type":"product","link":"https:\/\/bituumensindel24.ee\/fi\/toode\/quickseal-2-5-l-tihendusliim\/","title":{"rendered":"QuickSeal 2,5 L tiivistysmassa"},"content":{"rendered":"<p><\/p>\n<div class=\"pdp-description__text\">\n<p>K\u00e4ytt\u00f6valmis tiivistysmassa kivi-, betoni-, puu-, metalli- ja bitumikermipinnoille. Pakkauksessa mukana vahvikekangas ja sivellin levitykseen.\u00a0QuickSeal -massaa k\u00e4ytet\u00e4\u00e4n l\u00e4pivientien ja yksityiskohtien tiivist\u00e4miseen katoilla. Tuote soveltuu my\u00f6s erilaisiin korjauksiin.<\/p>\n<p>Levityksen ja kuivumisen aikana QuickSeal ei sied\u00e4 vesisadetta. Pintakuiva 2-4 h, t\u00e4ysin kuiva 48 h (20 C\u00b0). Menekki 3 kg\/m\u00b2. K\u00e4ytt\u00f6l\u00e4mp\u00f6tila 0 \u2013 +45 \u00b0C. Piipun tiivistyksess\u00e4 astia\/piippu.<\/p>\n<p>Katon tulee olla puhdas ja kuiva. K\u00e4sitelt\u00e4v\u00e4 alue rajataan teipill\u00e4. Massa levitet\u00e4\u00e4n kahdessa kerroksessa, joiden v\u00e4liss\u00e4 k\u00e4ytet\u00e4\u00e4n vahvikekangasta. Voidaan p\u00e4\u00e4llyst\u00e4\u00e4 sirotteella tai kermill\u00e4.<\/p>\n<p>Astiakoko: 4 kg \/ 2,5 l + kangas 0,3 x 6 m.<\/p>\n<p>S\u00e4ilytett\u00e4v\u00e4 kuivassa ja viile\u00e4ss\u00e4. Tuote ei saa j\u00e4\u00e4ty\u00e4.<\/p>\n<\/div>\n<p><\/p>","protected":false},"excerpt":{"rendered":"<ul>\n<li>Astiakoko: 4 kg\/2,5 l + kangas 0,3 x 6 m.<\/li>\n<li>Menekki 3 kg\/m\u00b2.<\/li>\n<li>K\u00e4ytt\u00f6l\u00e4mp\u00f6tila 0 \u2013 +45 \u00b0C.<\/li>\n<li>Pintakuiva 2-4 h, t\u00e4ysin kuiva 48 h (20 C\u00b0).<\/li>\n<li>Paino: 4,2 kg<\/li>\n<li>V\u00e4ri: musta<\/li>\n<\/ul>\n<p>&nbsp;<\/p>\n","protected":false},"featured_media":790,"comment_status":"closed","ping_status":"closed","template":"","meta":[],"product_brand":[],"product_cat":[559,52],"product_tag":[99,100,101],"class_list":{"0":"post-710","1":"product","2":"type-product","3":"status-publish","4":"has-post-thumbnail","6":"product_cat-katuseliim","7":"product_cat-aluskate-ja-vuugiliimid","8":"product_tag-quickseal","9":"product_tag-quickseal-2","10":"product_tag-tiivistysmassa-quickseal-2","12":"first","13":"outofstock","14":"sale","15":"taxable","16":"shipping-taxable","17":"purchasable","18":"product-type-simple"},"aioseo_notices":[],"_links":{"self":[{"href":"https:\/\/bituumensindel24.ee\/fi\/wp-json\/wp\/v2\/product\/710","targetHints":{"allow":["GET"]}}],"collection":[{"href":"https:\/\/bituumensindel24.ee\/fi\/wp-json\/wp\/v2\/product"}],"about":[{"href":"https:\/\/bituumensindel24.ee\/fi\/wp-json\/wp\/v2\/types\/product"}],"replies":[{"embeddable":true,"href":"https:\/\/bituumensindel24.ee\/fi\/wp-json\/wp\/v2\/comments?post=710"}],"wp:featuredmedia":[{"embeddable":true,"href":"https:\/\/bituumensindel24.ee\/fi\/wp-json\/wp\/v2\/media\/790"}],"wp:attachment":[{"href":"https:\/\/bituumensindel24.ee\/fi\/wp-json\/wp\/v2\/media?parent=710"}],"wp:term":[{"taxonomy":"product_brand","embeddable":true,"href":"https:\/\/bituumensindel24.ee\/fi\/wp-json\/wp\/v2\/product_brand?post=710"},{"taxonomy":"product_cat","embeddable":true,"href":"https:\/\/bituumensindel24.ee\/fi\/wp-json\/wp\/v2\/product_cat?post=710"},{"taxonomy":"product_tag","embeddable":true,"href":"https:\/\/bituumensindel24.ee\/fi\/wp-json\/wp\/v2\/product_tag?post=710"}],"curies":[{"name":"wp","href":"https:\/\/api.w.org\/{rel}","templated":true}]}}