{"id":709,"date":"2021-04-01T19:24:27","date_gmt":"2021-04-01T16:24:27","guid":{"rendered":"https:\/\/bituumensindel24.ee\/?post_type=product&#038;p=709"},"modified":"2026-04-07T13:32:43","modified_gmt":"2026-04-07T10:32:43","slug":"kumibitumiliima-icopal-03-l","status":"publish","type":"product","link":"https:\/\/bituumensindel24.ee\/fi\/toode\/kumibitumiliima-icopal-03-l\/","title":{"rendered":"Kumibitumiliima Icopal 0,3 L"},"content":{"rendered":"<p><\/p>\n<div id=\"tab-description\" class=\"woocommerce-Tabs-panel woocommerce-Tabs-panel--description panel entry-content wc-tab\">\n<div class=\"wc-tab-inner \">\n<div class=\"\">\n<div class=\"pdp-description__text\">\n<div class=\"pdp-description__text\">\n<p>Elastinen kumibitumiliima ja saumamassa. Bitumikermien liimaamiseen. Vanhojen kermikattojen korjaukseen, tiili- ja mineriittikattojen tiivist\u00e4miseen sek\u00e4 asfaltti- ja bitumipohjaisten materiaalien saumaukseen.<\/p>\n<p>Kest\u00e4\u00e4 liikett\u00e4 +\/- 7,5 % ja l\u00e4mp\u00f6tiloja -20 \u00b0C \u2013 +90 \u00b0C. K\u00e4ytt\u00f6l\u00e4mp\u00f6tila +0 \u00b0C \u2013 +50 \u00b0C. P\u00f6lykuiva noin 15 min. Kuivumisaika n. 8 vrk. Maalattavissa akryylilateksilla.\u00a0Menekki: R\u00e4yst\u00e4skiinnityksiss\u00e4 noin 5 jm\/tuubi.<\/p>\n<p>Pintojen tulee olla puhtaat ja kuivat. Levitet\u00e4\u00e4n patruunapuristimella. Tasoitetaan veteen kastetulla lastalla. Ty\u00f6v\u00e4lineiden puhdistamiseen soveltuu mineraalit\u00e4rp\u00e4tti.<\/p>\n<p>Varastointi sis\u00e4tiloissa. V\u00e4ri musta.<\/p>\n<\/div>\n<\/div>\n<\/div>\n<\/div>\n<\/div>\n<p><\/p>","protected":false},"excerpt":{"rendered":"<div class=\"woocommerce-product-details__short-description\">\n<ul>\n<li>Tuubi: 0,3 L<\/li>\n<li>Menekki: R\u00e4yst\u00e4skiinnityksiss\u00e4 noin 5 jm\/tuubi<\/li>\n<li>Kuivumisaika: P\u00f6lykuiva noin 15 min<\/li>\n<li>Kuivumisaika n. 8 vrk. Maalattavissa<\/li>\n<li>K\u00e4ytt\u00f6l\u00e4mp\u00f6tila +0 \u00b0C \u2013 +50<\/li>\n<\/ul>\n<\/div>\n","protected":false},"featured_media":788,"comment_status":"closed","ping_status":"closed","template":"","meta":[],"product_brand":[],"product_cat":[559,52],"product_tag":[95,120,121],"class_list":{"0":"post-709","1":"product","2":"type-product","3":"status-publish","4":"has-post-thumbnail","6":"product_cat-katuseliim","7":"product_cat-aluskate-ja-vuugiliimid","8":"product_tag-kumibitumiliima","9":"product_tag-kummibituumenliim","10":"product_tag-121","12":"first","13":"onbackorder","14":"sale","15":"taxable","16":"shipping-taxable","17":"purchasable","18":"product-type-simple"},"aioseo_notices":[],"_links":{"self":[{"href":"https:\/\/bituumensindel24.ee\/fi\/wp-json\/wp\/v2\/product\/709","targetHints":{"allow":["GET"]}}],"collection":[{"href":"https:\/\/bituumensindel24.ee\/fi\/wp-json\/wp\/v2\/product"}],"about":[{"href":"https:\/\/bituumensindel24.ee\/fi\/wp-json\/wp\/v2\/types\/product"}],"replies":[{"embeddable":true,"href":"https:\/\/bituumensindel24.ee\/fi\/wp-json\/wp\/v2\/comments?post=709"}],"wp:featuredmedia":[{"embeddable":true,"href":"https:\/\/bituumensindel24.ee\/fi\/wp-json\/wp\/v2\/media\/788"}],"wp:attachment":[{"href":"https:\/\/bituumensindel24.ee\/fi\/wp-json\/wp\/v2\/media?parent=709"}],"wp:term":[{"taxonomy":"product_brand","embeddable":true,"href":"https:\/\/bituumensindel24.ee\/fi\/wp-json\/wp\/v2\/product_brand?post=709"},{"taxonomy":"product_cat","embeddable":true,"href":"https:\/\/bituumensindel24.ee\/fi\/wp-json\/wp\/v2\/product_cat?post=709"},{"taxonomy":"product_tag","embeddable":true,"href":"https:\/\/bituumensindel24.ee\/fi\/wp-json\/wp\/v2\/product_tag?post=709"}],"curies":[{"name":"wp","href":"https:\/\/api.w.org\/{rel}","templated":true}]}}