{"id":707,"date":"2021-04-01T19:24:27","date_gmt":"2021-04-01T16:24:27","guid":{"rendered":"https:\/\/bituumensindel24.ee\/?post_type=product&#038;p=707"},"modified":"2026-04-07T13:32:43","modified_gmt":"2026-04-07T10:32:43","slug":"vuugiliim-icopal-10-l","status":"publish","type":"product","link":"https:\/\/bituumensindel24.ee\/fi\/toode\/vuugiliim-icopal-10-l\/","title":{"rendered":"Saumaliima Icopal 10 L"},"content":{"rendered":"<p>Icopal Saumaliima on tarkoitettu tiivissauma-, kolmiorima- ja kattolaattojen limiliitosten liimaamiseen sek\u00e4 kermi- ja peltikattojen tiivist\u00e4miseen. Liima levitet\u00e4\u00e4n lastalla.<\/p>\n<div class=\"pdp-description__text\">\n<p>K\u00e4sitelt\u00e4v\u00e4n pinnan on oltava puhdas ja kuiva. Ty\u00f6v\u00e4lineiden puhdistamiseen soveltuu mineraalit\u00e4rp\u00e4tti.<\/p>\n<p>Varastoitava pystyasennossa sis\u00e4tiloissa.<\/p>\n<\/div>\n<p>Bitumipohjainen liima.<\/p>","protected":false},"excerpt":{"rendered":"<ul>\n<li>Astiakoko: 10 L<\/li>\n<li>Menekki: n. 1 L\/m2<\/li>\n<li>Kuivumisaika: 6 h +20 \u00b0C l\u00e4mp\u00f6tilassa.<\/li>\n<li>L\u00e4mp\u00f6tilan on oltava v\u00e4hint\u00e4\u00e4n + 5 \u00b0<\/li>\n<li>Paloluokka: III luokan palavat nesteet<\/li>\n<\/ul>\n<p>&nbsp;<\/p>\n","protected":false},"featured_media":786,"comment_status":"closed","ping_status":"closed","template":"","meta":[],"product_brand":[],"product_cat":[559,52],"product_tag":[63,65,94,118],"class_list":{"0":"post-707","1":"product","2":"type-product","3":"status-publish","4":"has-post-thumbnail","6":"product_cat-katuseliim","7":"product_cat-aluskate-ja-vuugiliimid","8":"product_tag-icopal","9":"product_tag-icopal-kattolaattat","10":"product_tag-saumaliima-10l","11":"product_tag-118","13":"first","14":"onbackorder","15":"sale","16":"taxable","17":"shipping-taxable","18":"purchasable","19":"product-type-simple"},"aioseo_notices":[],"_links":{"self":[{"href":"https:\/\/bituumensindel24.ee\/fi\/wp-json\/wp\/v2\/product\/707","targetHints":{"allow":["GET"]}}],"collection":[{"href":"https:\/\/bituumensindel24.ee\/fi\/wp-json\/wp\/v2\/product"}],"about":[{"href":"https:\/\/bituumensindel24.ee\/fi\/wp-json\/wp\/v2\/types\/product"}],"replies":[{"embeddable":true,"href":"https:\/\/bituumensindel24.ee\/fi\/wp-json\/wp\/v2\/comments?post=707"}],"wp:featuredmedia":[{"embeddable":true,"href":"https:\/\/bituumensindel24.ee\/fi\/wp-json\/wp\/v2\/media\/786"}],"wp:attachment":[{"href":"https:\/\/bituumensindel24.ee\/fi\/wp-json\/wp\/v2\/media?parent=707"}],"wp:term":[{"taxonomy":"product_brand","embeddable":true,"href":"https:\/\/bituumensindel24.ee\/fi\/wp-json\/wp\/v2\/product_brand?post=707"},{"taxonomy":"product_cat","embeddable":true,"href":"https:\/\/bituumensindel24.ee\/fi\/wp-json\/wp\/v2\/product_cat?post=707"},{"taxonomy":"product_tag","embeddable":true,"href":"https:\/\/bituumensindel24.ee\/fi\/wp-json\/wp\/v2\/product_tag?post=707"}],"curies":[{"name":"wp","href":"https:\/\/api.w.org\/{rel}","templated":true}]}}