{"id":700,"date":"2021-04-01T19:24:27","date_gmt":"2021-04-01T16:24:27","guid":{"rendered":"https:\/\/bituumensindel24.ee\/?post_type=product&#038;p=700"},"modified":"2025-07-04T17:08:25","modified_gmt":"2025-07-04T14:08:25","slug":"topsafe-uni-tiivissaumakate-harmaa-graniitti","status":"publish","type":"product","link":"https:\/\/bituumensindel24.ee\/fi\/toode\/topsafe-uni-tiivissaumakate-harmaa-graniitti\/","title":{"rendered":"TopSafe Uni tiivissaumakate harmaa graniitti"},"content":{"rendered":"<p>TopSafe Uni, aiemmalta nimelt\u00e4\u00e4n LiimaUltra, on kovalle ja tasaiselle alustalle tarkoitettu tiivissaumakate. Kermin reunoissa on n. 100 mm leve\u00e4 liimaraita jota suojaa muovikalvo. Naulataan alustaan saumakohdasta piilonaulaten. Sopii yksikerroskatteeksi uusille ja vanhoille katoille, joiden kaltevuus on 1:10 tai jyrkempi. K\u00e4ytet\u00e4\u00e4n my\u00f6s kattolaattakattojen yl\u00f6snostoissa ja jiireiss\u00e4. TopSafe Uni tiivissaumakatteen alle voidaan my\u00f6s asentaa aluskate.<\/p>","protected":false},"excerpt":{"rendered":"<div class=\"woocommerce-product-details__short-description\">\n<div class=\"woocommerce-product-details__short-description\">\n<div class=\"woocommerce-product-details__short-description\">\n<div class=\"woocommerce-product-details__short-description\">\n<div class=\"woocommerce-product-details__short-description\">\n<div class=\"woocommerce-product-details__short-description\">\n<div class=\"woocommerce-product-details__short-description\">\n<div class=\"woocommerce-product-details__short-description\">\n<div class=\"woocommerce-product-details__short-description\">\n<div class=\"woocommerce-product-details__short-description\">\n<div class=\"woocommerce-product-details__short-description\">\n<div class=\"woocommerce-product-details__short-description\">\n<ul>\n<li>Kaltevuudesta: 1:10\/ 5,7\u00b0<\/li>\n<li>Pituus: 1 m<\/li>\n<li>Leveys: 8 m<\/li>\n<li>Neli\u00f6menekki: 0,15 kpl\/ m2<\/li>\n<li>Rullapaino: 32 kg \/ 4 kg\/m2<\/li>\n<li>Lavakoko: 30 kpl<\/li>\n<li>Lava paino 960 kg<\/li>\n<li>Takuu: 10y<\/li>\n<\/ul>\n<\/div>\n<\/div>\n<\/div>\n<\/div>\n<\/div>\n<\/div>\n<\/div>\n<\/div>\n<\/div>\n<\/div>\n<\/div>\n<\/div>\n","protected":false},"featured_media":738,"comment_status":"closed","ping_status":"closed","template":"","meta":[],"product_brand":[],"product_cat":[579,53,368],"product_tag":[63,65,89,90],"class_list":{"0":"post-700","1":"product","2":"type-product","3":"status-publish","4":"has-post-thumbnail","6":"product_cat-icopal-tihevuukkate","7":"product_cat-tihevuukkate","8":"product_cat-icopal-neelukate","9":"product_tag-icopal","10":"product_tag-icopal-kattolaattat","11":"product_tag-topsafe-uni","12":"product_tag-topsafe-uni-tiivissaumakate","14":"first","15":"onbackorder","16":"sale","17":"taxable","18":"shipping-taxable","19":"purchasable","20":"product-type-simple"},"aioseo_notices":[],"_links":{"self":[{"href":"https:\/\/bituumensindel24.ee\/fi\/wp-json\/wp\/v2\/product\/700","targetHints":{"allow":["GET"]}}],"collection":[{"href":"https:\/\/bituumensindel24.ee\/fi\/wp-json\/wp\/v2\/product"}],"about":[{"href":"https:\/\/bituumensindel24.ee\/fi\/wp-json\/wp\/v2\/types\/product"}],"replies":[{"embeddable":true,"href":"https:\/\/bituumensindel24.ee\/fi\/wp-json\/wp\/v2\/comments?post=700"}],"wp:featuredmedia":[{"embeddable":true,"href":"https:\/\/bituumensindel24.ee\/fi\/wp-json\/wp\/v2\/media\/738"}],"wp:attachment":[{"href":"https:\/\/bituumensindel24.ee\/fi\/wp-json\/wp\/v2\/media?parent=700"}],"wp:term":[{"taxonomy":"product_brand","embeddable":true,"href":"https:\/\/bituumensindel24.ee\/fi\/wp-json\/wp\/v2\/product_brand?post=700"},{"taxonomy":"product_cat","embeddable":true,"href":"https:\/\/bituumensindel24.ee\/fi\/wp-json\/wp\/v2\/product_cat?post=700"},{"taxonomy":"product_tag","embeddable":true,"href":"https:\/\/bituumensindel24.ee\/fi\/wp-json\/wp\/v2\/product_tag?post=700"}],"curies":[{"name":"wp","href":"https:\/\/api.w.org\/{rel}","templated":true}]}}