{"id":686,"date":"2021-04-01T19:24:26","date_gmt":"2021-04-01T16:24:26","guid":{"rendered":"https:\/\/bituumensindel24.ee\/?post_type=product&#038;p=686"},"modified":"2024-04-14T10:04:27","modified_gmt":"2024-04-14T07:04:27","slug":"plano-aluskate-liimiribaga-1x10-m","status":"publish","type":"product","link":"https:\/\/bituumensindel24.ee\/fi\/toode\/plano-aluskate-liimiribaga-1x10-m\/","title":{"rendered":"Plano Aluskermi tarrareunainen 1&#215;10 m"},"content":{"rendered":"<p><\/p>\n<div class=\"pdp-description__text\">\n<p>Kumibituminen Plano aluskermi on liimareunainen monikerroskatteiden aluskermi. Kermi on vahvistettu kumibitumilla kyll\u00e4stetyll\u00e4 lasikuitukerroksella (60 g\/m\u00b2). Kermi on p\u00e4\u00e4llystetty molemmilta puolilta hiekalla. Yl\u00e4- ja alapinnassa on liimareuna, joka suojattu<br \/>\nirrotettavalla muovikalvolla. Tuotelaji K-EL 60\/2200.<\/p>\n<p>Kumibitumista valmistetut umpialustalle asennettavat aluskermit ovat kaikkein varmin aluskateratkaisu. Se on pitk\u00e4ik\u00e4inen, joustava ja vesitiivis ratkaisu, johon l\u00e4piviennit saa varmimmin toteutettua.<\/p>\n<p>Tarrareunaiset aluskermit voidaan asentaa pysty- tai vaakasuuntaisesti. Ne naulataan kiinni alustaan leve\u00e4kantaisilla kuumasinkityill\u00e4 huopanauloilla, joiden tulee olla riitt\u00e4v\u00e4n pitki\u00e4. P\u00e4\u00e4tysaumoihin ja yksityiskohtiin tarvitaan lis\u00e4ksi Kumibitumiliimaa. Aluskermin menekki: Katon pinta-ala +15 %<\/p>\n<p>Kumibituminen tarrareunainen molemmilta puolilta hiekkapintainen lasikuiturunkoinen aluskermi. 2200 g\/m\u00b2.<\/p>\n<\/div>\n<p><\/p>","protected":false},"excerpt":{"rendered":"<div class=\"woocommerce-product-details__short-description\">\n<div class=\"woocommerce-product-details__short-description\">\n<div class=\"woocommerce-product-details__short-description\">\n<div class=\"woocommerce-product-details__short-description\">\n<div class=\"woocommerce-product-details__short-description\">\n<div class=\"woocommerce-product-details__short-description\">\n<div class=\"woocommerce-product-details__short-description\">\n<div class=\"woocommerce-product-details__short-description\">\n<div class=\"woocommerce-product-details__short-description\">\n<ul>\n<li>Kaltevuudesta: 1:7\/ 8,1\u00b0<\/li>\n<li>Pituus: 10 m<\/li>\n<li>Leveys: 1 m<\/li>\n<li>Paksuus: 1,8 mm<\/li>\n<li>Rullakoko: 10 m\u00b2<\/li>\n<li>Rullapaino: 22 kg<\/li>\n<li>Lavakoko: 36 kpl<\/li>\n<li>Lava paino 810 kg<\/li>\n<\/ul>\n<\/div>\n<\/div>\n<\/div>\n<\/div>\n<\/div>\n<\/div>\n<\/div>\n<\/div>\n<\/div>\n","protected":false},"featured_media":1693,"comment_status":"closed","ping_status":"closed","template":"","meta":[],"product_brand":[],"product_cat":[560,52],"product_tag":[78,122,79],"class_list":{"0":"post-686","1":"product","2":"type-product","3":"status-publish","4":"has-post-thumbnail","6":"product_cat-aluskate","7":"product_cat-aluskate-ja-vuugiliimid","8":"product_tag-aluskermi","9":"product_tag-plano-aluskate","10":"product_tag-plano-aluskermi","12":"first","13":"onbackorder","14":"sale","15":"featured","16":"taxable","17":"shipping-taxable","18":"purchasable","19":"product-type-simple"},"aioseo_notices":[],"_links":{"self":[{"href":"https:\/\/bituumensindel24.ee\/fi\/wp-json\/wp\/v2\/product\/686","targetHints":{"allow":["GET"]}}],"collection":[{"href":"https:\/\/bituumensindel24.ee\/fi\/wp-json\/wp\/v2\/product"}],"about":[{"href":"https:\/\/bituumensindel24.ee\/fi\/wp-json\/wp\/v2\/types\/product"}],"replies":[{"embeddable":true,"href":"https:\/\/bituumensindel24.ee\/fi\/wp-json\/wp\/v2\/comments?post=686"}],"wp:featuredmedia":[{"embeddable":true,"href":"https:\/\/bituumensindel24.ee\/fi\/wp-json\/wp\/v2\/media\/1693"}],"wp:attachment":[{"href":"https:\/\/bituumensindel24.ee\/fi\/wp-json\/wp\/v2\/media?parent=686"}],"wp:term":[{"taxonomy":"product_brand","embeddable":true,"href":"https:\/\/bituumensindel24.ee\/fi\/wp-json\/wp\/v2\/product_brand?post=686"},{"taxonomy":"product_cat","embeddable":true,"href":"https:\/\/bituumensindel24.ee\/fi\/wp-json\/wp\/v2\/product_cat?post=686"},{"taxonomy":"product_tag","embeddable":true,"href":"https:\/\/bituumensindel24.ee\/fi\/wp-json\/wp\/v2\/product_tag?post=686"}],"curies":[{"name":"wp","href":"https:\/\/api.w.org\/{rel}","templated":true}]}}