{"id":643,"date":"2021-04-01T19:24:14","date_gmt":"2021-04-01T16:24:14","guid":{"rendered":"https:\/\/bituumensindel24.ee\/?post_type=product&#038;p=643"},"modified":"2025-01-25T22:16:04","modified_gmt":"2025-01-25T20:16:04","slug":"plano-pro-combi-harja-ja-raastaplaat-metsaroheline","status":"publish","type":"product","link":"https:\/\/bituumensindel24.ee\/fi\/toode\/plano-pro-combi-harja-ja-raastaplaat-metsaroheline\/","title":{"rendered":"Plano Pro Combi harjan ja r\u00e4yst\u00e4slevy metsn\u00e4vihre\u00e4"},"content":{"rendered":"<p>Yhdistetty harja- ja r\u00e4yst\u00e4slevy. Paketillisesta saadaan noin 10 m harjaa tai 10 m alar\u00e4yst\u00e4st\u00e4. Harjalla limitet\u00e4\u00e4n ja r\u00e4yst\u00e4\u00e4ll\u00e4 asennetaan puskusaumaan. Alapuolella on liimamassa, jota suojaa asennuksen yhteydess\u00e4 poistettava muovikalvo. Ei suositella taivutettavaksi tippanokaksi, vaan r\u00e4yst\u00e4ille asennetaan r\u00e4yst\u00e4spellit.<\/p>","protected":false},"excerpt":{"rendered":"<div class=\"woocommerce-product-details__short-description\">\n<div class=\"woocommerce-product-details__short-description\">\n<div class=\"woocommerce-product-details__short-description\">\n<div class=\"woocommerce-product-details__short-description\">\n<div class=\"woocommerce-product-details__short-description\">\n<div class=\"woocommerce-product-details__short-description\">\n<div class=\"woocommerce-product-details__short-description\">\n<div class=\"woocommerce-product-details__short-description\">\n<div class=\"woocommerce-product-details__short-description\">\n<div class=\"woocommerce-product-details__short-description\">\n<div class=\"woocommerce-product-details__short-description\">\n<div class=\"woocommerce-product-details__short-description\">\n<div class=\"woocommerce-product-details__short-description\">\n<div class=\"woocommerce-product-details__short-description\">\n<div class=\"woocommerce-product-details__short-description\">\n<div class=\"woocommerce-product-details__short-description\">\n<div class=\"woocommerce-product-details__short-description\">\n<div class=\"woocommerce-product-details__short-description\">\n<div class=\"woocommerce-product-details__short-description\">\n<div class=\"woocommerce-product-details__short-description\">\n<ul>\n<li>Pituus: 500 mm<\/li>\n<li>Leveys: 1000 mm<\/li>\n<li>Paksuus: 4 mm<\/li>\n<li>Menekki: 10m harjaa tai 10m alar\u00e4yst\u00e4st\u00e4 = 1 pkt<\/li>\n<li>Pakkuaskoko: 10 kpl\/ pkt<\/li>\n<li>Pakkauksen paino: 23 kg<\/li>\n<li>Lavakoko: 40 kpl<\/li>\n<li>Lava paino 920 kg<\/li>\n<li>Takuu: 10y<\/li>\n<\/ul>\n<\/div>\n<\/div>\n<\/div>\n<\/div>\n<\/div>\n<\/div>\n<\/div>\n<\/div>\n<\/div>\n<\/div>\n<\/div>\n<\/div>\n<\/div>\n<\/div>\n<\/div>\n<\/div>\n<\/div>\n<\/div>\n<\/div>\n<\/div>\n","protected":false},"featured_media":831,"comment_status":"closed","ping_status":"closed","template":"","meta":[],"product_brand":[],"product_cat":[54,367],"product_tag":[63,65,134,76],"class_list":{"0":"post-643","1":"product","2":"type-product","3":"status-publish","4":"has-post-thumbnail","6":"product_cat-raasta-harjaplaat","7":"product_cat-icopal-harja-raastaplaat","8":"product_tag-icopal","9":"product_tag-icopal-kattolaattat","10":"product_tag-plano-pro-combi-harja-ja-raastaplaat","11":"product_tag-plano-pro-combi-harjan-ja-raystaslevy","13":"first","14":"onbackorder","15":"sale","16":"taxable","17":"shipping-taxable","18":"purchasable","19":"product-type-simple"},"aioseo_notices":[],"_links":{"self":[{"href":"https:\/\/bituumensindel24.ee\/fi\/wp-json\/wp\/v2\/product\/643","targetHints":{"allow":["GET"]}}],"collection":[{"href":"https:\/\/bituumensindel24.ee\/fi\/wp-json\/wp\/v2\/product"}],"about":[{"href":"https:\/\/bituumensindel24.ee\/fi\/wp-json\/wp\/v2\/types\/product"}],"replies":[{"embeddable":true,"href":"https:\/\/bituumensindel24.ee\/fi\/wp-json\/wp\/v2\/comments?post=643"}],"wp:featuredmedia":[{"embeddable":true,"href":"https:\/\/bituumensindel24.ee\/fi\/wp-json\/wp\/v2\/media\/831"}],"wp:attachment":[{"href":"https:\/\/bituumensindel24.ee\/fi\/wp-json\/wp\/v2\/media?parent=643"}],"wp:term":[{"taxonomy":"product_brand","embeddable":true,"href":"https:\/\/bituumensindel24.ee\/fi\/wp-json\/wp\/v2\/product_brand?post=643"},{"taxonomy":"product_cat","embeddable":true,"href":"https:\/\/bituumensindel24.ee\/fi\/wp-json\/wp\/v2\/product_cat?post=643"},{"taxonomy":"product_tag","embeddable":true,"href":"https:\/\/bituumensindel24.ee\/fi\/wp-json\/wp\/v2\/product_tag?post=643"}],"curies":[{"name":"wp","href":"https:\/\/api.w.org\/{rel}","templated":true}]}}