{"id":620,"date":"2021-04-01T19:24:13","date_gmt":"2021-04-01T16:24:13","guid":{"rendered":"https:\/\/bituumensindel24.ee\/?post_type=product&#038;p=620"},"modified":"2024-04-14T09:59:00","modified_gmt":"2024-04-14T06:59:00","slug":"plano-pro-bituumensindel-looduspruun","status":"publish","type":"product","link":"https:\/\/bituumensindel24.ee\/fi\/toode\/plano-pro-bituumensindel-looduspruun\/","title":{"rendered":"Plano Pro kattolaatta luonnonruskea"},"content":{"rendered":"<p>Plano Pro on nykyaikainen kumibitumikattolaatta. Se on nopeampi ja helpompi asentaa kuin perinteiset kattolaatat, koska siin\u00e4 <strong>ei ole irtirevitt\u00e4v\u00e4\u00e4 muovia.<\/strong> Muilta ominaisuuksiltaan ja valmiin katon ulkon\u00e4\u00f6lt\u00e4\u00e4n Plano Pro on kuten perinteinen Plano Natur -kattolaatta. Sopii uudis- ja korjausrakentamiseen katoille, joiden kaltevuus on 1:5 tai jyrkempi. Kattolaatat asennetaan tasaiselle alustalle. Vaatii aina aluskermin.<\/p>","protected":false},"excerpt":{"rendered":"<div class=\"woocommerce-product-details__short-description\">\n<div class=\"woocommerce-product-details__short-description\">\n<div class=\"woocommerce-product-details__short-description\">\n<div class=\"woocommerce-product-details__short-description\">\n<div class=\"woocommerce-product-details__short-description\">\n<div class=\"woocommerce-product-details__short-description\">\n<div class=\"woocommerce-product-details__short-description\">\n<div class=\"woocommerce-product-details__short-description\">\n<div class=\"woocommerce-product-details__short-description\">\n<div class=\"woocommerce-product-details__short-description\">\n<ul>\n<li>Kaltevuudesta: 11,3\u00b0<\/li>\n<li>Pituus: 320 mm<\/li>\n<li>Leveys: 1000 mm<\/li>\n<li>Paksuus: 4 mm<\/li>\n<li>Neli\u00f6menekki: 7.33 kpl \/ m\u00b2<\/li>\n<li>Pakkuaskoko: 22 kpl\/pkt 3 m\u00b2<\/li>\n<li>Pakkauksen paino: 23 kg<\/li>\n<li>Lavakoko: 39 kpl<\/li>\n<li>Lava paino 920 kg<\/li>\n<li>Takuu: 10y<\/li>\n<\/ul>\n<\/div>\n<\/div>\n<\/div>\n<\/div>\n<\/div>\n<\/div>\n<\/div>\n<\/div>\n<\/div>\n<\/div>\n","protected":false},"featured_media":823,"comment_status":"closed","ping_status":"closed","template":"","meta":[],"product_brand":[],"product_cat":[117,133],"product_tag":[63,65,66,68,61],"class_list":{"0":"post-620","1":"product","2":"type-product","3":"status-publish","4":"has-post-thumbnail","6":"product_cat-bituumensindel-icopal","7":"product_cat-plano-pro-bituumensindel","8":"product_tag-icopal","9":"product_tag-icopal-kattolaattat","10":"product_tag-kattolaatta","11":"product_tag-kattolaattat-plano-pro","12":"product_tag-plano-pro","14":"first","15":"onbackorder","16":"sale","17":"taxable","18":"shipping-taxable","19":"purchasable","20":"product-type-simple"},"aioseo_notices":[],"_links":{"self":[{"href":"https:\/\/bituumensindel24.ee\/fi\/wp-json\/wp\/v2\/product\/620","targetHints":{"allow":["GET"]}}],"collection":[{"href":"https:\/\/bituumensindel24.ee\/fi\/wp-json\/wp\/v2\/product"}],"about":[{"href":"https:\/\/bituumensindel24.ee\/fi\/wp-json\/wp\/v2\/types\/product"}],"replies":[{"embeddable":true,"href":"https:\/\/bituumensindel24.ee\/fi\/wp-json\/wp\/v2\/comments?post=620"}],"wp:featuredmedia":[{"embeddable":true,"href":"https:\/\/bituumensindel24.ee\/fi\/wp-json\/wp\/v2\/media\/823"}],"wp:attachment":[{"href":"https:\/\/bituumensindel24.ee\/fi\/wp-json\/wp\/v2\/media?parent=620"}],"wp:term":[{"taxonomy":"product_brand","embeddable":true,"href":"https:\/\/bituumensindel24.ee\/fi\/wp-json\/wp\/v2\/product_brand?post=620"},{"taxonomy":"product_cat","embeddable":true,"href":"https:\/\/bituumensindel24.ee\/fi\/wp-json\/wp\/v2\/product_cat?post=620"},{"taxonomy":"product_tag","embeddable":true,"href":"https:\/\/bituumensindel24.ee\/fi\/wp-json\/wp\/v2\/product_tag?post=620"}],"curies":[{"name":"wp","href":"https:\/\/api.w.org\/{rel}","templated":true}]}}