{"id":618,"date":"2021-04-01T19:24:13","date_gmt":"2021-04-01T16:24:13","guid":{"rendered":"https:\/\/bituumensindel24.ee\/?post_type=product&#038;p=618"},"modified":"2024-04-14T09:59:00","modified_gmt":"2024-04-14T06:59:00","slug":"plano-xl-bituumensindel-hall-graniit","status":"publish","type":"product","link":"https:\/\/bituumensindel24.ee\/fi\/toode\/plano-xl-bituumensindel-hall-graniit\/","title":{"rendered":"Plano XL kattolaatta harmaa grantiitti"},"content":{"rendered":"<p>Plano XL on nykyaikainen kumibitumikattolaatta modernilla ulkon\u00e4oll\u00e4. Tuotteessa ei ole irtirevitt\u00e4vi\u00e4 suojamuoveja, joten asennusty\u00f6 on helpompaa kuin perinteisill\u00e4 kattolaatoilla. Sopii uudis- ja korjausrakentamiseen katoille, joiden kaltevuus on 1:5 tai jyrkempi. Kattolaatat asennetaan tasaiselle alustalle.<\/p>\n<p>&nbsp;<\/p>","protected":false},"excerpt":{"rendered":"<div class=\"woocommerce-product-details__short-description\">\n<div class=\"woocommerce-product-details__short-description\">\n<div class=\"woocommerce-product-details__short-description\">\n<div class=\"woocommerce-product-details__short-description\">\n<div class=\"woocommerce-product-details__short-description\">\n<div class=\"woocommerce-product-details__short-description\">\n<div class=\"woocommerce-product-details__short-description\">\n<ul>\n<li>Kaltevuudesta: 11,3\u00b0<\/li>\n<li>Pituus: 500 mm<\/li>\n<li>Leveys: 1000 mm<\/li>\n<li>Paksuus: 4 mm<\/li>\n<li>Neli\u00f6menekki: 4.35 kpl \/m\u00b2<\/li>\n<li>Pakkuaskoko: 10 kpl\/pkt 2,3 m\u00b2<\/li>\n<li>Pakkauksen paino: 23 kg<\/li>\n<li>Lavakoko: 44 kpl<\/li>\n<li>Lava paino 1012kg<\/li>\n<li>Takuu: 10y<\/li>\n<\/ul>\n<\/div>\n<\/div>\n<\/div>\n<\/div>\n<\/div>\n<\/div>\n<\/div>\n","protected":false},"featured_media":801,"comment_status":"closed","ping_status":"closed","template":"","meta":[],"product_brand":[],"product_cat":[117,130],"product_tag":[63,65,66,67],"class_list":{"0":"post-618","1":"product","2":"type-product","3":"status-publish","4":"has-post-thumbnail","6":"product_cat-bituumensindel-icopal","7":"product_cat-plano-xl-bituumensindel","8":"product_tag-icopal","9":"product_tag-icopal-kattolaattat","10":"product_tag-kattolaatta","11":"product_tag-plano-xl","13":"first","14":"onbackorder","15":"sale","16":"taxable","17":"shipping-taxable","18":"purchasable","19":"product-type-simple"},"aioseo_notices":[],"_links":{"self":[{"href":"https:\/\/bituumensindel24.ee\/fi\/wp-json\/wp\/v2\/product\/618","targetHints":{"allow":["GET"]}}],"collection":[{"href":"https:\/\/bituumensindel24.ee\/fi\/wp-json\/wp\/v2\/product"}],"about":[{"href":"https:\/\/bituumensindel24.ee\/fi\/wp-json\/wp\/v2\/types\/product"}],"replies":[{"embeddable":true,"href":"https:\/\/bituumensindel24.ee\/fi\/wp-json\/wp\/v2\/comments?post=618"}],"wp:featuredmedia":[{"embeddable":true,"href":"https:\/\/bituumensindel24.ee\/fi\/wp-json\/wp\/v2\/media\/801"}],"wp:attachment":[{"href":"https:\/\/bituumensindel24.ee\/fi\/wp-json\/wp\/v2\/media?parent=618"}],"wp:term":[{"taxonomy":"product_brand","embeddable":true,"href":"https:\/\/bituumensindel24.ee\/fi\/wp-json\/wp\/v2\/product_brand?post=618"},{"taxonomy":"product_cat","embeddable":true,"href":"https:\/\/bituumensindel24.ee\/fi\/wp-json\/wp\/v2\/product_cat?post=618"},{"taxonomy":"product_tag","embeddable":true,"href":"https:\/\/bituumensindel24.ee\/fi\/wp-json\/wp\/v2\/product_tag?post=618"}],"curies":[{"name":"wp","href":"https:\/\/api.w.org\/{rel}","templated":true}]}}