{"id":2071,"date":"2025-03-04T09:23:47","date_gmt":"2025-03-04T07:23:47","guid":{"rendered":"https:\/\/bituumensindel24.ee\/?post_type=product&#038;p=2071"},"modified":"2026-02-01T16:25:22","modified_gmt":"2026-02-01T14:25:22","slug":"lamekatuseaken-velux-cfu-0025q","status":"publish","type":"product","link":"https:\/\/bituumensindel24.ee\/fi\/toode\/lamekatuseaken-velux-cfu-0025q\/","title":{"rendered":"Tasakattoikkuna Velux CFU 0025Q"},"content":{"rendered":"<p>Velux-tasakattoikkunan CFU 0025Q alaosa on avautumaton, kolminkertaisilla laseilla<\/p>\n<p>Muuta kotisi uuden sukupolven VELUX CFU 0025Q -tasakattoikkunoilla, jotka p\u00e4\u00e4st\u00e4v\u00e4t p\u00e4iv\u00e4nvaloa alueille, joita et koskaan uskonut mahdolliseksi. Avaamattoman kattoikkunan alaosassa on yksil\u00f6llisesti muotoiltu ohut puite ja n\u00e4kym\u00e4t\u00f6n kehys, joka tarjoaa maksimaalisen p\u00e4iv\u00e4nvalon ja kauniin muotoilun huoneesta katsottuna. T\u00e4ss\u00e4 avautumattomassa alaosassa on kolminkertaiset lasit, ja siin\u00e4 on erinomainen energiatehokkuus ja meluvaimennus sateen, rakeiden tai liikenteen sattuessa, mik\u00e4 tekee sis\u00e4tiloista mukavampaa.<\/p>\n<p>VELUX-tasakattoikkunat tarjoavat esteett\u00f6m\u00e4n n\u00e4kym\u00e4n taivaalle ja ylh\u00e4\u00e4lt\u00e4 alas suuntautuvan valon, mik\u00e4 mahdollistaa paremman valon jakautumisen ja valaisee my\u00f6s huoneen pimeimm\u00e4t kulmat.<\/p>\n<p>Minimaalinen n\u00e4kyv\u00e4 kattoikkunan kehys varmistaa reunasta reunaan ulottuvan n\u00e4kym\u00e4n taivaalle ja p\u00e4\u00e4st\u00e4\u00e4 sis\u00e4\u00e4n maksimaalisen p\u00e4iv\u00e4nvalon.<br \/>\nOhut ja n\u00e4kym\u00e4t\u00f6n kehys, joka tarjoaa reunasta reunaan n\u00e4kym\u00e4n taivaalle ja p\u00e4\u00e4st\u00e4\u00e4 sis\u00e4\u00e4n maksimaalisen p\u00e4iv\u00e4nvalon.<\/p>","protected":false},"excerpt":{"rendered":"<p>Katon kaltevuus 0-15\u00b0<br \/>\nL\u00e4mm\u00f6neristys Uw = 0,55-0,60 W\/m2K<br \/>\nSuurin p\u00e4iv\u00e4nvaloalue 88 %<br \/>\nErinomainen \u00e4\u00e4nieristys 41 dB<br \/>\nEnergiatehokkuus kolminkertaisilla laseilla<br \/>\nAvaamaton pohjaosa sopii t\u00e4ydellisesti p\u00e4iv\u00e4nvalon tuomiseen ilman lis\u00e4tuuletusta.<br \/>\nAlaosa on optimoitu verhojen huomaamattomasti sijoittamiseen tinkim\u00e4tt\u00e4 p\u00e4iv\u00e4nvalosta ja muotoilusta.<br \/>\nTasakaton yl\u00e4osa on saatavana erikseen kaarevana ISU 1093 tai tasokaton ISU 2093:na.<\/p>\n","protected":false},"featured_media":2072,"comment_status":"closed","ping_status":"closed","template":"","meta":[],"product_brand":[],"product_cat":[586],"product_tag":[695,696,697],"class_list":{"0":"post-2071","1":"product","2":"type-product","3":"status-publish","4":"has-post-thumbnail","6":"product_cat-lamekatuseaknad","7":"product_tag-lamekatuseaken-velux-cfu-0025q","8":"product_tag-tasakattoikkuna-velux-cfu-0025q","9":"product_tag----cfu-0025q","11":"first","12":"instock","13":"sale","14":"taxable","15":"shipping-taxable","16":"purchasable","17":"product-type-variable"},"aioseo_notices":[],"_links":{"self":[{"href":"https:\/\/bituumensindel24.ee\/fi\/wp-json\/wp\/v2\/product\/2071","targetHints":{"allow":["GET"]}}],"collection":[{"href":"https:\/\/bituumensindel24.ee\/fi\/wp-json\/wp\/v2\/product"}],"about":[{"href":"https:\/\/bituumensindel24.ee\/fi\/wp-json\/wp\/v2\/types\/product"}],"replies":[{"embeddable":true,"href":"https:\/\/bituumensindel24.ee\/fi\/wp-json\/wp\/v2\/comments?post=2071"}],"wp:featuredmedia":[{"embeddable":true,"href":"https:\/\/bituumensindel24.ee\/fi\/wp-json\/wp\/v2\/media\/2072"}],"wp:attachment":[{"href":"https:\/\/bituumensindel24.ee\/fi\/wp-json\/wp\/v2\/media?parent=2071"}],"wp:term":[{"taxonomy":"product_brand","embeddable":true,"href":"https:\/\/bituumensindel24.ee\/fi\/wp-json\/wp\/v2\/product_brand?post=2071"},{"taxonomy":"product_cat","embeddable":true,"href":"https:\/\/bituumensindel24.ee\/fi\/wp-json\/wp\/v2\/product_cat?post=2071"},{"taxonomy":"product_tag","embeddable":true,"href":"https:\/\/bituumensindel24.ee\/fi\/wp-json\/wp\/v2\/product_tag?post=2071"}],"curies":[{"name":"wp","href":"https:\/\/api.w.org\/{rel}","templated":true}]}}