{"id":2056,"date":"2025-03-04T08:35:06","date_gmt":"2025-03-04T06:35:06","guid":{"rendered":"https:\/\/bituumensindel24.ee\/?post_type=product&#038;p=2056"},"modified":"2026-02-01T16:52:40","modified_gmt":"2026-02-01T14:52:40","slug":"lamekatuseaken-velux-cfu-0020q","status":"publish","type":"product","link":"https:\/\/bituumensindel24.ee\/fi\/toode\/lamekatuseaken-velux-cfu-0020q\/","title":{"rendered":"Lamekatuseaken Velux CFU 0020Q"},"content":{"rendered":"<p>Velux-tasakattoikkunan CFU alaosa on aukeamaton ikkuna, jossa on kaksinkertaiset lasit.<\/p>\n<p>Muuta kotisi uuden sukupolven VELUX-tasakattoikkunoilla, jotka p\u00e4\u00e4st\u00e4v\u00e4t p\u00e4iv\u00e4nvalon alueille, joita et koskaan uskonut mahdolliseksi. Avaamattoman kattoikkunan alaosassa on yksil\u00f6llisesti muotoiltu ohut puite ja n\u00e4kym\u00e4t\u00f6n kehys, joka tarjoaa maksimaalisen p\u00e4iv\u00e4nvalon ja kauniin muotoilun huoneesta katsottuna. T\u00e4ss\u00e4 avautumattomassa alaosassa on kaksinkertainen lasi, mutta se on saatavana my\u00f6s kolminkertaisella lasilla, ja siin\u00e4 on erinomainen energiatehokkuus ja melunvaimennus sateen, rakeiden tai liikenteen sattuessa, mik\u00e4 tekee sis\u00e4tiloista mukavampaa.<\/p>\n<p>VELUX-tasakattoikkunat tarjoavat esteett\u00f6m\u00e4n n\u00e4kym\u00e4n taivaalle ja ylh\u00e4\u00e4lt\u00e4 alas suuntautuvan valon, mik\u00e4 mahdollistaa paremman valon jakautumisen ja valaisee my\u00f6s huoneen pimeimm\u00e4t kulmat. Paranna kotisi sisustusta maksimaalisella auringonvalolla ja optimoi sis\u00e4mukavuus tehostetulla ilmanvaihdolla ja raitista ilmaa yhdell\u00e4 napin painalluksella.<\/p>\n<p>Minimaalinen n\u00e4kyv\u00e4 kattoikkunan kehys varmistaa reunasta reunaan ulottuvan n\u00e4kym\u00e4n taivaalle ja p\u00e4\u00e4st\u00e4\u00e4 sis\u00e4\u00e4n maksimaalisen p\u00e4iv\u00e4nvalon.<br \/>\nOhut ja n\u00e4kym\u00e4t\u00f6n kehys, joka tarjoaa reunasta reunaan n\u00e4kym\u00e4n taivaalle ja p\u00e4\u00e4st\u00e4\u00e4 sis\u00e4\u00e4n maksimaalisen p\u00e4iv\u00e4nvalon.<\/p>","protected":false},"excerpt":{"rendered":"<p>Katon kaltevuus 0-15\u00b0<br \/>\nL\u00e4mp\u00f6vastus Uw = 0,75 W\/m2K<br \/>\nSuurin p\u00e4iv\u00e4nvaloalue<br \/>\nErinomainen \u00e4\u00e4nieristys 39 dB<br \/>\nEnergiatehokkuus kaksoislasilla<br \/>\nAvaamaton pohjaosa sopii t\u00e4ydellisesti p\u00e4iv\u00e4nvalon tuomiseen ilman lis\u00e4tuuletusta.<br \/>\nAlaosa on optimoitu verhojen huomaamattomasti sijoittamiseen tinkim\u00e4tt\u00e4 p\u00e4iv\u00e4nvalosta ja muotoilusta.<br \/>\nTasakaton yl\u00e4osa on saatavana erikseen kaarevana ISU 1093 tai tasokaton ISU 2093:na.<\/p>\n","protected":false},"featured_media":2057,"comment_status":"closed","ping_status":"closed","template":"","meta":[],"product_brand":[],"product_cat":[586],"product_tag":[692,693,694],"class_list":{"0":"post-2056","1":"product","2":"type-product","3":"status-publish","4":"has-post-thumbnail","6":"product_cat-lamekatuseaknad","7":"product_tag-lamekatuseaken-velux-cfu-0020q","8":"product_tag-tasakattoikkuna-velux-cfu-0020q","9":"product_tag----cfu-0020q","11":"first","12":"instock","13":"sale","14":"taxable","15":"shipping-taxable","16":"purchasable","17":"product-type-variable"},"aioseo_notices":[],"_links":{"self":[{"href":"https:\/\/bituumensindel24.ee\/fi\/wp-json\/wp\/v2\/product\/2056","targetHints":{"allow":["GET"]}}],"collection":[{"href":"https:\/\/bituumensindel24.ee\/fi\/wp-json\/wp\/v2\/product"}],"about":[{"href":"https:\/\/bituumensindel24.ee\/fi\/wp-json\/wp\/v2\/types\/product"}],"replies":[{"embeddable":true,"href":"https:\/\/bituumensindel24.ee\/fi\/wp-json\/wp\/v2\/comments?post=2056"}],"wp:featuredmedia":[{"embeddable":true,"href":"https:\/\/bituumensindel24.ee\/fi\/wp-json\/wp\/v2\/media\/2057"}],"wp:attachment":[{"href":"https:\/\/bituumensindel24.ee\/fi\/wp-json\/wp\/v2\/media?parent=2056"}],"wp:term":[{"taxonomy":"product_brand","embeddable":true,"href":"https:\/\/bituumensindel24.ee\/fi\/wp-json\/wp\/v2\/product_brand?post=2056"},{"taxonomy":"product_cat","embeddable":true,"href":"https:\/\/bituumensindel24.ee\/fi\/wp-json\/wp\/v2\/product_cat?post=2056"},{"taxonomy":"product_tag","embeddable":true,"href":"https:\/\/bituumensindel24.ee\/fi\/wp-json\/wp\/v2\/product_tag?post=2056"}],"curies":[{"name":"wp","href":"https:\/\/api.w.org\/{rel}","templated":true}]}}