{"id":2033,"date":"2025-03-03T12:58:56","date_gmt":"2025-03-03T10:58:56","guid":{"rendered":"https:\/\/bituumensindel24.ee\/?post_type=product&#038;p=2033"},"modified":"2026-02-01T17:22:06","modified_gmt":"2026-02-01T15:22:06","slug":"kuppel-velux-isd-0000-0100","status":"publish","type":"product","link":"https:\/\/bituumensindel24.ee\/fi\/toode\/kuppel-velux-isd-0000-0100\/","title":{"rendered":"Kupoli Velux ISD 0000\/0100"},"content":{"rendered":"<p>Velux ISD:n l\u00e4pin\u00e4kym\u00e4t\u00f6n akryylikupoli on erinomainen valinta, kun tarvitaan enemm\u00e4n yksityisyytt\u00e4, kuten herkiss\u00e4 tiloissa, kuten kouluissa, klinikoilla ja toimistoissa. Veluxin l\u00e4pin\u00e4kym\u00e4t\u00f6n akryylikupoli on valmistettu kest\u00e4v\u00e4st\u00e4, naarmuuntumattomasta materiaalista, jolla on hyv\u00e4 valonl\u00e4p\u00e4isy, ja se on yhteensopiva Veluxin p\u00e4iv\u00e4nvaloa s\u00e4\u00e4televien ja pimennysverhojen kanssa.<\/p>\n<p>L\u00e4pin\u00e4kym\u00e4t\u00f6n kupoli auttaa s\u00e4ilytt\u00e4m\u00e4\u00e4n yksityisyyden.<br \/>\nL\u00f6yd\u00e4 t\u00e4ydellinen valo- ja varjostinratkaisu henkil\u00f6kohtaisiin tarpeisiisi.<br \/>\nTehokas ulkoisen melunvaimennus auttaa sinua nauttimaan hiljaisemmasta sis\u00e4ymp\u00e4rist\u00f6st\u00e4.<\/p>\n<p>Velux ISD l\u00e4pin\u00e4kyv\u00e4 akryylikupoli tarjoaa korkean valonl\u00e4p\u00e4isyn ja on valmistettu kest\u00e4v\u00e4st\u00e4, naarmuuntumista kest\u00e4v\u00e4st\u00e4 materiaalista. Ulkopinta ja luonnolliset kuivatusominaisuudet takaavat hyv\u00e4n n\u00e4kyvyyden ulos.<\/p>\n<p>L\u00e4pin\u00e4kyv\u00e4n kupolin l\u00e4pi tuleva valo kirkastaa huoneita ja tekee sis\u00e4ll\u00e4 olemisesta mukavampaa.<br \/>\nTasakattoikkunoiden koko verhovalikoima auttaa sinua nauttimaan mukavasta l\u00e4mm\u00f6n ja valon hallinnasta.<br \/>\nTehokas ulkoisen melunvaimennus auttaa sinua nauttimaan hiljaisemmasta sis\u00e4ymp\u00e4rist\u00f6st\u00e4.<\/p>","protected":false},"excerpt":{"rendered":"<p>Velux l\u00e4pin\u00e4kym\u00e4t\u00f6n akryylikupoli ISD 0100<br \/>\nVelux l\u00e4pin\u00e4kyv\u00e4 akryylikupoli ISD 0000<br \/>\n\u00c4\u00e4nieristys 36 dB<br \/>\nAkryylikupoli 70 % p\u00e4iv\u00e4nvaloa<br \/>\nL\u00e4pin\u00e4kym\u00e4t\u00f6n pinta takaa p\u00e4iv\u00e4nvalon ja paremman yksityisyyden.<\/p>\n","protected":false},"featured_media":2035,"comment_status":"closed","ping_status":"closed","template":"","meta":[],"product_brand":[],"product_cat":[586],"product_tag":[691,689,690],"class_list":{"0":"post-2033","1":"product","2":"type-product","3":"status-publish","4":"has-post-thumbnail","6":"product_cat-lamekatuseaknad","7":"product_tag-kupoli-velux-isd-0000-0100","8":"product_tag-kuppel-velux-isd-0000-0100","9":"product_tag--velux-isd-0000-0100","11":"first","12":"instock","13":"sale","14":"taxable","15":"shipping-taxable","16":"purchasable","17":"product-type-variable"},"aioseo_notices":[],"_links":{"self":[{"href":"https:\/\/bituumensindel24.ee\/fi\/wp-json\/wp\/v2\/product\/2033","targetHints":{"allow":["GET"]}}],"collection":[{"href":"https:\/\/bituumensindel24.ee\/fi\/wp-json\/wp\/v2\/product"}],"about":[{"href":"https:\/\/bituumensindel24.ee\/fi\/wp-json\/wp\/v2\/types\/product"}],"replies":[{"embeddable":true,"href":"https:\/\/bituumensindel24.ee\/fi\/wp-json\/wp\/v2\/comments?post=2033"}],"wp:featuredmedia":[{"embeddable":true,"href":"https:\/\/bituumensindel24.ee\/fi\/wp-json\/wp\/v2\/media\/2035"}],"wp:attachment":[{"href":"https:\/\/bituumensindel24.ee\/fi\/wp-json\/wp\/v2\/media?parent=2033"}],"wp:term":[{"taxonomy":"product_brand","embeddable":true,"href":"https:\/\/bituumensindel24.ee\/fi\/wp-json\/wp\/v2\/product_brand?post=2033"},{"taxonomy":"product_cat","embeddable":true,"href":"https:\/\/bituumensindel24.ee\/fi\/wp-json\/wp\/v2\/product_cat?post=2033"},{"taxonomy":"product_tag","embeddable":true,"href":"https:\/\/bituumensindel24.ee\/fi\/wp-json\/wp\/v2\/product_tag?post=2033"}],"curies":[{"name":"wp","href":"https:\/\/api.w.org\/{rel}","templated":true}]}}