{"id":2019,"date":"2025-03-03T11:19:27","date_gmt":"2025-03-03T09:19:27","guid":{"rendered":"https:\/\/bituumensindel24.ee\/?post_type=product&#038;p=2019"},"modified":"2026-02-01T16:59:19","modified_gmt":"2026-02-01T14:59:19","slug":"lamekatuseaken-velux-cfp-0073","status":"publish","type":"product","link":"https:\/\/bituumensindel24.ee\/fi\/toode\/lamekatuseaken-velux-cfp-0073\/","title":{"rendered":"Tasakattoikkuna Velux CFP 0073"},"content":{"rendered":"<p>Veluxin avautumaton tasainen kattoikkuna CFP U<\/p>\n<p>Yksinkertainen ja tehokas tapa tuoda p\u00e4iv\u00e4nvaloa huoneisiin, joissa on v\u00e4h\u00e4n tai ei lainkaan luonnonvaloa. Avaamaton p\u00e4\u00e4runko CFP U muuttaa mink\u00e4 tahansa huoneen pime\u00e4st\u00e4 ja tyls\u00e4st\u00e4 kirkkaaksi ja kauniiksi. ThermoTechnology\u2122-eristys ja energiatehokkaat kaksoislasit pit\u00e4v\u00e4t kotisi l\u00e4mpim\u00e4n\u00e4 ja lis\u00e4\u00e4v\u00e4t sis\u00e4mukavuutta. Yhteensopiva kaikkien Veluxin tasaisten kattojen kanssa.<\/p>\n<p>P\u00e4\u00e4st\u00e4 p\u00e4iv\u00e4nvalo huoneisiin, joissa on v\u00e4h\u00e4n luonnonvaloa tasaisen katon l\u00e4pi.<br \/>\nVerhoja ja tarvikkeita voidaan ohjata k\u00e4tev\u00e4sti napin painalluksella.<br \/>\nHy\u00f6dynn\u00e4 energiatehokkaita kaksoislaseja.<\/p>","protected":false},"excerpt":{"rendered":"<p>Katoille, joiden kaltevuus on 0\u00b0\u201315\u00b0<br \/>\nUw-arvo: 0,87 W\/m2 K<br \/>\n\u00c4\u00e4nieristys 36 dB<br \/>\nAvaamaton alaosa.<br \/>\nKaksinkertaisen ikkunan sis\u00e4lasi on laminoitu turvallisuuden parantamiseksi.<br \/>\nErikseen saatava l\u00e4pin\u00e4kyv\u00e4 kupoli suojaa alla olevaa kaksoislasia sateelta ja lumelta<\/p>\n","protected":false},"featured_media":2020,"comment_status":"closed","ping_status":"closed","template":"","meta":[],"product_brand":[],"product_cat":[586],"product_tag":[684,685,686],"class_list":{"0":"post-2019","1":"product","2":"type-product","3":"status-publish","4":"has-post-thumbnail","6":"product_cat-lamekatuseaknad","7":"product_tag-lamekatuseaken-velux-cfp-0073","8":"product_tag-tasakattoikkuna-velux-cfp-0073","9":"product_tag----velux-cfp-0073","11":"first","12":"instock","13":"sale","14":"taxable","15":"shipping-taxable","16":"purchasable","17":"product-type-variable"},"aioseo_notices":[],"_links":{"self":[{"href":"https:\/\/bituumensindel24.ee\/fi\/wp-json\/wp\/v2\/product\/2019","targetHints":{"allow":["GET"]}}],"collection":[{"href":"https:\/\/bituumensindel24.ee\/fi\/wp-json\/wp\/v2\/product"}],"about":[{"href":"https:\/\/bituumensindel24.ee\/fi\/wp-json\/wp\/v2\/types\/product"}],"replies":[{"embeddable":true,"href":"https:\/\/bituumensindel24.ee\/fi\/wp-json\/wp\/v2\/comments?post=2019"}],"wp:featuredmedia":[{"embeddable":true,"href":"https:\/\/bituumensindel24.ee\/fi\/wp-json\/wp\/v2\/media\/2020"}],"wp:attachment":[{"href":"https:\/\/bituumensindel24.ee\/fi\/wp-json\/wp\/v2\/media?parent=2019"}],"wp:term":[{"taxonomy":"product_brand","embeddable":true,"href":"https:\/\/bituumensindel24.ee\/fi\/wp-json\/wp\/v2\/product_brand?post=2019"},{"taxonomy":"product_cat","embeddable":true,"href":"https:\/\/bituumensindel24.ee\/fi\/wp-json\/wp\/v2\/product_cat?post=2019"},{"taxonomy":"product_tag","embeddable":true,"href":"https:\/\/bituumensindel24.ee\/fi\/wp-json\/wp\/v2\/product_tag?post=2019"}],"curies":[{"name":"wp","href":"https:\/\/api.w.org\/{rel}","templated":true}]}}