{"id":1952,"date":"2024-09-18T09:19:21","date_gmt":"2024-09-18T06:19:21","guid":{"rendered":"https:\/\/bituumensindel24.ee\/?post_type=product&#038;p=1952"},"modified":"2024-09-18T09:20:39","modified_gmt":"2024-09-18T06:20:39","slug":"katepal-k-10-samblatorjevahend-5l","status":"publish","type":"product","link":"https:\/\/bituumensindel24.ee\/fi\/toode\/katepal-k-10-samblatorjevahend-5l\/","title":{"rendered":"Katepal K-10 kattopesu 5l"},"content":{"rendered":"<p>Katepal K-10 on tehokas ja ymp\u00e4rist\u00f6yst\u00e4v\u00e4llinen tapa poistaa lev\u00e4-, j\u00e4k\u00e4l\u00e4- ja muita mikrobikasvustoja eri materiaalien pinnoilta.<\/p>\n<p>Aine on sellaisenaan k\u00e4ytt\u00f6valmis ja voidaan levitt\u00e4\u00e4 suihkupullolla tai kastelukannulla. Laajoilla alueilla suositellaan levitett\u00e4v\u00e4ksi matalapaineruiskulla.<\/p>\n<p>K\u00e4ytt\u00f6kohteet- Sopii yleisimmille katto- ja julkisivumateriaaleille. Ei vahingoita pintoja ja voidaan siksi k\u00e4ytt\u00e4\u00e4 rapatuilla, puu-, kivi-, bitumi, betoni-, muovi- yms. pinnoilla. Tyypillisi\u00e4 k\u00e4ytt\u00f6kohteita ovat: katot, terassit, parvekkeet, sein\u00e4t, pihakivet, sokkelit, muurit, puutarhakalusteet jne.<\/p>\n<p>K\u00e4ytt\u00f6olosuhteet ja esivalmisteluty\u00f6t- Aine vaikuttaa yli +10 \u00b0C l\u00e4mp\u00f6tiloissa ja vaikutus tehostuu l\u00e4mp\u00f6tilan noustessa. Voimakas, suora auringonpaiste sen sijaan voi aiheuttaa aineen nopeaa haihtumista, jolloin sen vaikutusteho laskee. Ainetta ei my\u00f6sk\u00e4\u00e4n suositella k\u00e4ytett\u00e4v\u00e4ksi mahdollisten y\u00f6pakkasten aikana. Ennen aineen levitt\u00e4mist\u00e4 helposti irtoava kasvusto poistetaan ja k\u00e4sitelt\u00e4v\u00e4t pinnat puhdistetaan kevyesti harjaamalla.<\/p>","protected":false},"excerpt":{"rendered":"<p>Riittoisuus\/k\u00e4sittelykerta<br \/>\n(kerrospaksuudesta riippuen) \/ 5 l astia<br \/>\nLev\u00e4- tms. rihmasto n. 50 m2<br \/>\nJ\u00e4k\u00e4l\u00e4 tai vastaava (liev\u00e4) n. 25\u201350 m2<br \/>\nJ\u00e4k\u00e4l\u00e4 tai vastaava (runsas) n. 15\u201325 m2<br \/>\nK\u00e4ytt\u00f6l\u00e4mp\u00f6tila: yli +10 \u00b0C<br \/>\nVarastointil\u00e4mp\u00f6tila: yli +0 \u00b0C<br \/>\nV\u00e4ri: kirkas<br \/>\npH-arvo: 6,9<br \/>\nPakkaus: 5 litran kanisteri<\/p>\n","protected":false},"featured_media":1956,"comment_status":"closed","ping_status":"closed","template":"","meta":[],"product_brand":[],"product_cat":[663],"product_tag":[666,664,665],"class_list":{"0":"post-1952","1":"product","2":"type-product","3":"status-publish","4":"has-post-thumbnail","6":"product_cat-katusepesu","7":"product_tag-katepal-k-10-kattopesu-5l","8":"product_tag-katepal-k-10-samblatorjevahend-5l","9":"product_tag-katepal-k-10----5","11":"first","12":"instock","13":"taxable","14":"shipping-taxable","15":"purchasable","16":"product-type-simple"},"aioseo_notices":[],"_links":{"self":[{"href":"https:\/\/bituumensindel24.ee\/fi\/wp-json\/wp\/v2\/product\/1952","targetHints":{"allow":["GET"]}}],"collection":[{"href":"https:\/\/bituumensindel24.ee\/fi\/wp-json\/wp\/v2\/product"}],"about":[{"href":"https:\/\/bituumensindel24.ee\/fi\/wp-json\/wp\/v2\/types\/product"}],"replies":[{"embeddable":true,"href":"https:\/\/bituumensindel24.ee\/fi\/wp-json\/wp\/v2\/comments?post=1952"}],"wp:featuredmedia":[{"embeddable":true,"href":"https:\/\/bituumensindel24.ee\/fi\/wp-json\/wp\/v2\/media\/1956"}],"wp:attachment":[{"href":"https:\/\/bituumensindel24.ee\/fi\/wp-json\/wp\/v2\/media?parent=1952"}],"wp:term":[{"taxonomy":"product_brand","embeddable":true,"href":"https:\/\/bituumensindel24.ee\/fi\/wp-json\/wp\/v2\/product_brand?post=1952"},{"taxonomy":"product_cat","embeddable":true,"href":"https:\/\/bituumensindel24.ee\/fi\/wp-json\/wp\/v2\/product_cat?post=1952"},{"taxonomy":"product_tag","embeddable":true,"href":"https:\/\/bituumensindel24.ee\/fi\/wp-json\/wp\/v2\/product_tag?post=1952"}],"curies":[{"name":"wp","href":"https:\/\/api.w.org\/{rel}","templated":true}]}}