{"id":1897,"date":"2024-05-15T12:55:44","date_gmt":"2024-05-15T09:55:44","guid":{"rendered":"https:\/\/bituumensindel24.ee\/?post_type=product&#038;p=1897"},"modified":"2024-05-15T12:55:44","modified_gmt":"2024-05-15T09:55:44","slug":"katusekaev-pt-km-50-500","status":"publish","type":"product","link":"https:\/\/bituumensindel24.ee\/fi\/toode\/katusekaev-pt-km-50-500\/","title":{"rendered":"Kattokaivo PT KM 50-500"},"content":{"rendered":"<p>MALLI KM on ruostumattomasta ter\u00e4ksest\u00e4 valmistettu tasakattojen kattokaivo (kaivo + roskasuoja). Putken pituus\/halkaisija tilauksen mukaan<\/p>","protected":false},"excerpt":{"rendered":"<p>MALLI KM<br \/>\nKattokaivo tasakatoille<br \/>\nMateriaali ruostumaton ter\u00e4s (kaivo + roskasuoja)<br \/>\nPutken pituus\/halkaisija tilauksen mukaan<br \/>\nKattokaivoissa ei ole CE-merkint\u00e4\u00e4<br \/>\nTuotteen soveltuvuus m\u00e4\u00e4r\u00e4ytyy kohdekohtaisen tarkastuksen perusteella<\/p>\n","protected":false},"featured_media":1898,"comment_status":"closed","ping_status":"closed","template":"","meta":[],"product_brand":[],"product_cat":[59],"product_tag":[659,657,658],"class_list":{"0":"post-1897","1":"product","2":"type-product","3":"status-publish","4":"has-post-thumbnail","6":"product_cat-katusekaevud","7":"product_tag-kattokaivo-pt-km-50-500","8":"product_tag-katusekaev-pt-km-50-500","9":"product_tag-----50-500","11":"first","12":"instock","13":"taxable","14":"shipping-taxable","15":"purchasable","16":"product-type-simple"},"aioseo_notices":[],"_links":{"self":[{"href":"https:\/\/bituumensindel24.ee\/fi\/wp-json\/wp\/v2\/product\/1897","targetHints":{"allow":["GET"]}}],"collection":[{"href":"https:\/\/bituumensindel24.ee\/fi\/wp-json\/wp\/v2\/product"}],"about":[{"href":"https:\/\/bituumensindel24.ee\/fi\/wp-json\/wp\/v2\/types\/product"}],"replies":[{"embeddable":true,"href":"https:\/\/bituumensindel24.ee\/fi\/wp-json\/wp\/v2\/comments?post=1897"}],"wp:featuredmedia":[{"embeddable":true,"href":"https:\/\/bituumensindel24.ee\/fi\/wp-json\/wp\/v2\/media\/1898"}],"wp:attachment":[{"href":"https:\/\/bituumensindel24.ee\/fi\/wp-json\/wp\/v2\/media?parent=1897"}],"wp:term":[{"taxonomy":"product_brand","embeddable":true,"href":"https:\/\/bituumensindel24.ee\/fi\/wp-json\/wp\/v2\/product_brand?post=1897"},{"taxonomy":"product_cat","embeddable":true,"href":"https:\/\/bituumensindel24.ee\/fi\/wp-json\/wp\/v2\/product_cat?post=1897"},{"taxonomy":"product_tag","embeddable":true,"href":"https:\/\/bituumensindel24.ee\/fi\/wp-json\/wp\/v2\/product_tag?post=1897"}],"curies":[{"name":"wp","href":"https:\/\/api.w.org\/{rel}","templated":true}]}}