{"id":1877,"date":"2024-03-28T20:52:14","date_gmt":"2024-03-28T18:52:14","guid":{"rendered":"https:\/\/bituumensindel24.ee\/?post_type=product&#038;p=1877"},"modified":"2024-08-28T11:48:33","modified_gmt":"2024-08-28T08:48:33","slug":"papinael-2-8x35mm-kzn","status":"publish","type":"product","link":"https:\/\/bituumensindel24.ee\/fi\/toode\/papinael-2-8x35mm-kzn\/","title":{"rendered":"Huopanaula 2.8x35mm KZN"},"content":{"rendered":"<p>Huopanaulan t\u00e4ytyy l\u00e4vist\u00e4\u00e4 alustansa kokonaan. 35 mm pitkill\u00e4 huopanauloilla voidaan yleens\u00e4 toteuttaa my\u00f6s saneerauskohteet.<\/p>","protected":false},"excerpt":{"rendered":"<p>Naula: 2.8x35mm KZN<br \/>\nPakkaus: 1 kg<br \/>\nMenekki: noin 28 kpl\/m2<\/p>\n","protected":false},"featured_media":1878,"comment_status":"closed","ping_status":"closed","template":"","meta":[],"product_brand":[],"product_cat":[57],"product_tag":[654,653,655],"class_list":{"0":"post-1877","1":"product","2":"type-product","3":"status-publish","4":"has-post-thumbnail","6":"product_cat-kinnitustarvikud","7":"product_tag-huopanaula-2-8x35mm-kzn","8":"product_tag-papinael-2-8x35mm-kzn","9":"product_tag----2-8x35mm","11":"first","12":"instock","13":"taxable","14":"shipping-taxable","15":"purchasable","16":"product-type-simple"},"aioseo_notices":[],"_links":{"self":[{"href":"https:\/\/bituumensindel24.ee\/fi\/wp-json\/wp\/v2\/product\/1877","targetHints":{"allow":["GET"]}}],"collection":[{"href":"https:\/\/bituumensindel24.ee\/fi\/wp-json\/wp\/v2\/product"}],"about":[{"href":"https:\/\/bituumensindel24.ee\/fi\/wp-json\/wp\/v2\/types\/product"}],"replies":[{"embeddable":true,"href":"https:\/\/bituumensindel24.ee\/fi\/wp-json\/wp\/v2\/comments?post=1877"}],"wp:featuredmedia":[{"embeddable":true,"href":"https:\/\/bituumensindel24.ee\/fi\/wp-json\/wp\/v2\/media\/1878"}],"wp:attachment":[{"href":"https:\/\/bituumensindel24.ee\/fi\/wp-json\/wp\/v2\/media?parent=1877"}],"wp:term":[{"taxonomy":"product_brand","embeddable":true,"href":"https:\/\/bituumensindel24.ee\/fi\/wp-json\/wp\/v2\/product_brand?post=1877"},{"taxonomy":"product_cat","embeddable":true,"href":"https:\/\/bituumensindel24.ee\/fi\/wp-json\/wp\/v2\/product_cat?post=1877"},{"taxonomy":"product_tag","embeddable":true,"href":"https:\/\/bituumensindel24.ee\/fi\/wp-json\/wp\/v2\/product_tag?post=1877"}],"curies":[{"name":"wp","href":"https:\/\/api.w.org\/{rel}","templated":true}]}}