{"id":1855,"date":"2024-01-29T12:42:14","date_gmt":"2024-01-29T10:42:14","guid":{"rendered":"https:\/\/bituumensindel24.ee\/?post_type=product&#038;p=1855"},"modified":"2026-02-01T19:05:04","modified_gmt":"2026-02-01T17:05:04","slug":"velux-isu-120090-2093-lame-klaas-lamekatusele-120x90cm","status":"publish","type":"product","link":"https:\/\/bituumensindel24.ee\/fi\/toode\/velux-isu-120090-2093-lame-klaas-lamekatusele-120x90cm\/","title":{"rendered":"Velux ISU 2093 tasakaton ikkuna suora lasi"},"content":{"rendered":"<p>Tasakaton ikkuna suoralla lasilla, Kattokaltevuudelle 2\u201315\u00b0<br \/>\nUuden sukupolven VELUX tasakaton ikkuna suoralla lasilla p\u00e4\u00e4st\u00e4\u00e4 p\u00e4iv\u00e4nvalon kotiisi. Tyylik\u00e4s reunaan reunasta ulottuva lasi sek\u00e4 suorat linjat sulautuvat yhteen katon kanssa. Ohut karmi ja n\u00e4kym\u00e4t\u00f6n puite varmistavat maksimaalisen p\u00e4iv\u00e4nvalon p\u00e4\u00e4syn sis\u00e4\u00e4n ja sis\u00e4puolen kauniin muotoilun \u2013 jopa verho asennettuna.<\/p>\n<p>Suurin p\u00e4iv\u00e4nvaloalue<br \/>\nHuippumoderni muotoilu: Reddot-palkinnon 2021 voittaja kategoriassa &#8221;Tuotesuunnittelu&#8221;<br \/>\nErinomainen energiatehokkuus 2- tai 3-kerroslasituksella<\/p>\n<p>Yl\u00e4yksikk\u00f6 on tyylik\u00e4s ja palkittu reunasta reunaan ulottuva lasi ja se tarjoaa erinomaisen teknisen suorituskyvyn. Kattokaltevuudelle 2\u201315\u00b0. Ulompi lasi on karkaistu ja s\u00e4\u00e4nkest\u00e4v\u00e4, joten se suojaa luotettavasti s\u00e4\u00e4lt\u00e4 ja antaa mielenrauhaa.<\/p>","protected":false},"excerpt":{"rendered":"<p>Mitat: 1200x900mm<br \/>\nKaton kaltevuus 2-15\u00b0<br \/>\nSuurin p\u00e4iv\u00e4nvaloalue<br \/>\nHuippumoderni muotoilu<br \/>\nErinomainen \u00e4\u00e4nenvaimennus<\/p>\n","protected":false},"featured_media":1856,"comment_status":"closed","ping_status":"closed","template":"","meta":[],"product_brand":[],"product_cat":[586],"product_tag":[635,636,637],"class_list":{"0":"post-1855","1":"product","2":"type-product","3":"status-publish","4":"has-post-thumbnail","6":"product_cat-lamekatuseaknad","7":"product_tag-velux-isu-120090-2093-lame-klaas-lamekatusele-120x90cm","8":"product_tag-velux-isu-120090-2093-tasakaton-ikkuna-suoralla-lasilla-120x90cm","9":"product_tag-velux-isu-120090-2093----120x90c","11":"first","12":"instock","13":"sale","14":"taxable","15":"shipping-taxable","16":"purchasable","17":"product-type-variable"},"aioseo_notices":[],"_links":{"self":[{"href":"https:\/\/bituumensindel24.ee\/fi\/wp-json\/wp\/v2\/product\/1855","targetHints":{"allow":["GET"]}}],"collection":[{"href":"https:\/\/bituumensindel24.ee\/fi\/wp-json\/wp\/v2\/product"}],"about":[{"href":"https:\/\/bituumensindel24.ee\/fi\/wp-json\/wp\/v2\/types\/product"}],"replies":[{"embeddable":true,"href":"https:\/\/bituumensindel24.ee\/fi\/wp-json\/wp\/v2\/comments?post=1855"}],"wp:featuredmedia":[{"embeddable":true,"href":"https:\/\/bituumensindel24.ee\/fi\/wp-json\/wp\/v2\/media\/1856"}],"wp:attachment":[{"href":"https:\/\/bituumensindel24.ee\/fi\/wp-json\/wp\/v2\/media?parent=1855"}],"wp:term":[{"taxonomy":"product_brand","embeddable":true,"href":"https:\/\/bituumensindel24.ee\/fi\/wp-json\/wp\/v2\/product_brand?post=1855"},{"taxonomy":"product_cat","embeddable":true,"href":"https:\/\/bituumensindel24.ee\/fi\/wp-json\/wp\/v2\/product_cat?post=1855"},{"taxonomy":"product_tag","embeddable":true,"href":"https:\/\/bituumensindel24.ee\/fi\/wp-json\/wp\/v2\/product_tag?post=1855"}],"curies":[{"name":"wp","href":"https:\/\/api.w.org\/{rel}","templated":true}]}}