{"id":1811,"date":"2024-01-28T09:08:00","date_gmt":"2024-01-28T07:08:00","guid":{"rendered":"https:\/\/bituumensindel24.ee\/?post_type=product&#038;p=1811"},"modified":"2026-02-01T19:15:44","modified_gmt":"2026-02-01T17:15:44","slug":"velux-isu-060060-1093-kumer-klaas-lamekatusele-60x60cm","status":"publish","type":"product","link":"https:\/\/bituumensindel24.ee\/fi\/toode\/velux-isu-060060-1093-kumer-klaas-lamekatusele-60x60cm\/","title":{"rendered":"Velux ISU 1093 tasakaton ikkuna kaareva lasi"},"content":{"rendered":"<p>Uuden sukupolven VELUX tasakaton ikkuna kaarevalla lasilla on vallankumous ikkunamuotoilussa. Ainutlaatuiselta kaarevalta lasilta sadevesi valuu helposti pois \u2013 jopa 0\u00b0 kattokaltevuudella. Ohut karmi ja n\u00e4kym\u00e4t\u00f6n puite varmistavat maksimaalisen p\u00e4iv\u00e4nvalon p\u00e4\u00e4syn sis\u00e4\u00e4n ja sis\u00e4puolen kauniin muotoilun \u2013 jopa verho asennettuna.<\/p>\n<p>Suurin p\u00e4iv\u00e4nvaloalue<br \/>\nHuippumoderni muotoilu<br \/>\nSelke\u00e4t n\u00e4kym\u00e4t ja vedenpoisto \u2013 CurveTech-sadesuoja<br \/>\nErinomainen energiatehokkuus 2- tai 3-kerroslasituksella<br \/>\nErinomainen \u00e4\u00e4nenvaimennus<\/p>\n<p>Yl\u00e4yksikk\u00f6<br \/>\nEnsiluokkainen valinta kodinomistajille, joiden kattokaltevuus on 0\u201315\u00b0. Uuden sukupolven kaareva lasi yhdist\u00e4\u00e4 huipputeknisen suorituskyvyn ohueen kaarevaan muotoiluun, joka on ainutlaatuinen markkinoilla. Patentoitu kaareva lasi poistaa sadeveden helposti jopa 0\u00b0 kattokaltevuuksilla, ja reunasta reunaan ulottuva lasi tarjoaa selke\u00e4n n\u00e4kym\u00e4n taivaalle. Ulompi lasi on karkaistu ja s\u00e4\u00e4nkest\u00e4v\u00e4, joten se suojaa luotettavasti s\u00e4\u00e4lt\u00e4 ja antaa mielenrauhaa.<\/p>","protected":false},"excerpt":{"rendered":"<p>Katon kaltevuus 0-15\u00b0<br \/>\nSuurin p\u00e4iv\u00e4nvaloalue<br \/>\nHuippumoderni muotoilu<br \/>\nSelke\u00e4t n\u00e4kym\u00e4t ja vedenpoisto \u2013 CurveTech-sadesuoja<br \/>\nErinomainen energiatehokkuus 2- tai 3-kerroslasituksella<br \/>\nErinomainen \u00e4\u00e4nenvaimennus<\/p>\n","protected":false},"featured_media":1812,"comment_status":"closed","ping_status":"closed","template":"","meta":[],"product_brand":[],"product_cat":[586],"product_tag":[587,588,589],"class_list":{"0":"post-1811","1":"product","2":"type-product","3":"status-publish","4":"has-post-thumbnail","6":"product_cat-lamekatuseaknad","7":"product_tag-velux-isu-060060-1093-kumer-klaas-lamekatusele","8":"product_tag-velux-isu-060060-1093-tasakaton-ikkuna-kaarevalla-lasilla-60x60cm","9":"product_tag-velux-isu-060060-1093----6","11":"first","12":"instock","13":"sale","14":"taxable","15":"shipping-taxable","16":"purchasable","17":"product-type-variable"},"aioseo_notices":[],"_links":{"self":[{"href":"https:\/\/bituumensindel24.ee\/fi\/wp-json\/wp\/v2\/product\/1811","targetHints":{"allow":["GET"]}}],"collection":[{"href":"https:\/\/bituumensindel24.ee\/fi\/wp-json\/wp\/v2\/product"}],"about":[{"href":"https:\/\/bituumensindel24.ee\/fi\/wp-json\/wp\/v2\/types\/product"}],"replies":[{"embeddable":true,"href":"https:\/\/bituumensindel24.ee\/fi\/wp-json\/wp\/v2\/comments?post=1811"}],"wp:featuredmedia":[{"embeddable":true,"href":"https:\/\/bituumensindel24.ee\/fi\/wp-json\/wp\/v2\/media\/1812"}],"wp:attachment":[{"href":"https:\/\/bituumensindel24.ee\/fi\/wp-json\/wp\/v2\/media?parent=1811"}],"wp:term":[{"taxonomy":"product_brand","embeddable":true,"href":"https:\/\/bituumensindel24.ee\/fi\/wp-json\/wp\/v2\/product_brand?post=1811"},{"taxonomy":"product_cat","embeddable":true,"href":"https:\/\/bituumensindel24.ee\/fi\/wp-json\/wp\/v2\/product_cat?post=1811"},{"taxonomy":"product_tag","embeddable":true,"href":"https:\/\/bituumensindel24.ee\/fi\/wp-json\/wp\/v2\/product_tag?post=1811"}],"curies":[{"name":"wp","href":"https:\/\/api.w.org\/{rel}","templated":true}]}}