{"id":1803,"date":"2023-12-16T13:33:41","date_gmt":"2023-12-16T11:33:41","guid":{"rendered":"https:\/\/bituumensindel24.ee\/?post_type=product&#038;p=1803"},"modified":"2024-03-25T08:49:29","modified_gmt":"2024-03-25T06:49:29","slug":"baltbit-pf-keevitatav-aluskate-1x10m","status":"publish","type":"product","link":"https:\/\/bituumensindel24.ee\/fi\/toode\/baltbit-pf-keevitatav-aluskate-1x10m\/","title":{"rendered":"Baltbit PF hitsattava aluskermi 1x10m"},"content":{"rendered":"<p>Baltbit PF hitsattava aluskate on modifioitua SBS-bitumia polyesterivahvisteella, pinta p\u00e4\u00e4llystetty hiekalla, alapuoli profiloitu ja p\u00e4\u00e4llystetty kalvolla. Rullan koko 1x10m.<\/p>","protected":false},"excerpt":{"rendered":"<p>Materiaalin paksuus: ~3,5mm<br \/>\nVahvike: polyesteri 160 gr\/m2<br \/>\nL\u00e4mm\u00f6nkesto: +95 \u00b0\u0421<br \/>\nJoustavuus: -20 \u00b0\u0421<br \/>\nRullan paino: 4,1 kg\/m2<br \/>\nRullan mitat: 10x1m<\/p>\n","protected":false},"featured_media":1804,"comment_status":"closed","ping_status":"closed","template":"","meta":[],"product_brand":[],"product_cat":[562],"product_tag":[584,583,585],"class_list":{"0":"post-1803","1":"product","2":"type-product","3":"status-publish","4":"has-post-thumbnail","6":"product_cat-icopal-sbs","7":"product_tag-baltbit-pf-hitsattava-aluskermi-1x10m","8":"product_tag-baltbit-pf-keevitatav-aluskate-1x10m","9":"product_tag-baltbit-pf---","11":"first","12":"instock","13":"taxable","14":"shipping-taxable","15":"purchasable","16":"product-type-simple"},"aioseo_notices":[],"_links":{"self":[{"href":"https:\/\/bituumensindel24.ee\/fi\/wp-json\/wp\/v2\/product\/1803","targetHints":{"allow":["GET"]}}],"collection":[{"href":"https:\/\/bituumensindel24.ee\/fi\/wp-json\/wp\/v2\/product"}],"about":[{"href":"https:\/\/bituumensindel24.ee\/fi\/wp-json\/wp\/v2\/types\/product"}],"replies":[{"embeddable":true,"href":"https:\/\/bituumensindel24.ee\/fi\/wp-json\/wp\/v2\/comments?post=1803"}],"wp:featuredmedia":[{"embeddable":true,"href":"https:\/\/bituumensindel24.ee\/fi\/wp-json\/wp\/v2\/media\/1804"}],"wp:attachment":[{"href":"https:\/\/bituumensindel24.ee\/fi\/wp-json\/wp\/v2\/media?parent=1803"}],"wp:term":[{"taxonomy":"product_brand","embeddable":true,"href":"https:\/\/bituumensindel24.ee\/fi\/wp-json\/wp\/v2\/product_brand?post=1803"},{"taxonomy":"product_cat","embeddable":true,"href":"https:\/\/bituumensindel24.ee\/fi\/wp-json\/wp\/v2\/product_cat?post=1803"},{"taxonomy":"product_tag","embeddable":true,"href":"https:\/\/bituumensindel24.ee\/fi\/wp-json\/wp\/v2\/product_tag?post=1803"}],"curies":[{"name":"wp","href":"https:\/\/api.w.org\/{rel}","templated":true}]}}