{"id":1801,"date":"2023-12-16T13:19:24","date_gmt":"2023-12-16T11:19:24","guid":{"rendered":"https:\/\/bituumensindel24.ee\/?post_type=product&#038;p=1801"},"modified":"2024-03-25T08:50:05","modified_gmt":"2024-03-25T06:50:05","slug":"baltbit-wf-keevitatav-pealiskate-1x7-5m","status":"publish","type":"product","link":"https:\/\/bituumensindel24.ee\/fi\/toode\/baltbit-wf-keevitatav-pealiskate-1x7-5m\/","title":{"rendered":"Baltbit WF hitsattava pintakermi 1&#215;7.5m"},"content":{"rendered":"<p><\/p>\n<div class=\"lRu31\"><span class=\"HwtZe\" lang=\"fi\"><span class=\"jCAhz ChMk0b\"><span class=\"ryNqvb\">Baltbit WF hitsattava pintakermi on valmistettu modifioidusta SBS-bitumista polyesterivahvisteella, pinta on p\u00e4\u00e4llystetty kivilastuilla.<\/span><\/span> <span class=\"jCAhz ChMk0b\"><span class=\"ryNqvb\">n. 80 mm leve\u00e4 sulatusosa, alapuoli profiloitu ja p\u00e4\u00e4llystetty kalvolla.<\/span><\/span> <span class=\"jCAhz ChMk0b\"><span class=\"ryNqvb\">Rullan koko 1&#215;7,5m.<\/span><\/span><\/span><\/div>\n<div class=\"OvtS8d\"><\/div>\n<div id=\"ow751\"><\/div>\n<div class=\"UdTY9 WdefRb\" aria-hidden=\"true\" data-location=\"2\">\n<div class=\"kO6q6e\"><\/div>\n<\/div>\n<p><\/p>","protected":false},"excerpt":{"rendered":"<p>Materiaalin paksuus: ~4,2mm<br \/>\nVahvike: polyesteri 160 gr\/m2<br \/>\nL\u00e4mm\u00f6nkesto: +95\u00b0\u0421<br \/>\nJoustavuus: -20\u00b0\u0421<br \/>\nRullan paino: 5,1 kg\/m2<br \/>\nRullan mitat: 7,5x1m<\/p>\n","protected":false},"featured_media":1802,"comment_status":"closed","ping_status":"closed","template":"","meta":[],"product_brand":[],"product_cat":[562],"product_tag":[581,580,582],"class_list":{"0":"post-1801","1":"product","2":"type-product","3":"status-publish","4":"has-post-thumbnail","6":"product_cat-icopal-sbs","7":"product_tag-baltbit-wf-hitsattava-pintakermi-1x7-5m","8":"product_tag-baltbit-wf-keevitatav-pealiskate","9":"product_tag-baltbit-wf-sbs-1x7-5m","11":"first","12":"instock","13":"taxable","14":"shipping-taxable","15":"purchasable","16":"product-type-simple"},"aioseo_notices":[],"_links":{"self":[{"href":"https:\/\/bituumensindel24.ee\/fi\/wp-json\/wp\/v2\/product\/1801","targetHints":{"allow":["GET"]}}],"collection":[{"href":"https:\/\/bituumensindel24.ee\/fi\/wp-json\/wp\/v2\/product"}],"about":[{"href":"https:\/\/bituumensindel24.ee\/fi\/wp-json\/wp\/v2\/types\/product"}],"replies":[{"embeddable":true,"href":"https:\/\/bituumensindel24.ee\/fi\/wp-json\/wp\/v2\/comments?post=1801"}],"wp:featuredmedia":[{"embeddable":true,"href":"https:\/\/bituumensindel24.ee\/fi\/wp-json\/wp\/v2\/media\/1802"}],"wp:attachment":[{"href":"https:\/\/bituumensindel24.ee\/fi\/wp-json\/wp\/v2\/media?parent=1801"}],"wp:term":[{"taxonomy":"product_brand","embeddable":true,"href":"https:\/\/bituumensindel24.ee\/fi\/wp-json\/wp\/v2\/product_brand?post=1801"},{"taxonomy":"product_cat","embeddable":true,"href":"https:\/\/bituumensindel24.ee\/fi\/wp-json\/wp\/v2\/product_cat?post=1801"},{"taxonomy":"product_tag","embeddable":true,"href":"https:\/\/bituumensindel24.ee\/fi\/wp-json\/wp\/v2\/product_tag?post=1801"}],"curies":[{"name":"wp","href":"https:\/\/api.w.org\/{rel}","templated":true}]}}