{"id":1793,"date":"2023-12-15T13:42:09","date_gmt":"2023-12-15T11:42:09","guid":{"rendered":"https:\/\/bituumensindel24.ee\/?post_type=product&#038;p=1793"},"modified":"2023-12-27T17:55:45","modified_gmt":"2023-12-27T15:55:45","slug":"vilpe-rhs-labiviigutihend-40-50-60-70mm","status":"publish","type":"product","link":"https:\/\/bituumensindel24.ee\/fi\/toode\/vilpe-rhs-labiviigutihend-40-50-60-70mm\/","title":{"rendered":"Vilpe RHS tiiviste 40-70mm"},"content":{"rendered":"<p>K\u00e4ytt\u00f6kohteet: Neli\u00f6nmallisen putken l\u00e4piviennin tiivist\u00e4miseen huopakatteella. Kiristin valitaan putken koon mukaan. L\u00e4pivientitiivisteet on tarkoitettu tasakatoille (&lt;11,5\u00b0 kaato).<\/p>","protected":false},"excerpt":{"rendered":"<p>Sis\u00e4lt\u00f6: Tiiviste<br \/>\nL\u00e4pivientitiivisteet on tarkoitettu tasakatoille<br \/>\nKiristin valitaanputken koon mukaan<\/p>\n","protected":false},"featured_media":1794,"comment_status":"closed","ping_status":"closed","template":"","meta":[],"product_brand":[],"product_cat":[420],"product_tag":[572,574,573],"class_list":{"0":"post-1793","1":"product","2":"type-product","3":"status-publish","4":"has-post-thumbnail","6":"product_cat-labiviigu-tihendid","7":"product_tag-vilpe-rhs-labiviigutihend-40-50-60-70mm","8":"product_tag-vilpe-rhs-tiiviste-40-50-60-70mm","9":"product_tag-vilpe-rhs--40-50-60-70mm","11":"first","12":"instock","13":"sale","14":"taxable","15":"shipping-taxable","16":"purchasable","17":"product-type-simple"},"aioseo_notices":[],"_links":{"self":[{"href":"https:\/\/bituumensindel24.ee\/fi\/wp-json\/wp\/v2\/product\/1793","targetHints":{"allow":["GET"]}}],"collection":[{"href":"https:\/\/bituumensindel24.ee\/fi\/wp-json\/wp\/v2\/product"}],"about":[{"href":"https:\/\/bituumensindel24.ee\/fi\/wp-json\/wp\/v2\/types\/product"}],"replies":[{"embeddable":true,"href":"https:\/\/bituumensindel24.ee\/fi\/wp-json\/wp\/v2\/comments?post=1793"}],"wp:featuredmedia":[{"embeddable":true,"href":"https:\/\/bituumensindel24.ee\/fi\/wp-json\/wp\/v2\/media\/1794"}],"wp:attachment":[{"href":"https:\/\/bituumensindel24.ee\/fi\/wp-json\/wp\/v2\/media?parent=1793"}],"wp:term":[{"taxonomy":"product_brand","embeddable":true,"href":"https:\/\/bituumensindel24.ee\/fi\/wp-json\/wp\/v2\/product_brand?post=1793"},{"taxonomy":"product_cat","embeddable":true,"href":"https:\/\/bituumensindel24.ee\/fi\/wp-json\/wp\/v2\/product_cat?post=1793"},{"taxonomy":"product_tag","embeddable":true,"href":"https:\/\/bituumensindel24.ee\/fi\/wp-json\/wp\/v2\/product_tag?post=1793"}],"curies":[{"name":"wp","href":"https:\/\/api.w.org\/{rel}","templated":true}]}}