{"id":1787,"date":"2023-12-15T12:39:31","date_gmt":"2023-12-15T10:39:31","guid":{"rendered":"https:\/\/bituumensindel24.ee\/?post_type=product&#038;p=1787"},"modified":"2023-12-27T17:55:45","modified_gmt":"2023-12-27T15:55:45","slug":"vilpe-r-felt-jarelpaigalduse-labiviik-o-110-170mm","status":"publish","type":"product","link":"https:\/\/bituumensindel24.ee\/fi\/toode\/vilpe-r-felt-jarelpaigalduse-labiviik-o-110-170mm\/","title":{"rendered":"Vilpe R-Felt sarja \u00d8 110-170mm"},"content":{"rendered":"<p>K\u00e4ytt\u00f6kohteet: Py\u00f6reiden putkien l\u00e4piviennin tiivist\u00e4miseen j\u00e4lkiasennuksena huopakatolle. L\u00e4pivientitiivisteet on tarkoitettu tasakatoille (&lt;11,5\u00b0 kaato).<\/p>","protected":false},"excerpt":{"rendered":"<p>Malli: \u00d8 110-170 mm<br \/>\nSis\u00e4lt\u00f6: Tiiviste, kiristin.<\/p>\n","protected":false},"featured_media":1788,"comment_status":"closed","ping_status":"closed","template":"","meta":[],"product_brand":[],"product_cat":[420],"product_tag":[566,567,568],"class_list":{"0":"post-1787","1":"product","2":"type-product","3":"status-publish","4":"has-post-thumbnail","6":"product_cat-labiviigu-tihendid","7":"product_tag-vilpe-r-felt-jarelpaigalduse-labiviik-o-110-170mm","8":"product_tag-vilpe-r-felt-sarja-o-110-170mm","9":"product_tag-vilpe-r-fel---o-110-170mm","11":"first","12":"instock","13":"sale","14":"taxable","15":"shipping-taxable","16":"purchasable","17":"product-type-simple"},"aioseo_notices":[],"_links":{"self":[{"href":"https:\/\/bituumensindel24.ee\/fi\/wp-json\/wp\/v2\/product\/1787","targetHints":{"allow":["GET"]}}],"collection":[{"href":"https:\/\/bituumensindel24.ee\/fi\/wp-json\/wp\/v2\/product"}],"about":[{"href":"https:\/\/bituumensindel24.ee\/fi\/wp-json\/wp\/v2\/types\/product"}],"replies":[{"embeddable":true,"href":"https:\/\/bituumensindel24.ee\/fi\/wp-json\/wp\/v2\/comments?post=1787"}],"wp:featuredmedia":[{"embeddable":true,"href":"https:\/\/bituumensindel24.ee\/fi\/wp-json\/wp\/v2\/media\/1788"}],"wp:attachment":[{"href":"https:\/\/bituumensindel24.ee\/fi\/wp-json\/wp\/v2\/media?parent=1787"}],"wp:term":[{"taxonomy":"product_brand","embeddable":true,"href":"https:\/\/bituumensindel24.ee\/fi\/wp-json\/wp\/v2\/product_brand?post=1787"},{"taxonomy":"product_cat","embeddable":true,"href":"https:\/\/bituumensindel24.ee\/fi\/wp-json\/wp\/v2\/product_cat?post=1787"},{"taxonomy":"product_tag","embeddable":true,"href":"https:\/\/bituumensindel24.ee\/fi\/wp-json\/wp\/v2\/product_tag?post=1787"}],"curies":[{"name":"wp","href":"https:\/\/api.w.org\/{rel}","templated":true}]}}