{"id":1738,"date":"2023-12-05T15:31:44","date_gmt":"2023-12-05T13:31:44","guid":{"rendered":"https:\/\/bituumensindel24.ee\/?post_type=product&#038;p=1738"},"modified":"2023-12-27T17:55:45","modified_gmt":"2023-12-27T15:55:45","slug":"katuseluuk-multiroof-300-lamekatusele-hall","status":"publish","type":"product","link":"https:\/\/bituumensindel24.ee\/fi\/toode\/katuseluuk-multiroof-300-lamekatusele-hall\/","title":{"rendered":"Kattoluukku Multiroof 300 huopa\/loiva harmaa"},"content":{"rendered":"<p>Kattoluukku Multiroof 300 huopa\/loiva k\u00e4ytt\u00f6kohteet: Loiville katoille, joissa katemateriaali on bitumikermi tai muu tiivissaumakate. K\u00e4ytet\u00e4\u00e4n palo- ja huoltoluukkuna sek\u00e4 katon ja ullakkotilan v\u00e4lisen\u00e4 kulkureittin\u00e4. Minimi- tai maksimikattokaltevuus katemateriaalin mukaan.<\/p>\n<p>Sis\u00e4lt\u00f6: Valmiiksi koottu kattoluukku, jossa on polyeteenist\u00e4 valmistettu eristetty kansi sek\u00e4 liimapuulevyst\u00e4 tehty kehys kolmiorimalla. Lis\u00e4ksi ruuvit aukipitosalpaa varten ja asennusohje. Luukun pellityssarja myyd\u00e4\u00e4n erikseen.<\/p>","protected":false},"excerpt":{"rendered":"<p>Aukkomitta 610 x 610 mm.<br \/>\nKehyksen korkeus 300 mm.<\/p>\n","protected":false},"featured_media":1739,"comment_status":"closed","ping_status":"closed","template":"","meta":[],"product_brand":[],"product_cat":[542],"product_tag":[553,544,552,554],"class_list":{"0":"post-1738","1":"product","2":"type-product","3":"status-publish","4":"has-post-thumbnail","6":"product_cat-katuseluugid","7":"product_tag-kattoluukku-multiroof-300-huopa-loiva","8":"product_tag-lamekatuse-katuseluuk","9":"product_tag-lamekatuse-katuseluuk-multiroof-300","10":"product_tag---multiroof-300","12":"first","13":"onbackorder","14":"sale","15":"taxable","16":"shipping-taxable","17":"purchasable","18":"product-type-simple"},"aioseo_notices":[],"_links":{"self":[{"href":"https:\/\/bituumensindel24.ee\/fi\/wp-json\/wp\/v2\/product\/1738","targetHints":{"allow":["GET"]}}],"collection":[{"href":"https:\/\/bituumensindel24.ee\/fi\/wp-json\/wp\/v2\/product"}],"about":[{"href":"https:\/\/bituumensindel24.ee\/fi\/wp-json\/wp\/v2\/types\/product"}],"replies":[{"embeddable":true,"href":"https:\/\/bituumensindel24.ee\/fi\/wp-json\/wp\/v2\/comments?post=1738"}],"wp:featuredmedia":[{"embeddable":true,"href":"https:\/\/bituumensindel24.ee\/fi\/wp-json\/wp\/v2\/media\/1739"}],"wp:attachment":[{"href":"https:\/\/bituumensindel24.ee\/fi\/wp-json\/wp\/v2\/media?parent=1738"}],"wp:term":[{"taxonomy":"product_brand","embeddable":true,"href":"https:\/\/bituumensindel24.ee\/fi\/wp-json\/wp\/v2\/product_brand?post=1738"},{"taxonomy":"product_cat","embeddable":true,"href":"https:\/\/bituumensindel24.ee\/fi\/wp-json\/wp\/v2\/product_cat?post=1738"},{"taxonomy":"product_tag","embeddable":true,"href":"https:\/\/bituumensindel24.ee\/fi\/wp-json\/wp\/v2\/product_tag?post=1738"}],"curies":[{"name":"wp","href":"https:\/\/api.w.org\/{rel}","templated":true}]}}