{"id":1700,"date":"2023-10-14T14:24:09","date_gmt":"2023-10-14T11:24:09","guid":{"rendered":"https:\/\/bituumensindel24.ee\/?post_type=product&#038;p=1700"},"modified":"2024-07-25T09:47:26","modified_gmt":"2024-07-25T06:47:26","slug":"vilpe-110p-500-flow-lamekatuse-kanalituulutuse-komplekt-hall","status":"publish","type":"product","link":"https:\/\/bituumensindel24.ee\/fi\/toode\/vilpe-110p-500-flow-lamekatuse-kanalituulutuse-komplekt-hall\/","title":{"rendered":"Vilpe 110P\/500 Flow huopakatto ilmanvaihtosarja harmaa"},"content":{"rendered":"<p>Vilpe 110P\/500 Flow on erist\u00e4m\u00e4t\u00f6n viem\u00e4rituuletussarja FLOW-sarjan sadesuojalla ja bitumiylip\u00e4\u00e4st\u00f6ll\u00e4 tasaiselle katolle. Sit\u00e4 k\u00e4ytet\u00e4\u00e4n bitumirullamateriaalista valmistetuille tasakatoille sek\u00e4 viem\u00e4rin tuuletusputkena ett\u00e4 ullakon ja kattorakenteen tuuletukseen.<\/p>","protected":false},"excerpt":{"rendered":"<p>Kanavan sis\u00e4halkaisija \u00d8 110 mm<br \/>\nKorkeus kattopinnasta 863 mm<br \/>\nMateriaali polypropeeni<br \/>\nSarjan paino, brutto\/netto 8,09 \/ 6,49 kg<\/p>\n","protected":false},"featured_media":1701,"comment_status":"closed","ping_status":"closed","template":"","meta":[],"product_brand":[],"product_cat":[15],"product_tag":[539,538,540],"class_list":{"0":"post-1700","1":"product","2":"type-product","3":"status-publish","4":"has-post-thumbnail","6":"product_cat-110mm-tuulutustorud","7":"product_tag-vilpe-110p-500-flow-huopakatto-ilmanvaihtosarja","8":"product_tag-vilpe-110p-500-flow-lamekatuse-kanalituulutus","9":"product_tag-vilpe-110p-500-flow---","11":"first","12":"instock","13":"sale","14":"taxable","15":"shipping-taxable","16":"purchasable","17":"product-type-simple"},"aioseo_notices":[],"_links":{"self":[{"href":"https:\/\/bituumensindel24.ee\/fi\/wp-json\/wp\/v2\/product\/1700","targetHints":{"allow":["GET"]}}],"collection":[{"href":"https:\/\/bituumensindel24.ee\/fi\/wp-json\/wp\/v2\/product"}],"about":[{"href":"https:\/\/bituumensindel24.ee\/fi\/wp-json\/wp\/v2\/types\/product"}],"replies":[{"embeddable":true,"href":"https:\/\/bituumensindel24.ee\/fi\/wp-json\/wp\/v2\/comments?post=1700"}],"wp:featuredmedia":[{"embeddable":true,"href":"https:\/\/bituumensindel24.ee\/fi\/wp-json\/wp\/v2\/media\/1701"}],"wp:attachment":[{"href":"https:\/\/bituumensindel24.ee\/fi\/wp-json\/wp\/v2\/media?parent=1700"}],"wp:term":[{"taxonomy":"product_brand","embeddable":true,"href":"https:\/\/bituumensindel24.ee\/fi\/wp-json\/wp\/v2\/product_brand?post=1700"},{"taxonomy":"product_cat","embeddable":true,"href":"https:\/\/bituumensindel24.ee\/fi\/wp-json\/wp\/v2\/product_cat?post=1700"},{"taxonomy":"product_tag","embeddable":true,"href":"https:\/\/bituumensindel24.ee\/fi\/wp-json\/wp\/v2\/product_tag?post=1700"}],"curies":[{"name":"wp","href":"https:\/\/api.w.org\/{rel}","templated":true}]}}