{"id":1660,"date":"2023-09-01T16:03:56","date_gmt":"2023-09-01T13:03:56","guid":{"rendered":"https:\/\/bituumensindel24.ee\/?post_type=product&#038;p=1660"},"modified":"2023-12-27T18:09:43","modified_gmt":"2023-12-27T16:09:43","slug":"katuseredeli-paigalduskomplekt-as3b-orima","status":"publish","type":"product","link":"https:\/\/bituumensindel24.ee\/fi\/toode\/katuseredeli-paigalduskomplekt-as3b-orima\/","title":{"rendered":"Lapetikkaan korokepalkkisarja AS3B Orima"},"content":{"rendered":"<p>K\u00e4ytet\u00e4\u00e4n lapetikkaan tuentaan huopakatoilla ja vanhoilla tiilikatoilla.<\/p>","protected":false},"excerpt":{"rendered":"<p>Korokepalkki: 4 kpl<br \/>\nLapetikkaan K-Kiinnike: 2 kpl<br \/>\nMax. kannatusv\u00e4li 1,4m.<br \/>\nMax. kiinnitysv\u00e4li huopakatolla 5m.<\/p>\n<p>&nbsp;<\/p>\n","protected":false},"featured_media":1661,"comment_status":"closed","ping_status":"closed","template":"","meta":[],"product_brand":[],"product_cat":[498],"product_tag":[527,529,528],"class_list":{"0":"post-1660","1":"product","2":"type-product","3":"status-publish","4":"has-post-thumbnail","6":"product_cat-turvatooted-bituumenkatusele","7":"product_tag-katuseredeli-paigalduskomplekt-as3b-orima","8":"product_tag-lapetikkaan-korokepalkkisarja-as3b-orima","9":"product_tag---as3b-orima","11":"first","12":"onbackorder","13":"taxable","14":"shipping-taxable","15":"purchasable","16":"product-type-simple"},"aioseo_notices":[],"_links":{"self":[{"href":"https:\/\/bituumensindel24.ee\/fi\/wp-json\/wp\/v2\/product\/1660","targetHints":{"allow":["GET"]}}],"collection":[{"href":"https:\/\/bituumensindel24.ee\/fi\/wp-json\/wp\/v2\/product"}],"about":[{"href":"https:\/\/bituumensindel24.ee\/fi\/wp-json\/wp\/v2\/types\/product"}],"replies":[{"embeddable":true,"href":"https:\/\/bituumensindel24.ee\/fi\/wp-json\/wp\/v2\/comments?post=1660"}],"wp:featuredmedia":[{"embeddable":true,"href":"https:\/\/bituumensindel24.ee\/fi\/wp-json\/wp\/v2\/media\/1661"}],"wp:attachment":[{"href":"https:\/\/bituumensindel24.ee\/fi\/wp-json\/wp\/v2\/media?parent=1660"}],"wp:term":[{"taxonomy":"product_brand","embeddable":true,"href":"https:\/\/bituumensindel24.ee\/fi\/wp-json\/wp\/v2\/product_brand?post=1660"},{"taxonomy":"product_cat","embeddable":true,"href":"https:\/\/bituumensindel24.ee\/fi\/wp-json\/wp\/v2\/product_cat?post=1660"},{"taxonomy":"product_tag","embeddable":true,"href":"https:\/\/bituumensindel24.ee\/fi\/wp-json\/wp\/v2\/product_tag?post=1660"}],"curies":[{"name":"wp","href":"https:\/\/api.w.org\/{rel}","templated":true}]}}