{"id":1652,"date":"2023-09-01T14:06:23","date_gmt":"2023-09-01T11:06:23","guid":{"rendered":"https:\/\/bituumensindel24.ee\/?post_type=product&#038;p=1652"},"modified":"2023-12-27T18:09:43","modified_gmt":"2023-12-27T16:09:43","slug":"katuseredeli-paigalduskomplekt-plekkjalad-as3c2-orima","status":"publish","type":"product","link":"https:\/\/bituumensindel24.ee\/fi\/toode\/katuseredeli-paigalduskomplekt-plekkjalad-as3c2-orima\/","title":{"rendered":"Lapetikkaan peltijalkasarja AS3C2 Orima"},"content":{"rendered":"<p>K\u00e4ytet\u00e4\u00e4n lapetikkaan lis\u00e4tuentaan peltikatoilla.<\/p>","protected":false},"excerpt":{"rendered":"<p>Peltijalka 2kpl<br \/>\nTiivistenauhat<br \/>\nLVI-Ruuvit<\/p>\n","protected":false},"featured_media":1653,"comment_status":"closed","ping_status":"closed","template":"","meta":[],"product_brand":[],"product_cat":[498],"product_tag":[515,516,517],"class_list":{"0":"post-1652","1":"product","2":"type-product","3":"status-publish","4":"has-post-thumbnail","6":"product_cat-turvatooted-bituumenkatusele","7":"product_tag-katuseredeli-paigalduskomplekt-plekkjalad-as3c2","8":"product_tag-lapetikkaan-peltijalkasarja-as3c2","9":"product_tag----as3c2","11":"first","12":"onbackorder","13":"taxable","14":"shipping-taxable","15":"purchasable","16":"product-type-simple"},"aioseo_notices":[],"_links":{"self":[{"href":"https:\/\/bituumensindel24.ee\/fi\/wp-json\/wp\/v2\/product\/1652","targetHints":{"allow":["GET"]}}],"collection":[{"href":"https:\/\/bituumensindel24.ee\/fi\/wp-json\/wp\/v2\/product"}],"about":[{"href":"https:\/\/bituumensindel24.ee\/fi\/wp-json\/wp\/v2\/types\/product"}],"replies":[{"embeddable":true,"href":"https:\/\/bituumensindel24.ee\/fi\/wp-json\/wp\/v2\/comments?post=1652"}],"wp:featuredmedia":[{"embeddable":true,"href":"https:\/\/bituumensindel24.ee\/fi\/wp-json\/wp\/v2\/media\/1653"}],"wp:attachment":[{"href":"https:\/\/bituumensindel24.ee\/fi\/wp-json\/wp\/v2\/media?parent=1652"}],"wp:term":[{"taxonomy":"product_brand","embeddable":true,"href":"https:\/\/bituumensindel24.ee\/fi\/wp-json\/wp\/v2\/product_brand?post=1652"},{"taxonomy":"product_cat","embeddable":true,"href":"https:\/\/bituumensindel24.ee\/fi\/wp-json\/wp\/v2\/product_cat?post=1652"},{"taxonomy":"product_tag","embeddable":true,"href":"https:\/\/bituumensindel24.ee\/fi\/wp-json\/wp\/v2\/product_tag?post=1652"}],"curies":[{"name":"wp","href":"https:\/\/api.w.org\/{rel}","templated":true}]}}