{"id":1632,"date":"2023-09-01T11:01:41","date_gmt":"2023-09-01T08:01:41","guid":{"rendered":"https:\/\/bituumensindel24.ee\/?post_type=product&#038;p=1632"},"modified":"2023-12-27T18:09:44","modified_gmt":"2023-12-27T16:09:44","slug":"katuseredeli-komplekt-orima-1-2m-bituumenkatusele","status":"publish","type":"product","link":"https:\/\/bituumensindel24.ee\/fi\/toode\/katuseredeli-komplekt-orima-1-2m-bituumenkatusele\/","title":{"rendered":"Lapetikaspaketti Orima 1.2m huopa"},"content":{"rendered":"<p>Kattotikkaat ovat jyrk\u00e4n katon kulkutie lappeelta harjalle huoltot\u00f6ihin.Lapetikkaat asennetaan aina kiinte\u00e4sti katolle. Katolla olevien tikkaiden yhteydess\u00e4 on syyt\u00e4 k\u00e4ytt\u00e4\u00e4 lumiesteit\u00e4. Orima\u00ae lapetikkaat tiili-, huopa,- ja peltikatoille muovijaloilla on CE-merkitty.Lapetikkaat t\u00e4ytt\u00e4v\u00e4t SFS-EN 12951 standardin luokan 2 lujuusvaatimukset mik\u00e4li ne kiinnitet\u00e4\u00e4n asennusohjeen mukaisesti.<\/p>","protected":false},"excerpt":{"rendered":"<p>Tikasrungo 1200mm: 1 kpl<br \/>\nKorokepalkit 2kpl K-kiinnikkeit\u00e4.<br \/>\nRuuvit ja mutterit kokoamiseen ja kiinnitt\u00e4miseen<\/p>\n","protected":false},"featured_media":1633,"comment_status":"closed","ping_status":"closed","template":"","meta":[],"product_brand":[],"product_cat":[498],"product_tag":[502,503,504],"class_list":{"0":"post-1632","1":"product","2":"type-product","3":"status-publish","4":"has-post-thumbnail","6":"product_cat-turvatooted-bituumenkatusele","7":"product_tag-katuseredeli-komplekt-orima","8":"product_tag-lapetikaspaketti-orima","9":"product_tag---orima","11":"first","12":"onbackorder","13":"taxable","14":"shipping-taxable","15":"purchasable","16":"product-type-simple"},"aioseo_notices":[],"_links":{"self":[{"href":"https:\/\/bituumensindel24.ee\/fi\/wp-json\/wp\/v2\/product\/1632","targetHints":{"allow":["GET"]}}],"collection":[{"href":"https:\/\/bituumensindel24.ee\/fi\/wp-json\/wp\/v2\/product"}],"about":[{"href":"https:\/\/bituumensindel24.ee\/fi\/wp-json\/wp\/v2\/types\/product"}],"replies":[{"embeddable":true,"href":"https:\/\/bituumensindel24.ee\/fi\/wp-json\/wp\/v2\/comments?post=1632"}],"wp:featuredmedia":[{"embeddable":true,"href":"https:\/\/bituumensindel24.ee\/fi\/wp-json\/wp\/v2\/media\/1633"}],"wp:attachment":[{"href":"https:\/\/bituumensindel24.ee\/fi\/wp-json\/wp\/v2\/media?parent=1632"}],"wp:term":[{"taxonomy":"product_brand","embeddable":true,"href":"https:\/\/bituumensindel24.ee\/fi\/wp-json\/wp\/v2\/product_brand?post=1632"},{"taxonomy":"product_cat","embeddable":true,"href":"https:\/\/bituumensindel24.ee\/fi\/wp-json\/wp\/v2\/product_cat?post=1632"},{"taxonomy":"product_tag","embeddable":true,"href":"https:\/\/bituumensindel24.ee\/fi\/wp-json\/wp\/v2\/product_tag?post=1632"}],"curies":[{"name":"wp","href":"https:\/\/api.w.org\/{rel}","templated":true}]}}