{"id":1624,"date":"2023-08-31T19:26:26","date_gmt":"2023-08-31T16:26:26","guid":{"rendered":"https:\/\/bituumensindel24.ee\/?post_type=product&#038;p=1624"},"modified":"2023-12-27T18:09:44","modified_gmt":"2023-12-27T16:09:44","slug":"kaigusilla-komplekt-1210mm-bituumenkatusele","status":"publish","type":"product","link":"https:\/\/bituumensindel24.ee\/fi\/toode\/kaigusilla-komplekt-1210mm-bituumenkatusele\/","title":{"rendered":"Kattosiltapaketti 1210mm huopa"},"content":{"rendered":"<p>Oriman kattosillalla kulkeminen on turvallista my\u00f6s talven \u00e4\u00e4riolosuhteissa. Kattosillan ominaisuudet on varmistettu mekaanisin testein ja turvallisuus testattu hyv\u00e4ksytyksi rakennusm\u00e4\u00e4r\u00e4ysten ja CE-merkint\u00f6jen mukaisesti.<\/p>\n<p>Kattokaltevuus max. 54 asteta<\/p>","protected":false},"excerpt":{"rendered":"<p>Pituus: 1210mm<br \/>\nLeveys: 350mm<br \/>\nKannaket: 3 kpl<br \/>\nPultit ja ruuvit<\/p>\n","protected":false},"featured_media":1625,"comment_status":"closed","ping_status":"closed","template":"","meta":[],"product_brand":[],"product_cat":[498],"product_tag":[499,500,501],"class_list":{"0":"post-1624","1":"product","2":"type-product","3":"status-publish","4":"has-post-thumbnail","6":"product_cat-turvatooted-bituumenkatusele","7":"product_tag-kaigusilla-komplekt-bituumenkatusele","8":"product_tag-kattosiltapaketti-huopa","9":"product_tag-501","11":"first","12":"onbackorder","13":"taxable","14":"shipping-taxable","15":"purchasable","16":"product-type-simple"},"aioseo_notices":[],"_links":{"self":[{"href":"https:\/\/bituumensindel24.ee\/fi\/wp-json\/wp\/v2\/product\/1624","targetHints":{"allow":["GET"]}}],"collection":[{"href":"https:\/\/bituumensindel24.ee\/fi\/wp-json\/wp\/v2\/product"}],"about":[{"href":"https:\/\/bituumensindel24.ee\/fi\/wp-json\/wp\/v2\/types\/product"}],"replies":[{"embeddable":true,"href":"https:\/\/bituumensindel24.ee\/fi\/wp-json\/wp\/v2\/comments?post=1624"}],"wp:featuredmedia":[{"embeddable":true,"href":"https:\/\/bituumensindel24.ee\/fi\/wp-json\/wp\/v2\/media\/1625"}],"wp:attachment":[{"href":"https:\/\/bituumensindel24.ee\/fi\/wp-json\/wp\/v2\/media?parent=1624"}],"wp:term":[{"taxonomy":"product_brand","embeddable":true,"href":"https:\/\/bituumensindel24.ee\/fi\/wp-json\/wp\/v2\/product_brand?post=1624"},{"taxonomy":"product_cat","embeddable":true,"href":"https:\/\/bituumensindel24.ee\/fi\/wp-json\/wp\/v2\/product_cat?post=1624"},{"taxonomy":"product_tag","embeddable":true,"href":"https:\/\/bituumensindel24.ee\/fi\/wp-json\/wp\/v2\/product_tag?post=1624"}],"curies":[{"name":"wp","href":"https:\/\/api.w.org\/{rel}","templated":true}]}}