{"id":1620,"date":"2023-08-31T13:16:01","date_gmt":"2023-08-31T10:16:01","guid":{"rendered":"https:\/\/bituumensindel24.ee\/?post_type=product&#038;p=1620"},"modified":"2025-04-15T12:44:40","modified_gmt":"2025-04-15T09:44:40","slug":"tilgaplekk-2m-pruun","status":"publish","type":"product","link":"https:\/\/bituumensindel24.ee\/fi\/toode\/tilgaplekk-2m-pruun\/","title":{"rendered":"Tippapelti 2m ruskea"},"content":{"rendered":"<p>Tippapelti, joka suojaa r\u00e4yst\u00e4slautoja ja sein\u00e4rakenteita kastumiselta. 2 m pitk\u00e4n pellin hy\u00f6typituus on 1,95 m. Kiinnitet\u00e4\u00e4n mekaanisesti huopanauloilla tai tippapeltiruuveilla pintakatteen alle.<\/p>","protected":false},"excerpt":{"rendered":"<p>Pituus: 2m<\/p>\n","protected":false},"featured_media":1690,"comment_status":"closed","ping_status":"closed","template":"","meta":[],"product_brand":[],"product_cat":[490],"product_tag":[495,496,497],"class_list":{"0":"post-1620","1":"product","2":"type-product","3":"status-publish","4":"has-post-thumbnail","6":"product_cat-tilgaplekk-aareplekk","7":"product_tag-tilgaplekk","8":"product_tag-tippapelti-2m","9":"product_tag---2m","11":"first","12":"onbackorder","13":"sale","14":"taxable","15":"shipping-taxable","16":"purchasable","17":"product-type-simple"},"aioseo_notices":[],"_links":{"self":[{"href":"https:\/\/bituumensindel24.ee\/fi\/wp-json\/wp\/v2\/product\/1620","targetHints":{"allow":["GET"]}}],"collection":[{"href":"https:\/\/bituumensindel24.ee\/fi\/wp-json\/wp\/v2\/product"}],"about":[{"href":"https:\/\/bituumensindel24.ee\/fi\/wp-json\/wp\/v2\/types\/product"}],"replies":[{"embeddable":true,"href":"https:\/\/bituumensindel24.ee\/fi\/wp-json\/wp\/v2\/comments?post=1620"}],"wp:featuredmedia":[{"embeddable":true,"href":"https:\/\/bituumensindel24.ee\/fi\/wp-json\/wp\/v2\/media\/1690"}],"wp:attachment":[{"href":"https:\/\/bituumensindel24.ee\/fi\/wp-json\/wp\/v2\/media?parent=1620"}],"wp:term":[{"taxonomy":"product_brand","embeddable":true,"href":"https:\/\/bituumensindel24.ee\/fi\/wp-json\/wp\/v2\/product_brand?post=1620"},{"taxonomy":"product_cat","embeddable":true,"href":"https:\/\/bituumensindel24.ee\/fi\/wp-json\/wp\/v2\/product_cat?post=1620"},{"taxonomy":"product_tag","embeddable":true,"href":"https:\/\/bituumensindel24.ee\/fi\/wp-json\/wp\/v2\/product_tag?post=1620"}],"curies":[{"name":"wp","href":"https:\/\/api.w.org\/{rel}","templated":true}]}}