{"id":1606,"date":"2023-08-31T11:21:57","date_gmt":"2023-08-31T08:21:57","guid":{"rendered":"https:\/\/bituumensindel24.ee\/?post_type=product&#038;p=1606"},"modified":"2023-12-27T17:16:01","modified_gmt":"2023-12-27T15:16:01","slug":"korgendusega-aareplekk-2m-must","status":"publish","type":"product","link":"https:\/\/bituumensindel24.ee\/fi\/toode\/korgendusega-aareplekk-2m-must\/","title":{"rendered":"Olallinen p\u00e4\u00e4tyr\u00e4yst\u00e4spelti 2m musta"},"content":{"rendered":"<p>Pelliss\u00e4 normaalin tippanokan lis\u00e4ksi korotettu 20 mm korkea olallinen osuus, joka suojaa p\u00e4\u00e4tyr\u00e4yst\u00e4srakenteita tehokkaasti katolta roiskuvilta sadevesilt\u00e4 etenkin tuulisilla keleill\u00e4. 2 m pitk\u00e4n pellin hy\u00f6typituus on 1,95 m. Kiinnitet\u00e4\u00e4n mekaanisesti huopanauloilla tai tippapeltiruuveilla vesikatteen alle.<\/p>","protected":false},"excerpt":{"rendered":"<p>Pituus: 2000mm<\/p>\n","protected":false},"featured_media":1607,"comment_status":"closed","ping_status":"closed","template":"","meta":[],"product_brand":[],"product_cat":[490],"product_tag":[491,492,493],"class_list":{"0":"post-1606","1":"product","2":"type-product","3":"status-publish","4":"has-post-thumbnail","6":"product_cat-tilgaplekk-aareplekk","7":"product_tag-korgendusega-aareplekk","8":"product_tag-olallinen-paatyraystaspelti-2m","9":"product_tag---2000mm","11":"first","12":"onbackorder","13":"taxable","14":"shipping-taxable","15":"purchasable","16":"product-type-simple"},"aioseo_notices":[],"_links":{"self":[{"href":"https:\/\/bituumensindel24.ee\/fi\/wp-json\/wp\/v2\/product\/1606","targetHints":{"allow":["GET"]}}],"collection":[{"href":"https:\/\/bituumensindel24.ee\/fi\/wp-json\/wp\/v2\/product"}],"about":[{"href":"https:\/\/bituumensindel24.ee\/fi\/wp-json\/wp\/v2\/types\/product"}],"replies":[{"embeddable":true,"href":"https:\/\/bituumensindel24.ee\/fi\/wp-json\/wp\/v2\/comments?post=1606"}],"wp:featuredmedia":[{"embeddable":true,"href":"https:\/\/bituumensindel24.ee\/fi\/wp-json\/wp\/v2\/media\/1607"}],"wp:attachment":[{"href":"https:\/\/bituumensindel24.ee\/fi\/wp-json\/wp\/v2\/media?parent=1606"}],"wp:term":[{"taxonomy":"product_brand","embeddable":true,"href":"https:\/\/bituumensindel24.ee\/fi\/wp-json\/wp\/v2\/product_brand?post=1606"},{"taxonomy":"product_cat","embeddable":true,"href":"https:\/\/bituumensindel24.ee\/fi\/wp-json\/wp\/v2\/product_cat?post=1606"},{"taxonomy":"product_tag","embeddable":true,"href":"https:\/\/bituumensindel24.ee\/fi\/wp-json\/wp\/v2\/product_tag?post=1606"}],"curies":[{"name":"wp","href":"https:\/\/api.w.org\/{rel}","templated":true}]}}