{"id":1580,"date":"2023-08-03T09:26:21","date_gmt":"2023-08-03T06:26:21","guid":{"rendered":"https:\/\/bituumensindel24.ee\/?post_type=product&#038;p=1580"},"modified":"2023-12-27T17:56:17","modified_gmt":"2023-12-27T15:56:17","slug":"vilpe-umara-korstna-labiviik-nr-1-bituumeni-roheline","status":"publish","type":"product","link":"https:\/\/bituumensindel24.ee\/fi\/toode\/vilpe-umara-korstna-labiviik-nr-1-bituumeni-roheline\/","title":{"rendered":"Vilpe Piippu-l\u00e4pivienti No. 1 Py\u00f6re\u00e4 Huopa vihre\u00e4"},"content":{"rendered":"<p>K\u00e4ytt\u00f6kohteet: Py\u00f6reiden, metallisten, eristettyjen ulkohalkaisijaltaan 200\u2013265 mm valmispiippujen l\u00e4pivientiin huopakatteelle. Kattokaltevuus \u00d8 200 10-50\u00b0, \u00d8 265 10-40\u00b0.<br \/>\nPiippul\u00e4piviennit asennetaan vesikatteeseen VILPEn asennusohjeiden mukaan. Muut tekniset yksityiskohdat, kuten turvaet\u00e4isyys palavaan materiaaliin, tulee selvitt\u00e4\u00e4 savupiipun myyj\u00e4lt\u00e4.<br \/>\nSis\u00e4lt\u00f6: L\u00e4pivienti, kumitiiviste, kiristin ja asennusohje.<\/p>\n<p>Piippu-l\u00e4pivientien avulla py\u00f6re\u00e4t, metalliset, eristetyt valmissavupiiput voidaan asentaa katon l\u00e4pi helposti ja edullisesti. Piippu-l\u00e4pivienti no. 1 on tarkoitettu py\u00f6reiden \u00d8 200-265 mm:n piippujen l\u00e4pivientiin. Muoviseen Piippu-l\u00e4pivientilevyyn liitet\u00e4\u00e4n mukana tuleva kumitiiviste ja kiristin. VILPE Piippu-l\u00e4piviennit ovat paloteknisesti testattuja VTT:ll\u00e4 ja tuotteet on sertifioitu (VTT-C-6081-10).<\/p>","protected":false},"excerpt":{"rendered":"<p>K\u00e4ytt\u00f6kohteet: Py\u00f6reiden, metallisten, eristettyjen ulkohalkaisijaltaan 200\u2013265 mm valmispiippujen l\u00e4pivientiin huopakatteelle. Kattokaltevuus \u00d8 200 10-50\u00b0, \u00d8 265 10-40\u00b0.<\/p>\n","protected":false},"featured_media":1581,"comment_status":"closed","ping_status":"closed","template":"","meta":[],"product_brand":[],"product_cat":[470],"product_tag":[485,472,486],"class_list":{"0":"post-1580","1":"product","2":"type-product","3":"status-publish","4":"has-post-thumbnail","6":"product_cat-korstnalabiviigud","7":"product_tag-vilpe-piippu---no-1-","8":"product_tag-vilpe-piippu-lapivienti-no-1-pyorea-huopa","9":"product_tag-vilpe-umara-korstna-labiviik-nr-1-bituumeni","11":"first","12":"onbackorder","13":"sale","14":"taxable","15":"shipping-taxable","16":"purchasable","17":"product-type-simple"},"aioseo_notices":[],"_links":{"self":[{"href":"https:\/\/bituumensindel24.ee\/fi\/wp-json\/wp\/v2\/product\/1580","targetHints":{"allow":["GET"]}}],"collection":[{"href":"https:\/\/bituumensindel24.ee\/fi\/wp-json\/wp\/v2\/product"}],"about":[{"href":"https:\/\/bituumensindel24.ee\/fi\/wp-json\/wp\/v2\/types\/product"}],"replies":[{"embeddable":true,"href":"https:\/\/bituumensindel24.ee\/fi\/wp-json\/wp\/v2\/comments?post=1580"}],"wp:featuredmedia":[{"embeddable":true,"href":"https:\/\/bituumensindel24.ee\/fi\/wp-json\/wp\/v2\/media\/1581"}],"wp:attachment":[{"href":"https:\/\/bituumensindel24.ee\/fi\/wp-json\/wp\/v2\/media?parent=1580"}],"wp:term":[{"taxonomy":"product_brand","embeddable":true,"href":"https:\/\/bituumensindel24.ee\/fi\/wp-json\/wp\/v2\/product_brand?post=1580"},{"taxonomy":"product_cat","embeddable":true,"href":"https:\/\/bituumensindel24.ee\/fi\/wp-json\/wp\/v2\/product_cat?post=1580"},{"taxonomy":"product_tag","embeddable":true,"href":"https:\/\/bituumensindel24.ee\/fi\/wp-json\/wp\/v2\/product_tag?post=1580"}],"curies":[{"name":"wp","href":"https:\/\/api.w.org\/{rel}","templated":true}]}}