{"id":1569,"date":"2023-08-01T15:25:49","date_gmt":"2023-08-01T12:25:49","guid":{"rendered":"https:\/\/bituumensindel24.ee\/?post_type=product&#038;p=1569"},"modified":"2023-12-27T17:56:17","modified_gmt":"2023-12-27T15:56:17","slug":"vilpe-plokk-korstna-labiviik-bituumeni-must","status":"publish","type":"product","link":"https:\/\/bituumensindel24.ee\/fi\/toode\/vilpe-plokk-korstna-labiviik-bituumeni-must\/","title":{"rendered":"Vesikaton l\u00e4pivienti harkkopiipulle Huopa musta"},"content":{"rendered":"<p><\/p>\n<div id=\"long_desc\" class=\"product_desc_content\" data-toggler=\".hidden\" data-hidden=\"pmg7dj-hidden\">\n<p>VILPE Vesikaton l\u00e4pivienti harkkopiipulle on uusi l\u00e4pivientisarja, joka on tarkoitettu neliskulmaisten 32 x 32\u202637 x 37 cm harkkopiippujen l\u00e4pivientiin vesikaton l\u00e4pi. L\u00e4piviennin design sulautuu t\u00e4ysin kattoon, sill\u00e4 sen ilme on sama kuin markkinoiden yleisimmill\u00e4 saman valmistajan VILPE-l\u00e4pivienneill\u00e4. V\u00e4ri on valittavissa katteen mukaan kuudesta vakiovaihtoehdosta.<\/p>\n<p>Tuote soveltuu kaikille katoille: Katemateriaali voi olla konesauma- tai muotopelti, yksi- tai kaksiurainen tiili tai rulla- tai palahuopa. Tuote k\u00e4y yleisimmille kattokaltevuuksille.<\/p>\n<p>Vesikaton l\u00e4pivienti harkkopiipulle on t\u00e4ysin tiivis ja helppoa asentaa. Kaikki tarvittavat osat sis\u00e4ltyv\u00e4t pakkauksiin ja asennustapa on tuttu py\u00f6reille ter\u00e4spiipuille tarkoitetuista VILPE-piippul\u00e4pivienneist\u00e4.<\/p>\n<\/div>\n<p><\/p>","protected":false},"excerpt":{"rendered":"<p>K\u00e4ytt\u00f6kohteet: Harkkopiiput, joiden leveys on 320 \u2013370 mm ja pituus katteen pinnasta on 1106 \u2013 1721 mm. Huopakatteet. Sopii kattokaltevuuksille 11,5\u00b0-45\u00b0.<br \/>\nSis\u00e4lt\u00f6: L\u00e4pivienti, ruuvit, asennusohje.<\/p>\n","protected":false},"featured_media":1570,"comment_status":"closed","ping_status":"closed","template":"","meta":[],"product_brand":[],"product_cat":[470],"product_tag":[481,482,480],"class_list":{"0":"post-1569","1":"product","2":"type-product","3":"status-publish","4":"has-post-thumbnail","6":"product_cat-korstnalabiviigud","7":"product_tag-vesikaton-lapivienti-harkkopiipulle-huopa","8":"product_tag-vilpe-piippu-modular--","9":"product_tag-vilpe-plokk-korstna-labiviik-bituumeni-must","11":"first","12":"onbackorder","13":"sale","14":"taxable","15":"shipping-taxable","16":"purchasable","17":"product-type-simple"},"aioseo_notices":[],"_links":{"self":[{"href":"https:\/\/bituumensindel24.ee\/fi\/wp-json\/wp\/v2\/product\/1569","targetHints":{"allow":["GET"]}}],"collection":[{"href":"https:\/\/bituumensindel24.ee\/fi\/wp-json\/wp\/v2\/product"}],"about":[{"href":"https:\/\/bituumensindel24.ee\/fi\/wp-json\/wp\/v2\/types\/product"}],"replies":[{"embeddable":true,"href":"https:\/\/bituumensindel24.ee\/fi\/wp-json\/wp\/v2\/comments?post=1569"}],"wp:featuredmedia":[{"embeddable":true,"href":"https:\/\/bituumensindel24.ee\/fi\/wp-json\/wp\/v2\/media\/1570"}],"wp:attachment":[{"href":"https:\/\/bituumensindel24.ee\/fi\/wp-json\/wp\/v2\/media?parent=1569"}],"wp:term":[{"taxonomy":"product_brand","embeddable":true,"href":"https:\/\/bituumensindel24.ee\/fi\/wp-json\/wp\/v2\/product_brand?post=1569"},{"taxonomy":"product_cat","embeddable":true,"href":"https:\/\/bituumensindel24.ee\/fi\/wp-json\/wp\/v2\/product_cat?post=1569"},{"taxonomy":"product_tag","embeddable":true,"href":"https:\/\/bituumensindel24.ee\/fi\/wp-json\/wp\/v2\/product_tag?post=1569"}],"curies":[{"name":"wp","href":"https:\/\/api.w.org\/{rel}","templated":true}]}}