{"id":1566,"date":"2023-08-01T15:03:46","date_gmt":"2023-08-01T12:03:46","guid":{"rendered":"https:\/\/bituumensindel24.ee\/?post_type=product&#038;p=1566"},"modified":"2023-12-27T17:56:17","modified_gmt":"2023-12-27T15:56:17","slug":"vilpe-umara-korstna-labiviik-nr-2-bituumeni-must","status":"publish","type":"product","link":"https:\/\/bituumensindel24.ee\/fi\/toode\/vilpe-umara-korstna-labiviik-nr-2-bituumeni-must\/","title":{"rendered":"Vilpe Piippu-l\u00e4pivienti No. 2 Py\u00f6re\u00e4 Huopa musta"},"content":{"rendered":"<p><\/p>\n<div class=\"woocommerce-product-details__short-description\">\n<p>K\u00e4ytt\u00f6kohteet: Py\u00f6reiden, metallisten, eristettyjen ulkohalkaisijaltaan 270\u2013380 mm valmispiippujen l\u00e4pivientiin huopakatteelle. Kattokaltevuus \u00d8 270 10\u201360\u00b0, \u00d8 380 10\u201350\u00b0.<br \/>\nPiippul\u00e4piviennit asennetaan vesikatteeseen VILPEn asennusohjeiden mukaan. Muut tekniset yksityiskohdat, kuten turvaet\u00e4isyys palavaan materiaaliin, tulee selvitt\u00e4\u00e4 savupiipun myyj\u00e4lt\u00e4.<br \/>\nSis\u00e4lt\u00f6: L\u00e4pivienti, kumitiiviste, kiristin ja asennusohje.<\/p>\n<\/div>\n<div class=\"product_desc\">\n<div id=\"long_desc\" class=\"product_desc_content\" data-toggler=\".hidden\" data-hidden=\"fiw7q4-hidden\">\n<p>Piippu-l\u00e4pivientien avulla py\u00f6re\u00e4t, metalliset, eristetyt valmissavupiiput voidaan asentaa katon l\u00e4pi helposti ja edullisesti. Piippu-l\u00e4pivienti no. 1 on tarkoitettu py\u00f6reiden \u00d8 200-265 mm:n piippujen l\u00e4pivientiin. Piippu-l\u00e4pivienti no. 2 taas soveltuu py\u00f6reiden \u00d8 280-380 mm:n piippujen l\u00e4pivientiin. Muoviseen Piippu-l\u00e4pivientilevyyn liitet\u00e4\u00e4n mukana tuleva kumitiiviste ja kiristin. VILPE Piippu-l\u00e4piviennit ovat paloteknisesti testattuja VTT:ll\u00e4 ja tuotteet on sertifioitu (VTT-C-6081-10).<\/p>\n<\/div>\n<div id=\"read_more\" class=\"product_desc_readmore toggled\" data-toggler=\".toggled\" data-toggled=\"5wuv87-toggled\"><\/div>\n<\/div>\n<p><\/p>","protected":false},"excerpt":{"rendered":"<p>Py\u00f6reiden, metallisten, eristettyjen ulkohalkaisijaltaan 270\u2013380 mm valmispiippujen l\u00e4pivientiin huopakatteelle.<br \/>\nKattokaltevuus \u00d8 270 10\u201360\u00b0, \u00d8 380 10\u201350\u00b0<\/p>\n","protected":false},"featured_media":1567,"comment_status":"closed","ping_status":"closed","template":"","meta":[],"product_brand":[],"product_cat":[470],"product_tag":[478,479,477],"class_list":{"0":"post-1566","1":"product","2":"type-product","3":"status-publish","4":"has-post-thumbnail","6":"product_cat-korstnalabiviigud","7":"product_tag-vilpe-piippu---no-2","8":"product_tag-vilpe-piippu-lapivienti-no-2","9":"product_tag-vilpe-umara-korstna-labiviik-nr-2","11":"first","12":"onbackorder","13":"sale","14":"taxable","15":"shipping-taxable","16":"purchasable","17":"product-type-simple"},"aioseo_notices":[],"_links":{"self":[{"href":"https:\/\/bituumensindel24.ee\/fi\/wp-json\/wp\/v2\/product\/1566","targetHints":{"allow":["GET"]}}],"collection":[{"href":"https:\/\/bituumensindel24.ee\/fi\/wp-json\/wp\/v2\/product"}],"about":[{"href":"https:\/\/bituumensindel24.ee\/fi\/wp-json\/wp\/v2\/types\/product"}],"replies":[{"embeddable":true,"href":"https:\/\/bituumensindel24.ee\/fi\/wp-json\/wp\/v2\/comments?post=1566"}],"wp:featuredmedia":[{"embeddable":true,"href":"https:\/\/bituumensindel24.ee\/fi\/wp-json\/wp\/v2\/media\/1567"}],"wp:attachment":[{"href":"https:\/\/bituumensindel24.ee\/fi\/wp-json\/wp\/v2\/media?parent=1566"}],"wp:term":[{"taxonomy":"product_brand","embeddable":true,"href":"https:\/\/bituumensindel24.ee\/fi\/wp-json\/wp\/v2\/product_brand?post=1566"},{"taxonomy":"product_cat","embeddable":true,"href":"https:\/\/bituumensindel24.ee\/fi\/wp-json\/wp\/v2\/product_cat?post=1566"},{"taxonomy":"product_tag","embeddable":true,"href":"https:\/\/bituumensindel24.ee\/fi\/wp-json\/wp\/v2\/product_tag?post=1566"}],"curies":[{"name":"wp","href":"https:\/\/api.w.org\/{rel}","templated":true}]}}